{"id":7,"date":"2017-11-28T12:39:28","date_gmt":"2017-11-28T12:39:28","guid":{"rendered":"http:\/\/themes.muffingroup.com\/be\/employment\/?page_id=7"},"modified":"2025-04-04T10:06:29","modified_gmt":"2025-04-04T10:06:29","slug":"for-candidate","status":"publish","type":"page","link":"https:\/\/armz.pl\/?page_id=7","title":{"rendered":"Oferta dla przedsi\u0119biorc\u00f3w"},"content":{"rendered":"<section class=\"wpb-content-wrapper\"><p>[vc_row][vc_column][vc_column_text]<\/p>\n<h2 style=\"text-align: center;\"><strong>DORADZTWO W ZAKRESIE PROWADZENIA DZIA\u0141ALNO\u015aCI GOSPODARCZEJ<\/strong><\/h2>\n<p>[\/vc_column_text][\/vc_column][\/vc_row][vc_row][vc_column][vc_column_text]<span style=\"font-size: 12pt;\">ARMZ S.A. \u015bwiadczy us\u0142ugi informacyjno-doradcze dla przedsi\u0119biorc\u00f3w oraz os\u00f3b bezrobotnych zamierzaj\u0105cych uruchomi\u0107 w\u0142asn\u0105 dzia\u0142alno\u015b\u0107 gospodarcz\u0105, w szczeg\u00f3lno\u015bci:<\/span>[\/vc_column_text][\/vc_column][\/vc_row][vc_row][vc_column width=&#8221;1\/2&#8243;][vc_single_image image=&#8221;392&#8243; img_size=&#8221;full&#8221; alignment=&#8221;center&#8221;][\/vc_column][vc_column width=&#8221;1\/2&#8243;][vc_column_text]<\/p>\n<div class=\"q_list circle normal\">\n<ul class=\"odstep\">\n<li><span style=\"font-size: 12pt;\">informacje na temat zasad przygotowywania wniosk\u00f3w o udzielenie dotacji z dost\u0119pnych program\u00f3w,<\/span><\/li>\n<li><span style=\"font-size: 12pt;\">pomoc przy pozyskiwaniu zewn\u0119trznych \u017ar\u00f3de\u0142 finansowania, takich jak:<\/span><\/li>\n<li><span style=\"font-size: 12pt;\">dotacje z Powiatowego Urz\u0119du Pracy na podj\u0119cie dzia\u0142alno\u015bci gospodarczej przez osoby bezrobotne,<\/span><\/li>\n<li><span style=\"font-size: 12pt;\">preferencyjne po\u017cyczki (nisko oprocentowane) na rozw\u00f3j firmy, tworzenie nowych miejsc pracy, jak r\u00f3wnie\u017c dla \u201estarter\u00f3w\u201d i absolwent\u00f3w,<\/span><\/li>\n<li><span style=\"font-size: 12pt;\">dotacje z Unii Europejskiej i inne,<\/span><\/li>\n<li><span style=\"font-size: 12pt;\">opracowywanie biznes planu planowanego przedsi\u0119wzi\u0119cia,<\/span><\/li>\n<li><span style=\"font-size: 12pt;\">porady na temat administracyjno \u2013 prawnych aspekt\u00f3w prowadzonej dzia\u0142alno\u015bci gospodarczej.<\/span><\/li>\n<\/ul>\n<\/div>\n<p>[\/vc_column_text][\/vc_column][\/vc_row][vc_row][vc_column width=&#8221;2\/3&#8243;][vc_column_text]<\/p>\n<h3 style=\"text-align: center;\"><strong>FUNDUSZ PO\u017bYCZKOWY<\/strong><\/h3>\n<p>[\/vc_column_text][vc_column_text]<\/p>\n<ul>\n<li>Fundusz po\u017cyczkowy dla Start-up\u00f3w dzia\u0142aj\u0105cych do 24 miesi\u0119cy.<\/li>\n<li>Fundusz po\u017cyczkowy dla M\u015aP dzia\u0142aj\u0105cych powy\u017cej 24 miesi\u0119cy.<\/li>\n<li>Po\u015brednictwo w uzyskaniu preferencyjnych por\u0119cze\u0144 kredytowych w ramach Ma\u0142opolskiego Funduszu Por\u0119cze\u0144 Kredytowych Sp. z .o.\u00a0<a class=\"link\" href=\"http:\/\/www.poreczenia.pl\/\" target=\"_blank\" rel=\"noopener\">http:\/\/www.poreczenia.pl<\/a><\/li>\n<\/ul>\n<p>[\/vc_column_text][vc_btn title=&#8221;Czytaj wi\u0119cej&#8221; color=&#8221;inverse&#8221; align=&#8221;center&#8221; link=&#8221;url:https%3A%2F%2Farmz.pl%2F%3Fpage_id%3D402|title:Fundusz%20po%C5%BCyczkowy%20dla%20M%C5%9AP&#8221;][\/vc_column][vc_column width=&#8221;1\/3&#8243;][vc_single_image image=&#8221;395&#8243; img_size=&#8221;full&#8221; alignment=&#8221;center&#8221;][\/vc_column][\/vc_row][vc_row][vc_column][vc_column_text]<\/p>\n<h3 style=\"text-align: center;\"><strong>\u015aRODKI Z UNII EUROPEJSKIEJ<\/strong><\/h3>\n<p>[\/vc_column_text][\/vc_column][\/vc_row][vc_row][vc_column width=&#8221;1\/2&#8243;][vc_single_image image=&#8221;434&#8243; img_size=&#8221;full&#8221; alignment=&#8221;center&#8221;][\/vc_column][vc_column width=&#8221;1\/2&#8243;][vc_column_text]<\/p>\n<div class=\"wpb_text_column wpb_content_element \">\n<div class=\"wpb_wrapper\">\n<div id=\"szkolenia\" class=\"bold\">\u00a0Pomoc w zakresie aplikacji o dotacje z Unii Europejskiej<\/div>\n<\/div>\n<\/div>\n<div class=\"q_list circle normal\">\n<ul class=\"odstep\">\n<li>wyb\u00f3r odpowiedniego programu,<\/li>\n<li>aktualne informacje na temat termin\u00f3w sk\u0142adania wniosk\u00f3w,<\/li>\n<li>wype\u0142nianie wniosk\u00f3w,<\/li>\n<li>tworzenie biznes plan\u00f3w oraz innych za\u0142\u0105cznik\u00f3w.<\/li>\n<li>realizacja projekt\u00f3w UE.\u00a0\u00a0Zobacz nasze projekty<\/li>\n<\/ul>\n<\/div>\n<p>[\/vc_column_text][\/vc_column][\/vc_row][vc_row][vc_column][vc_column_text]<\/p>\n<h3 style=\"text-align: center;\"><strong>DZIA\u0141ALNO\u015a\u0106 PROMOCYJNA<\/strong><\/h3>\n<p>[\/vc_column_text][\/vc_column][\/vc_row][vc_row][vc_column width=&#8221;1\/2&#8243;][vc_column_text]<\/p>\n<div class=\"wpb_text_column wpb_content_element \">\n<div class=\"wpb_wrapper\">\n<div id=\"promo\" class=\"bold\">Prowadzimy dzia\u0142alno\u015b\u0107 promocyjn\u0105 polegaj\u0105c\u0105 na:<\/div>\n<\/div>\n<\/div>\n<div class=\"q_list circle normal\">\n<ul class=\"odstep\">\n<li>Organizowanie lokalnych targ\u00f3w przedsi\u0119biorczo\u015bci we wsp\u00f3\u0142pracy ze Starostwem Powiatowym w Chrzanowie, Powiatowym Urz\u0119dem Pracy i innymi instytucjami.<\/li>\n<li>Promowanie powiatu chrzanowskiego oraz organizacji wspieraj\u0105cych przedsi\u0119biorc\u00f3w w regionie.<\/li>\n<li>Dzia\u0142alno\u015b\u0107 marketingowa, przeprowadzanie bada\u0144 rynku, itp.<\/li>\n<\/ul>\n<\/div>\n<p>[\/vc_column_text][\/vc_column][vc_column width=&#8221;1\/2&#8243;][vc_single_image image=&#8221;440&#8243; img_size=&#8221;full&#8221; alignment=&#8221;center&#8221;][\/vc_column][\/vc_row]<\/p>\n<\/section>","protected":false},"excerpt":{"rendered":"<p>[vc_row][vc_column][vc_column_text] DORADZTWO W ZAKRESIE PROWADZENIA DZIA\u0141ALNO\u015aCI GOSPODARCZEJ [\/vc_column_text][\/vc_column][\/vc_row][vc_row][vc_column][vc_column_text]ARMZ S.A. \u015bwiadczy us\u0142ugi informacyjno-doradcze dla przedsi\u0119biorc\u00f3w oraz os\u00f3b<\/p>\n","protected":false},"author":2,"featured_media":0,"parent":379,"menu_order":0,"comment_status":"closed","ping_status":"closed","template":"","meta":{"footnotes":""},"class_list":["post-7","page","type-page","status-publish","hentry"],"_links":{"self":[{"href":"https:\/\/armz.pl\/index.php?rest_route=\/wp\/v2\/pages\/7","targetHints":{"allow":["GET"]}}],"collection":[{"href":"https:\/\/armz.pl\/index.php?rest_route=\/wp\/v2\/pages"}],"about":[{"href":"https:\/\/armz.pl\/index.php?rest_route=\/wp\/v2\/types\/page"}],"author":[{"embeddable":true,"href":"https:\/\/armz.pl\/index.php?rest_route=\/wp\/v2\/users\/2"}],"replies":[{"embeddable":true,"href":"https:\/\/armz.pl\/index.php?rest_route=%2Fwp%2Fv2%2Fcomments&post=7"}],"version-history":[{"count":2,"href":"https:\/\/armz.pl\/index.php?rest_route=\/wp\/v2\/pages\/7\/revisions"}],"predecessor-version":[{"id":3603,"href":"https:\/\/armz.pl\/index.php?rest_route=\/wp\/v2\/pages\/7\/revisions\/3603"}],"up":[{"embeddable":true,"href":"https:\/\/armz.pl\/index.php?rest_route=\/wp\/v2\/pages\/379"}],"wp:attachment":[{"href":"https:\/\/armz.pl\/index.php?rest_route=%2Fwp%2Fv2%2Fmedia&parent=7"}],"curies":[{"name":"wp","href":"https:\/\/api.w.org\/{rel}","templated":true}]}}