{"id":634,"date":"2021-03-02T14:26:06","date_gmt":"2021-03-02T13:26:06","guid":{"rendered":"https:\/\/armz.niemamweny.eu\/?page_id=634"},"modified":"2021-03-02T14:26:06","modified_gmt":"2021-03-02T13:26:06","slug":"projekty-zrealizowane","status":"publish","type":"page","link":"https:\/\/armz.pl\/?page_id=634","title":{"rendered":"Projekty zrealizowane"},"content":{"rendered":"<section class=\"wpb-content-wrapper\"><p>[vc_row][vc_column css=&#8221;.vc_custom_1614693548276{margin-top: 30px !important;}&#8221;]<div class=\"column_filters\"><div class=\"blog_wrapper isotope_wrapper clearfix\"><div class=\"posts_group element_classes lm_wrapper col-2 photo\"><div class=\"post-item isotope-item clearfix no-img post-2510 post type-post status-publish format-standard hentry category-projekty-zrealizowane\" style=\"\"><div class=\"date_label\">5 wrze\u015bnia, 2022<\/div><div class=\"image_frame post-photo-wrapper scale-with-grid image\"><div class=\"image_wrapper\"><\/div><\/div><div class=\"post-desc-wrapper bg- has-custom-bg\" style=\"\"><div class=\"post-desc\"><div class=\"post-head\"><div class=\"post-meta clearfix\"><div class=\"author-date\"><span class=\"date\"><i class=\"icon-clock\" aria-label=\"published\"><\/i> <span class=\"post-date updated\">5 wrze\u015bnia, 2022<\/span><\/span><\/div><\/div><div class=\"post-footer\"><div class=\"button-love\"><span class=\"love-text\">Do you like it?<\/span><\/div><div class=\"post-links\"><i class=\"icon-doc-text\" aria-hidden=\"true\"><\/i> <a href=\"https:\/\/armz.pl\/?p=2510\" class=\"post-more\">Czytaj wi\u0119cej<span class=\"screen-reader-text\"> - &#8222;Zwi\u0119kszenie integracji i aktywno\u015bci spo\u0142ecznej obywateli Ukrainy w Ma\u0142opolsce i na \u015al\u0105sku&#8221;<\/span><\/a><\/div><\/div><\/div><div class=\"post-title\"><h2 class=\"entry-title\" itemprop=\"headline\"><a href=\"https:\/\/armz.pl\/?p=2510\">&#8222;Zwi\u0119kszenie integracji i aktywno\u015bci spo\u0142ecznej obywateli Ukrainy w Ma\u0142opolsce i na \u015al\u0105sku&#8221;<\/a><\/h2><\/div><div class=\"post-excerpt\">Projekt \u201eRazem mo\u017cemy wi\u0119cej &#8211; Pierwsza Edycja Programu Aktywizacyjnego dla Cudzoziemc\u00f3w na lata 2022-2023&#8243; finansowany ze<\/div><\/div><\/div><\/div><div class=\"post-item isotope-item clearfix no-img post-2504 post type-post status-publish format-standard hentry category-projekty-zrealizowane\" style=\"\"><div class=\"date_label\">2 wrze\u015bnia, 2022<\/div><div class=\"image_frame post-photo-wrapper scale-with-grid image\"><div class=\"image_wrapper\"><\/div><\/div><div class=\"post-desc-wrapper bg- has-custom-bg\" style=\"\"><div class=\"post-desc\"><div class=\"post-head\"><div class=\"post-meta clearfix\"><div class=\"author-date\"><span class=\"date\"><i class=\"icon-clock\" aria-label=\"published\"><\/i> <span class=\"post-date updated\">2 wrze\u015bnia, 2022<\/span><\/span><\/div><\/div><div class=\"post-footer\"><div class=\"button-love\"><span class=\"love-text\">Do you like it?<\/span><\/div><div class=\"post-links\"><i class=\"icon-doc-text\" aria-hidden=\"true\"><\/i> <a href=\"https:\/\/armz.pl\/?p=2504\" class=\"post-more\">Czytaj wi\u0119cej<span class=\"screen-reader-text\"> - &#8222;Zwi\u0119kszenie integracji i poziomu aktywizacji zawodowej obywateli Ukrainy w Ma\u0142opolsce oraz na \u015al\u0105sku&#8221;<\/span><\/a><\/div><\/div><\/div><div class=\"post-title\"><h2 class=\"entry-title\" itemprop=\"headline\"><a href=\"https:\/\/armz.pl\/?p=2504\">&#8222;Zwi\u0119kszenie integracji i poziomu aktywizacji zawodowej obywateli Ukrainy w Ma\u0142opolsce oraz na \u015al\u0105sku&#8221;<\/a><\/h2><\/div><div class=\"post-excerpt\">Oferty Pracy &#8211; \u041f\u0440\u043e\u043f\u043e\u0437\u0438\u0446\u0456\u0457 \u0440\u043e\u0431\u043e\u0442\u0438 | Wsparcie finansowe na za\u0142o\u017cenie dzia\u0142alno\u015bci gospodarczej Rekrutacja prowadzona w trybie<\/div><\/div><\/div><\/div><div class=\"post-item isotope-item clearfix no-img post-1402 post type-post status-publish format-standard hentry category-projekty-zrealizowane\" style=\"\"><div class=\"date_label\">17 maja, 2021<\/div><div class=\"image_frame post-photo-wrapper scale-with-grid image\"><div class=\"image_wrapper\"><\/div><\/div><div class=\"post-desc-wrapper bg- has-custom-bg\" style=\"\"><div class=\"post-desc\"><div class=\"post-head\"><div class=\"post-meta clearfix\"><div class=\"author-date\"><span class=\"date\"><i class=\"icon-clock\" aria-label=\"published\"><\/i> <span class=\"post-date updated\">17 maja, 2021<\/span><\/span><\/div><\/div><div class=\"post-footer\"><div class=\"button-love\"><span class=\"love-text\">Do you like it?<\/span><\/div><div class=\"post-links\"><i class=\"icon-doc-text\" aria-hidden=\"true\"><\/i> <a href=\"https:\/\/armz.pl\/?p=1402\" class=\"post-more\">Czytaj wi\u0119cej<span class=\"screen-reader-text\"> - Nowy Start III<\/span><\/a><\/div><\/div><\/div><div class=\"post-title\"><h2 class=\"entry-title\" itemprop=\"headline\"><a href=\"https:\/\/armz.pl\/?p=1402\">Nowy Start III<\/a><\/h2><\/div><div class=\"post-excerpt\">Dokumenty rekrutacyjne\u00a0 |\u00a0\u00a0Dotacje\u00a0 | Wsparcie pomostowe | Sta\u017ce\u00a0 \u00a0|\u00a0 \u00a0Kursy\u00a0 \u00a0|\u00a0 \u00a0Wyniki nabor\u00f3w\u00a0 &nbsp; &nbsp; Projekt\u00a0,,Nowy<\/div><\/div><\/div><\/div><div class=\"post-item isotope-item clearfix no-img post-941 post type-post status-publish format-standard hentry category-projekty-zrealizowane\" style=\"\"><div class=\"date_label\">5 marca, 2021<\/div><div class=\"image_frame post-photo-wrapper scale-with-grid image\"><div class=\"image_wrapper\"><\/div><\/div><div class=\"post-desc-wrapper bg- has-custom-bg\" style=\"\"><div class=\"post-desc\"><div class=\"post-head\"><div class=\"post-meta clearfix\"><div class=\"author-date\"><span class=\"date\"><i class=\"icon-clock\" aria-label=\"published\"><\/i> <span class=\"post-date updated\">5 marca, 2021<\/span><\/span><\/div><\/div><div class=\"post-footer\"><div class=\"button-love\"><span class=\"love-text\">Do you like it?<\/span><\/div><div class=\"post-links\"><i class=\"icon-doc-text\" aria-hidden=\"true\"><\/i> <a href=\"https:\/\/armz.pl\/?p=941\" class=\"post-more\">Czytaj wi\u0119cej<span class=\"screen-reader-text\"> - MAK \u2013 Ma\u0142opolskie Aktywne Kobiety<\/span><\/a><\/div><\/div><\/div><div class=\"post-title\"><h2 class=\"entry-title\" itemprop=\"headline\"><a href=\"https:\/\/armz.pl\/?p=941\">MAK \u2013 Ma\u0142opolskie Aktywne Kobiety<\/a><\/h2><\/div><div class=\"post-excerpt\">Cel projektu: Celem g\u0142\u00f3wnym projektu jest aktywizacja zawodowa Pa\u0144 pozostaj\u0105cych bez pracy poprzez zdobycie wiedzy oraz<\/div><\/div><\/div><\/div><div class=\"post-item isotope-item clearfix no-img post-937 post type-post status-publish format-standard hentry category-projekty-zrealizowane\" style=\"\"><div class=\"date_label\">5 marca, 2021<\/div><div class=\"image_frame post-photo-wrapper scale-with-grid image\"><div class=\"image_wrapper\"><\/div><\/div><div class=\"post-desc-wrapper bg- has-custom-bg\" style=\"\"><div class=\"post-desc\"><div class=\"post-head\"><div class=\"post-meta clearfix\"><div class=\"author-date\"><span class=\"date\"><i class=\"icon-clock\" aria-label=\"published\"><\/i> <span class=\"post-date updated\">5 marca, 2021<\/span><\/span><\/div><\/div><div class=\"post-footer\"><div class=\"button-love\"><span class=\"love-text\">Do you like it?<\/span><\/div><div class=\"post-links\"><i class=\"icon-doc-text\" aria-hidden=\"true\"><\/i> <a href=\"https:\/\/armz.pl\/?p=937\" class=\"post-more\">Czytaj wi\u0119cej<span class=\"screen-reader-text\"> - Czas na biznes<\/span><\/a><\/div><\/div><\/div><div class=\"post-title\"><h2 class=\"entry-title\" itemprop=\"headline\"><a href=\"https:\/\/armz.pl\/?p=937\">Czas na biznes<\/a><\/h2><\/div><div class=\"post-excerpt\">Projekt realizowany w ramach 8 Osi Priorytetowej Rynek pracy Regionalnego Programu Operacyjnego Wojew\u00f3dztwa Ma\u0142opolskiego 2014-2020, Dzia\u0142anie<\/div><\/div><\/div><\/div><div class=\"post-item isotope-item clearfix no-img post-746 post type-post status-publish format-standard hentry category-projekty-zrealizowane\" style=\"\"><div class=\"date_label\">3 marca, 2021<\/div><div class=\"image_frame post-photo-wrapper scale-with-grid image\"><div class=\"image_wrapper\"><\/div><\/div><div class=\"post-desc-wrapper bg- has-custom-bg\" style=\"\"><div class=\"post-desc\"><div class=\"post-head\"><div class=\"post-meta clearfix\"><div class=\"author-date\"><span class=\"date\"><i class=\"icon-clock\" aria-label=\"published\"><\/i> <span class=\"post-date updated\">3 marca, 2021<\/span><\/span><\/div><\/div><div class=\"post-footer\"><div class=\"button-love\"><span class=\"love-text\">Do you like it?<\/span><\/div><div class=\"post-links\"><i class=\"icon-doc-text\" aria-hidden=\"true\"><\/i> <a href=\"https:\/\/armz.pl\/?p=746\" class=\"post-more\">Czytaj wi\u0119cej<span class=\"screen-reader-text\"> - Przedsi\u0119biorca z PO WEREM!<\/span><\/a><\/div><\/div><\/div><div class=\"post-title\"><h2 class=\"entry-title\" itemprop=\"headline\"><a href=\"https:\/\/armz.pl\/?p=746\">Przedsi\u0119biorca z PO WEREM!<\/a><\/h2><\/div><div class=\"post-excerpt\">Dokumenty rekrutacyjne | Dokumenty dotacyjne | Wsparcie pomostowe | Rekrutacja &#8211; I nab\u00f3r wniosk\u00f3w Rekrutacja &#8211;<\/div><\/div><\/div><\/div><div class=\"post-item isotope-item clearfix no-img post-731 post type-post status-publish format-standard hentry category-projekty-zrealizowane\" style=\"\"><div class=\"date_label\">3 marca, 2021<\/div><div class=\"image_frame post-photo-wrapper scale-with-grid image\"><div class=\"image_wrapper\"><\/div><\/div><div class=\"post-desc-wrapper bg- has-custom-bg\" style=\"\"><div class=\"post-desc\"><div class=\"post-head\"><div class=\"post-meta clearfix\"><div class=\"author-date\"><span class=\"date\"><i class=\"icon-clock\" aria-label=\"published\"><\/i> <span class=\"post-date updated\">3 marca, 2021<\/span><\/span><\/div><\/div><div class=\"post-footer\"><div class=\"button-love\"><span class=\"love-text\">Do you like it?<\/span><\/div><div class=\"post-links\"><i class=\"icon-doc-text\" aria-hidden=\"true\"><\/i> <a href=\"https:\/\/armz.pl\/?p=731\" class=\"post-more\">Czytaj wi\u0119cej<span class=\"screen-reader-text\"> - AS \u2013 Aktywni i Samodzielni<\/span><\/a><\/div><\/div><\/div><div class=\"post-title\"><h2 class=\"entry-title\" itemprop=\"headline\"><a href=\"https:\/\/armz.pl\/?p=731\">AS \u2013 Aktywni i Samodzielni<\/a><\/h2><\/div><div class=\"post-excerpt\">Rekrutacja | Materia\u0142y do pobrania | Kontakt\u00a0 Typ projektu: przewidziany w SZOOP RPO WM Kompleksowe programy<\/div><\/div><\/div><\/div><div class=\"post-item isotope-item clearfix no-img post-703 post type-post status-publish format-standard hentry category-projekty-zrealizowane\" style=\"\"><div class=\"date_label\">3 marca, 2021<\/div><div class=\"image_frame post-photo-wrapper scale-with-grid image\"><div class=\"image_wrapper\"><\/div><\/div><div class=\"post-desc-wrapper bg- has-custom-bg\" style=\"\"><div class=\"post-desc\"><div class=\"post-head\"><div class=\"post-meta clearfix\"><div class=\"author-date\"><span class=\"date\"><i class=\"icon-clock\" aria-label=\"published\"><\/i> <span class=\"post-date updated\">3 marca, 2021<\/span><\/span><\/div><\/div><div class=\"post-footer\"><div class=\"button-love\"><span class=\"love-text\">Do you like it?<\/span><\/div><div class=\"post-links\"><i class=\"icon-doc-text\" aria-hidden=\"true\"><\/i> <a href=\"https:\/\/armz.pl\/?p=703\" class=\"post-more\">Czytaj wi\u0119cej<span class=\"screen-reader-text\"> - MOWES II \u2013 Ma\u0142opolski O\u015brodek Ekonomii Spo\u0142ecznej<\/span><\/a><\/div><\/div><\/div><div class=\"post-title\"><h2 class=\"entry-title\" itemprop=\"headline\"><a href=\"https:\/\/armz.pl\/?p=703\">MOWES II \u2013 Ma\u0142opolski O\u015brodek Ekonomii Spo\u0142ecznej<\/a><\/h2><\/div><div class=\"post-excerpt\">Ma\u0142opolski O\u015brodek Wsparcia Ekonomii Spo\u0142ecznej\u00a0prowadzony jest przez partnerstwo sze\u015bciu instytucji\u00a0(Sp\u00f3\u0142dzielnia OPOKA, ARMZ S.A., FGAP, FDRL MISTIA,<\/div><\/div><\/div><\/div><div class=\"post-item isotope-item clearfix no-img post-674 post type-post status-publish format-standard hentry category-projekty-zrealizowane\" style=\"\"><div class=\"date_label\">2 marca, 2021<\/div><div class=\"image_frame post-photo-wrapper scale-with-grid image\"><div class=\"image_wrapper\"><\/div><\/div><div class=\"post-desc-wrapper bg- has-custom-bg\" style=\"\"><div class=\"post-desc\"><div class=\"post-head\"><div class=\"post-meta clearfix\"><div class=\"author-date\"><span class=\"date\"><i class=\"icon-clock\" aria-label=\"published\"><\/i> <span class=\"post-date updated\">2 marca, 2021<\/span><\/span><\/div><\/div><div class=\"post-footer\"><div class=\"button-love\"><span class=\"love-text\">Do you like it?<\/span><\/div><div class=\"post-links\"><i class=\"icon-doc-text\" aria-hidden=\"true\"><\/i> <a href=\"https:\/\/armz.pl\/?p=674\" class=\"post-more\">Czytaj wi\u0119cej<span class=\"screen-reader-text\"> - Ma\u0142opolski Inkubator Ekonomii Spo\u0142ecznej<\/span><\/a><\/div><\/div><\/div><div class=\"post-title\"><h2 class=\"entry-title\" itemprop=\"headline\"><a href=\"https:\/\/armz.pl\/?p=674\">Ma\u0142opolski Inkubator Ekonomii Spo\u0142ecznej<\/a><\/h2><\/div><div class=\"post-excerpt\">O projekcie: Towarzystwo O\u015bwiatowe Ziemi Chrzanowskiej w Chrzanowie w partnerstwie z Agencj\u0105 rozwoju Ma\u0142opolski Zachodniej S.A.<\/div><\/div><\/div><\/div><div class=\"post-item isotope-item clearfix no-img post-672 post type-post status-publish format-standard hentry category-projekty-zrealizowane\" style=\"\"><div class=\"date_label\">2 marca, 2021<\/div><div class=\"image_frame post-photo-wrapper scale-with-grid image\"><div class=\"image_wrapper\"><\/div><\/div><div class=\"post-desc-wrapper bg- has-custom-bg\" style=\"\"><div class=\"post-desc\"><div class=\"post-head\"><div class=\"post-meta clearfix\"><div class=\"author-date\"><span class=\"date\"><i class=\"icon-clock\" aria-label=\"published\"><\/i> <span class=\"post-date updated\">2 marca, 2021<\/span><\/span><\/div><\/div><div class=\"post-footer\"><div class=\"button-love\"><span class=\"love-text\">Do you like it?<\/span><\/div><div class=\"post-links\"><i class=\"icon-doc-text\" aria-hidden=\"true\"><\/i> <a href=\"https:\/\/armz.pl\/?p=672\" class=\"post-more\">Czytaj wi\u0119cej<span class=\"screen-reader-text\"> - Gotowi do dzia\u0142ania<\/span><\/a><\/div><\/div><\/div><div class=\"post-title\"><h2 class=\"entry-title\" itemprop=\"headline\"><a href=\"https:\/\/armz.pl\/?p=672\">Gotowi do dzia\u0142ania<\/a><\/h2><\/div><div class=\"post-excerpt\">Towarzystwo O\u015bwiatowe Ziemi Chrzanowskiej w Chrzanowie w partnerstwie z Agencj\u0105 rozwoju Ma\u0142opolski Zachodniej S.A. jest realizatorem<\/div><\/div><\/div><\/div><\/div><div class=\"column one pager_wrapper\"><div class=\"pager\"><div class=\"pages\"><a href=\"https:\/\/armz.pl\/index.php?rest_route=%2Fwp%2Fv2%2Fpages%2F634\" class=\"page active\">1<\/a><a href=\"https:\/\/armz.pl\/index.php?rest_route=%2Fwp%2Fv2%2Fpages%2F634&#038;paged=2\" class=\"page\">2<\/a><\/div><a class=\"next_page\" href=\"https:\/\/armz.pl\/index.php?rest_route=%2Fwp%2Fv2%2Fpages%2F634&#038;paged=2\">Next page<i class=\"icon-right-open\" aria-hidden=\"true\"><\/i><\/a><\/div><\/div>\n<\/div>\n<\/div>\n[\/vc_column][\/vc_row]<\/p>\n<\/section>","protected":false},"excerpt":{"rendered":"<p>[vc_row][vc_column css=&#8221;.vc_custom_1614693548276{margin-top: 30px !important;}&#8221;][\/vc_column][\/vc_row]<\/p>\n","protected":false},"author":2,"featured_media":0,"parent":626,"menu_order":0,"comment_status":"closed","ping_status":"closed","template":"","meta":{"footnotes":""},"class_list":["post-634","page","type-page","status-publish","hentry"],"_links":{"self":[{"href":"https:\/\/armz.pl\/index.php?rest_route=\/wp\/v2\/pages\/634","targetHints":{"allow":["GET"]}}],"collection":[{"href":"https:\/\/armz.pl\/index.php?rest_route=\/wp\/v2\/pages"}],"about":[{"href":"https:\/\/armz.pl\/index.php?rest_route=\/wp\/v2\/types\/page"}],"author":[{"embeddable":true,"href":"https:\/\/armz.pl\/index.php?rest_route=\/wp\/v2\/users\/2"}],"replies":[{"embeddable":true,"href":"https:\/\/armz.pl\/index.php?rest_route=%2Fwp%2Fv2%2Fcomments&post=634"}],"version-history":[{"count":0,"href":"https:\/\/armz.pl\/index.php?rest_route=\/wp\/v2\/pages\/634\/revisions"}],"up":[{"embeddable":true,"href":"https:\/\/armz.pl\/index.php?rest_route=\/wp\/v2\/pages\/626"}],"wp:attachment":[{"href":"https:\/\/armz.pl\/index.php?rest_route=%2Fwp%2Fv2%2Fmedia&parent=634"}],"curies":[{"name":"wp","href":"https:\/\/api.w.org\/{rel}","templated":true}]}}