{"id":628,"date":"2021-03-02T14:24:30","date_gmt":"2021-03-02T13:24:30","guid":{"rendered":"https:\/\/armz.niemamweny.eu\/?page_id=628"},"modified":"2021-04-26T09:45:52","modified_gmt":"2021-04-26T09:45:52","slug":"projekty-obecnie-realizowane","status":"publish","type":"page","link":"https:\/\/armz.pl\/?page_id=628","title":{"rendered":"Projekty obecnie realizowane"},"content":{"rendered":"<section class=\"wpb-content-wrapper\"><p>[vc_row][vc_column css=&#8221;.vc_custom_1614691790858{margin-top: 30px !important;}&#8221;]<div class=\"column_filters\"><div class=\"blog_wrapper isotope_wrapper clearfix\"><div class=\"posts_group element_classes lm_wrapper col-2 photo\"><div class=\"post-item isotope-item clearfix no-img post-3775 post type-post status-publish format-standard hentry category-projekty-obecnie-realizowane\" style=\"\"><div class=\"date_label\">22 grudnia, 2025<\/div><div class=\"image_frame post-photo-wrapper scale-with-grid image\"><div class=\"image_wrapper\"><\/div><\/div><div class=\"post-desc-wrapper bg- has-custom-bg\" style=\"\"><div class=\"post-desc\"><div class=\"post-head\"><div class=\"post-meta clearfix\"><div class=\"author-date\"><span class=\"date\"><i class=\"icon-clock\" aria-label=\"published\"><\/i> <span class=\"post-date updated\">22 grudnia, 2025<\/span><\/span><\/div><\/div><div class=\"post-footer\"><div class=\"button-love\"><span class=\"love-text\">Do you like it?<\/span><\/div><div class=\"post-links\"><i class=\"icon-doc-text\" aria-hidden=\"true\"><\/i> <a href=\"https:\/\/armz.pl\/?p=3775\" class=\"post-more\">Czytaj wi\u0119cej<span class=\"screen-reader-text\"> - Kierunek: Eksport i Inwestycje \u2013 Ma\u0142opolska<\/span><\/a><\/div><\/div><\/div><div class=\"post-title\"><h2 class=\"entry-title\" itemprop=\"headline\"><a href=\"https:\/\/armz.pl\/?p=3775\">Kierunek: Eksport i Inwestycje \u2013 Ma\u0142opolska<\/a><\/h2><\/div><div class=\"post-excerpt\">Dokumenty rekrutacyjne Opis projektu Projekt \u201eKierunek: Eksport i Inwestycje \u2013 Ma\u0142opolska\u201d jest realizowany w ramach programu<\/div><\/div><\/div><\/div><div class=\"post-item isotope-item clearfix no-img post-3769 post type-post status-publish format-standard hentry category-projekty-obecnie-realizowane\" style=\"\"><div class=\"date_label\">22 grudnia, 2025<\/div><div class=\"image_frame post-photo-wrapper scale-with-grid image\"><div class=\"image_wrapper\"><\/div><\/div><div class=\"post-desc-wrapper bg- has-custom-bg\" style=\"\"><div class=\"post-desc\"><div class=\"post-head\"><div class=\"post-meta clearfix\"><div class=\"author-date\"><span class=\"date\"><i class=\"icon-clock\" aria-label=\"published\"><\/i> <span class=\"post-date updated\">22 grudnia, 2025<\/span><\/span><\/div><\/div><div class=\"post-footer\"><div class=\"button-love\"><span class=\"love-text\">Do you like it?<\/span><\/div><div class=\"post-links\"><i class=\"icon-doc-text\" aria-hidden=\"true\"><\/i> <a href=\"https:\/\/armz.pl\/?p=3769\" class=\"post-more\">Czytaj wi\u0119cej<span class=\"screen-reader-text\"> - GoExport Ma\u0142opolska<\/span><\/a><\/div><\/div><\/div><div class=\"post-title\"><h2 class=\"entry-title\" itemprop=\"headline\"><a href=\"https:\/\/armz.pl\/?p=3769\">GoExport Ma\u0142opolska<\/a><\/h2><\/div><div class=\"post-excerpt\">Dokumenty rekrutacyjne Opis projektu Projekt \u201eGoExport Ma\u0142opolska\u201d jest realizowany w ramach programu Fundusze Europejskie dla Ma\u0142opolski<\/div><\/div><\/div><\/div><div class=\"post-item isotope-item clearfix no-img post-3881 post type-post status-publish format-standard hentry category-projekty-obecnie-realizowane\" style=\"\"><div class=\"date_label\">27 listopada, 2025<\/div><div class=\"image_frame post-photo-wrapper scale-with-grid image\"><div class=\"image_wrapper\"><\/div><\/div><div class=\"post-desc-wrapper bg- has-custom-bg\" style=\"\"><div class=\"post-desc\"><div class=\"post-head\"><div class=\"post-meta clearfix\"><div class=\"author-date\"><span class=\"date\"><i class=\"icon-clock\" aria-label=\"published\"><\/i> <span class=\"post-date updated\">27 listopada, 2025<\/span><\/span><\/div><\/div><div class=\"post-footer\"><div class=\"button-love\"><span class=\"love-text\">Do you like it?<\/span><\/div><div class=\"post-links\"><i class=\"icon-doc-text\" aria-hidden=\"true\"><\/i> <a href=\"https:\/\/armz.pl\/?p=3881\" class=\"post-more\">Czytaj wi\u0119cej<span class=\"screen-reader-text\"> - Projekt \u201eWsparcie kszta\u0142cenia og\u00f3lnego na terenie MOF Chrzanowa\u201d<\/span><\/a><\/div><\/div><\/div><div class=\"post-title\"><h2 class=\"entry-title\" itemprop=\"headline\"><a href=\"https:\/\/armz.pl\/?p=3881\">Projekt \u201eWsparcie kszta\u0142cenia og\u00f3lnego na terenie MOF Chrzanowa\u201d<\/a><\/h2><\/div><div class=\"post-excerpt\">Projekt \u201eWsparcie kszta\u0142cenia og\u00f3lnego na terenie MOF Chrzanowa\u201d\u00a0 jest realizowany w ramach programu Fundusze Europejskie dla<\/div><\/div><\/div><\/div><div class=\"post-item isotope-item clearfix no-img post-3130 post type-post status-publish format-standard hentry category-projekty-obecnie-realizowane\" style=\"\"><div class=\"date_label\">31 pa\u017adziernika, 2025<\/div><div class=\"image_frame post-photo-wrapper scale-with-grid image\"><div class=\"image_wrapper\"><\/div><\/div><div class=\"post-desc-wrapper bg- has-custom-bg\" style=\"\"><div class=\"post-desc\"><div class=\"post-head\"><div class=\"post-meta clearfix\"><div class=\"author-date\"><span class=\"date\"><i class=\"icon-clock\" aria-label=\"published\"><\/i> <span class=\"post-date updated\">31 pa\u017adziernika, 2025<\/span><\/span><\/div><\/div><div class=\"post-footer\"><div class=\"button-love\"><span class=\"love-text\">Do you like it?<\/span><\/div><div class=\"post-links\"><i class=\"icon-doc-text\" aria-hidden=\"true\"><\/i> <a href=\"https:\/\/armz.pl\/?p=3130\" class=\"post-more\">Czytaj wi\u0119cej<span class=\"screen-reader-text\"> - Projekt &#8222;Nowa \u015bcie\u017cka sukcesu&#8221;<\/span><\/a><\/div><\/div><\/div><div class=\"post-title\"><h2 class=\"entry-title\" itemprop=\"headline\"><a href=\"https:\/\/armz.pl\/?p=3130\">Projekt &#8222;Nowa \u015bcie\u017cka sukcesu&#8221;<\/a><\/h2><\/div><div class=\"post-excerpt\">Dokumenty do poszczeg\u00f3lnych form wsparcia Wyniki nabor\u00f3w biznesplan\u00f3w Informujemy, i\u017c I nab\u00f3r biznesplan\u00f3w, dla os\u00f3b kt\u00f3re<\/div><\/div><\/div><\/div><div class=\"post-item isotope-item clearfix no-img post-2943 post type-post status-publish format-standard hentry category-projekty-obecnie-realizowane tag-funduszeeuropejskie tag-funduszeue\" style=\"\"><div class=\"date_label\">26 sierpnia, 2025<\/div><div class=\"image_frame post-photo-wrapper scale-with-grid image\"><div class=\"image_wrapper\"><\/div><\/div><div class=\"post-desc-wrapper bg- has-custom-bg\" style=\"\"><div class=\"post-desc\"><div class=\"post-head\"><div class=\"post-meta clearfix\"><div class=\"author-date\"><span class=\"date\"><i class=\"icon-clock\" aria-label=\"published\"><\/i> <span class=\"post-date updated\">26 sierpnia, 2025<\/span><\/span><\/div><\/div><div class=\"post-footer\"><div class=\"button-love\"><span class=\"love-text\">Do you like it?<\/span><\/div><div class=\"post-links\"><i class=\"icon-doc-text\" aria-hidden=\"true\"><\/i> <a href=\"https:\/\/armz.pl\/?p=2943\" class=\"post-more\">Czytaj wi\u0119cej<span class=\"screen-reader-text\"> - Projekt\u00a0\u201eLepsza perspektywa\u201d<\/span><\/a><\/div><\/div><\/div><div class=\"post-title\"><h2 class=\"entry-title\" itemprop=\"headline\"><a href=\"https:\/\/armz.pl\/?p=2943\">Projekt\u00a0\u201eLepsza perspektywa\u201d<\/a><\/h2><\/div><div class=\"post-excerpt\">Formy wsparcia i dokumenty | Nabory | Udogodnienia dla os\u00f3b z niepe\u0142nosprawno\u015bciami &nbsp; &nbsp; Informujemy, \u017ce<\/div><\/div><\/div><\/div><div class=\"post-item isotope-item clearfix no-img post-3695 post type-post status-publish format-standard hentry category-projekty-obecnie-realizowane\" style=\"\"><div class=\"date_label\">15 lipca, 2025<\/div><div class=\"image_frame post-photo-wrapper scale-with-grid image\"><div class=\"image_wrapper\"><\/div><\/div><div class=\"post-desc-wrapper bg- has-custom-bg\" style=\"\"><div class=\"post-desc\"><div class=\"post-head\"><div class=\"post-meta clearfix\"><div class=\"author-date\"><span class=\"date\"><i class=\"icon-clock\" aria-label=\"published\"><\/i> <span class=\"post-date updated\">15 lipca, 2025<\/span><\/span><\/div><\/div><div class=\"post-footer\"><div class=\"button-love\"><span class=\"love-text\">Do you like it?<\/span><\/div><div class=\"post-links\"><i class=\"icon-doc-text\" aria-hidden=\"true\"><\/i> <a href=\"https:\/\/armz.pl\/?p=3695\" class=\"post-more\">Czytaj wi\u0119cej<span class=\"screen-reader-text\"> - Projekt &#8222;Dwuj\u0119zyczne maluchy MOF Chrzanowa&#8221;<\/span><\/a><\/div><\/div><\/div><div class=\"post-title\"><h2 class=\"entry-title\" itemprop=\"headline\"><a href=\"https:\/\/armz.pl\/?p=3695\">Projekt &#8222;Dwuj\u0119zyczne maluchy MOF Chrzanowa&#8221;<\/a><\/h2><\/div><div class=\"post-excerpt\">&nbsp; Projekt\u00a0\u201eDwuj\u0119zyczne maluchy MOF Chrzanowa\u201d\u00a0 jest realizowany przez Agencj\u0119 Rozwoju Ma\u0142opolski Zachodniej S.A.\u00a0w partnerstwie z Gmin\u0105<\/div><\/div><\/div><\/div><div class=\"post-item isotope-item clearfix no-img post-3100 post type-post status-publish format-standard hentry category-projekty-obecnie-realizowane\" style=\"\"><div class=\"date_label\">18 kwietnia, 2024<\/div><div class=\"image_frame post-photo-wrapper scale-with-grid image\"><div class=\"image_wrapper\"><\/div><\/div><div class=\"post-desc-wrapper bg- has-custom-bg\" style=\"\"><div class=\"post-desc\"><div class=\"post-head\"><div class=\"post-meta clearfix\"><div class=\"author-date\"><span class=\"date\"><i class=\"icon-clock\" aria-label=\"published\"><\/i> <span class=\"post-date updated\">18 kwietnia, 2024<\/span><\/span><\/div><\/div><div class=\"post-footer\"><div class=\"button-love\"><span class=\"love-text\">Do you like it?<\/span><\/div><div class=\"post-links\"><i class=\"icon-doc-text\" aria-hidden=\"true\"><\/i> <a href=\"https:\/\/armz.pl\/?p=3100\" class=\"post-more\">Czytaj wi\u0119cej<span class=\"screen-reader-text\"> - Projekt \u201eNetBon 2\u201d<\/span><\/a><\/div><\/div><\/div><div class=\"post-title\"><h2 class=\"entry-title\" itemprop=\"headline\"><a href=\"https:\/\/armz.pl\/?p=3100\">Projekt \u201eNetBon 2\u201d<\/a><\/h2><\/div><div class=\"post-excerpt\">Projekt realizowany w ramach programu Fundusze Europejskie dla Ma\u0142opolski 2021 -2027, Priorytetu FEMP.06 Fundusze europejskie dla<\/div><\/div><\/div><\/div><div class=\"post-item isotope-item clearfix no-img post-3098 post type-post status-publish format-standard hentry category-projekty-obecnie-realizowane tag-funduszeeuropejskie tag-funduszeue\" style=\"\"><div class=\"date_label\">18 kwietnia, 2024<\/div><div class=\"image_frame post-photo-wrapper scale-with-grid image\"><div class=\"image_wrapper\"><\/div><\/div><div class=\"post-desc-wrapper bg- has-custom-bg\" style=\"\"><div class=\"post-desc\"><div class=\"post-head\"><div class=\"post-meta clearfix\"><div class=\"author-date\"><span class=\"date\"><i class=\"icon-clock\" aria-label=\"published\"><\/i> <span class=\"post-date updated\">18 kwietnia, 2024<\/span><\/span><\/div><\/div><div class=\"post-footer\"><div class=\"button-love\"><span class=\"love-text\">Do you like it?<\/span><\/div><div class=\"post-links\"><i class=\"icon-doc-text\" aria-hidden=\"true\"><\/i> <a href=\"https:\/\/armz.pl\/?p=3098\" class=\"post-more\">Czytaj wi\u0119cej<span class=\"screen-reader-text\"> - Projekt \u201eMa\u0142opolski O\u015brodek Wsparcia Ekonomii Spo\u0142ecznej \u2013 podregion krakowski\u201d<\/span><\/a><\/div><\/div><\/div><div class=\"post-title\"><h2 class=\"entry-title\" itemprop=\"headline\"><a href=\"https:\/\/armz.pl\/?p=3098\">Projekt \u201eMa\u0142opolski O\u015brodek Wsparcia Ekonomii Spo\u0142ecznej \u2013 podregion krakowski\u201d<\/a><\/h2><\/div><div class=\"post-excerpt\">Zapraszamy podmioty ekonomii spo\u0142ecznej (w tym organizacje pozarz\u0105dowe) oraz przedsi\u0119biorstwa spo\u0142eczne z obszaru podregionu krakowskiego (powiaty:<\/div><\/div><\/div><\/div><div class=\"post-item isotope-item clearfix no-img post-3096 post type-post status-publish format-standard hentry category-projekty-obecnie-realizowane tag-funduszeeuropejskie tag-funduszeue\" style=\"\"><div class=\"date_label\">18 kwietnia, 2024<\/div><div class=\"image_frame post-photo-wrapper scale-with-grid image\"><div class=\"image_wrapper\"><\/div><\/div><div class=\"post-desc-wrapper bg- has-custom-bg\" style=\"\"><div class=\"post-desc\"><div class=\"post-head\"><div class=\"post-meta clearfix\"><div class=\"author-date\"><span class=\"date\"><i class=\"icon-clock\" aria-label=\"published\"><\/i> <span class=\"post-date updated\">18 kwietnia, 2024<\/span><\/span><\/div><\/div><div class=\"post-footer\"><div class=\"button-love\"><span class=\"love-text\">Do you like it?<\/span><\/div><div class=\"post-links\"><i class=\"icon-doc-text\" aria-hidden=\"true\"><\/i> <a href=\"https:\/\/armz.pl\/?p=3096\" class=\"post-more\">Czytaj wi\u0119cej<span class=\"screen-reader-text\"> - Projekt \u201eMa\u0142opolski O\u015brodek Wsparcia Ekonomii Spo\u0142ecznej \u2013 Miasto Krak\u00f3w\u201d<\/span><\/a><\/div><\/div><\/div><div class=\"post-title\"><h2 class=\"entry-title\" itemprop=\"headline\"><a href=\"https:\/\/armz.pl\/?p=3096\">Projekt \u201eMa\u0142opolski O\u015brodek Wsparcia Ekonomii Spo\u0142ecznej \u2013 Miasto Krak\u00f3w\u201d<\/a><\/h2><\/div><div class=\"post-excerpt\">Zapraszamy podmioty ekonomii spo\u0142ecznej (w tym organizacje pozarz\u0105dowe) oraz przedsi\u0119biorstwa spo\u0142eczne z terenu miasta Krak\u00f3w do<\/div><\/div><\/div><\/div><div class=\"post-item isotope-item clearfix no-img post-3052 post type-post status-publish format-standard hentry category-projekty-obecnie-realizowane\" style=\"\"><div class=\"date_label\">25 marca, 2024<\/div><div class=\"image_frame post-photo-wrapper scale-with-grid image\"><div class=\"image_wrapper\"><\/div><\/div><div class=\"post-desc-wrapper bg- has-custom-bg\" style=\"\"><div class=\"post-desc\"><div class=\"post-head\"><div class=\"post-meta clearfix\"><div class=\"author-date\"><span class=\"date\"><i class=\"icon-clock\" aria-label=\"published\"><\/i> <span class=\"post-date updated\">25 marca, 2024<\/span><\/span><\/div><\/div><div class=\"post-footer\"><div class=\"button-love\"><span class=\"love-text\">Do you like it?<\/span><\/div><div class=\"post-links\"><i class=\"icon-doc-text\" aria-hidden=\"true\"><\/i> <a href=\"https:\/\/armz.pl\/?p=3052\" class=\"post-more\">Czytaj wi\u0119cej<span class=\"screen-reader-text\"> - Projekt &#8222;Ma\u0142opolski O\u015brodek Wsparcia Ekonomii Spo\u0142ecznej w Chrzanowie&#8221;<\/span><\/a><\/div><\/div><\/div><div class=\"post-title\"><h2 class=\"entry-title\" itemprop=\"headline\"><a href=\"https:\/\/armz.pl\/?p=3052\">Projekt &#8222;Ma\u0142opolski O\u015brodek Wsparcia Ekonomii Spo\u0142ecznej w Chrzanowie&#8221;<\/a><\/h2><\/div><div class=\"post-excerpt\">Zapraszamy podmioty ekonomii spo\u0142ecznej (w tym organizacje pozarz\u0105dowe) oraz przedsi\u0119biorstwa spo\u0142eczne z obszaru podregionu o\u015bwi\u0119cimskiego (powiaty:<\/div><\/div><\/div><\/div><\/div><div class=\"column one pager_wrapper\"><div class=\"pager\"><div class=\"pages\"><a href=\"https:\/\/armz.pl\/index.php?rest_route=%2Fwp%2Fv2%2Fpages%2F628\" class=\"page active\">1<\/a><a href=\"https:\/\/armz.pl\/index.php?rest_route=%2Fwp%2Fv2%2Fpages%2F628&#038;paged=2\" class=\"page\">2<\/a><\/div><a class=\"next_page\" href=\"https:\/\/armz.pl\/index.php?rest_route=%2Fwp%2Fv2%2Fpages%2F628&#038;paged=2\">Next page<i class=\"icon-right-open\" aria-hidden=\"true\"><\/i><\/a><\/div><\/div>\n<\/div>\n<\/div>\n[\/vc_column][\/vc_row][vc_row][vc_column][\/vc_column][\/vc_row]<\/p>\n<\/section>","protected":false},"excerpt":{"rendered":"<p>[vc_row][vc_column css=&#8221;.vc_custom_1614691790858{margin-top: 30px !important;}&#8221;][\/vc_column][\/vc_row][vc_row][vc_column][\/vc_column][\/vc_row]<\/p>\n","protected":false},"author":2,"featured_media":0,"parent":626,"menu_order":0,"comment_status":"closed","ping_status":"closed","template":"","meta":{"footnotes":""},"class_list":["post-628","page","type-page","status-publish","hentry"],"_links":{"self":[{"href":"https:\/\/armz.pl\/index.php?rest_route=\/wp\/v2\/pages\/628","targetHints":{"allow":["GET"]}}],"collection":[{"href":"https:\/\/armz.pl\/index.php?rest_route=\/wp\/v2\/pages"}],"about":[{"href":"https:\/\/armz.pl\/index.php?rest_route=\/wp\/v2\/types\/page"}],"author":[{"embeddable":true,"href":"https:\/\/armz.pl\/index.php?rest_route=\/wp\/v2\/users\/2"}],"replies":[{"embeddable":true,"href":"https:\/\/armz.pl\/index.php?rest_route=%2Fwp%2Fv2%2Fcomments&post=628"}],"version-history":[{"count":4,"href":"https:\/\/armz.pl\/index.php?rest_route=\/wp\/v2\/pages\/628\/revisions"}],"predecessor-version":[{"id":1265,"href":"https:\/\/armz.pl\/index.php?rest_route=\/wp\/v2\/pages\/628\/revisions\/1265"}],"up":[{"embeddable":true,"href":"https:\/\/armz.pl\/index.php?rest_route=\/wp\/v2\/pages\/626"}],"wp:attachment":[{"href":"https:\/\/armz.pl\/index.php?rest_route=%2Fwp%2Fv2%2Fmedia&parent=628"}],"curies":[{"name":"wp","href":"https:\/\/api.w.org\/{rel}","templated":true}]}}