{"id":566,"date":"2021-03-02T13:35:00","date_gmt":"2021-03-02T12:35:00","guid":{"rendered":"https:\/\/armz.niemamweny.eu\/?page_id=566"},"modified":"2025-04-04T10:29:53","modified_gmt":"2025-04-04T10:29:53","slug":"materialy-do-pobrania-poir","status":"publish","type":"page","link":"https:\/\/armz.pl\/?page_id=566","title":{"rendered":"Materia\u0142y do pobrania POIR"},"content":{"rendered":"<section class=\"wpb-content-wrapper\"><p>[vc_row][vc_column][vc_column_text]<\/p>\n<h1 style=\"text-align: center;\"><span style=\"font-size: 18pt;\"><strong>Formularze do wype\u0142nienia<\/strong><\/span><\/h1>\n<p>[\/vc_column_text][vc_column_text]<\/p>\n<ul>\n<li><span style=\"font-size: 12pt;\"><a href=\"https:\/\/armz.pl\/wp-content\/uploads\/2021\/03\/Zalacznik-nr-4-do-Regulaminu_Formularz-Wniosku-Pozyczkowego.docx\">Za\u0142\u0105cznik nr 4 do Regulaminu &#8211; Formularz Wniosku Po\u017cyczkowego<\/a><\/span><\/li>\n<li><span style=\"font-size: 12pt;\"><a href=\"https:\/\/armz.pl\/wp-content\/uploads\/2021\/03\/Zalacznik-nr-5-do-Regulaminu_Formularz_informacji_o_pomocy_COVID_do-edycji-1.xlsx\">Za\u0142\u0105cznik nr 5 do Regulaminu &#8211; Formularz informacji o pomocy COVID &#8211; do edycji<\/a><\/span><\/li>\n<li><span style=\"font-size: 12pt;\"><a href=\"https:\/\/armz.pl\/wp-content\/uploads\/2021\/03\/Zalacznik-nr-6-do-Regulaminu_Oswiadczenie-o-splenieniu-kryteriow-MSP.docx\">Za\u0142\u0105cznik nr 6 do Regulaminu &#8211; O\u015bwiadczenie o sp\u0142enieniu kryteri\u00f3w M\u015aP<\/a><\/span><\/li>\n<li><span style=\"font-size: 12pt;\"><a href=\"https:\/\/armz.pl\/wp-content\/uploads\/2021\/03\/Zalacznik-nr-7-do-Regulaminu_BIG.docx\">Za\u0142\u0105cznik nr 7 do Regulaminu &#8211; BIG<\/a><\/span><\/li>\n<li><span style=\"font-size: 12pt;\"><a href=\"https:\/\/armz.pl\/wp-content\/uploads\/2021\/03\/Zalacznik-nr-8-do-Regulaminu_Kwestionariusz-osobisty-wnioskodawcy-i-wspolmalzonka.docx\">Za\u0142\u0105cznik nr 8 do Regulaminu &#8211; Kwestionariusz osobisty wnioskodawcy i wsp\u00f3\u0142ma\u0142\u017conka<\/a><\/span><\/li>\n<li><span style=\"font-size: 12pt;\"><a href=\"https:\/\/armz.pl\/wp-content\/uploads\/2021\/03\/Zalacznk-nr-9-do-Regulaminu_Oswiadczenie-o-przetwarzaniu-danych-osobowych-WZOR.docx\">Za\u0142\u0105cznik nr 9 do Regulaminu &#8211; O\u015bwiadczenie o przetwarzaniu danych osobowych &#8211; WZ\u00d3R<\/a><\/span><\/li>\n<li><span style=\"font-size: 12pt;\"><a href=\"https:\/\/armz.pl\/wp-content\/uploads\/2021\/03\/Zalacznik-nr-10-do-Regulaminu_Oswiadczenie-o-niezaleganiu-na-dzien-31.12.2019.docx\">Za\u0142\u0105cznik nr 10 do Regulaminu &#8211; O\u015bwiadczenie o niezaleganiu na dzie\u0144 31.12.2019<\/a><\/span><\/li>\n<li><span style=\"font-size: 12pt;\"><a href=\"https:\/\/armz.pl\/wp-content\/uploads\/2021\/03\/Zalacznik-nr-11-do-Regulaminu_Oswiadczenie-o-niezaleganiu-na-dzien-skladania.docx\">Za\u0142\u0105cznik nr 11 do Regulaminu &#8211; O\u015bwiadczenie o niezaleganiu na dzie\u0144 sk\u0142adania<\/a><\/span><\/li>\n<li><span style=\"font-size: 12pt;\"><a href=\"https:\/\/armz.pl\/wp-content\/uploads\/2021\/03\/Zalacznik-nr-12-do-Regulaminu_Wzor-arkusza-finansowego.docx\">Za\u0142\u0105cznik nr 12 do Regulaminu &#8211; Wz\u00f3r arkusza finansowego<\/a><\/span><\/li>\n<li><span style=\"font-size: 12pt;\"><a href=\"https:\/\/armz.pl\/wp-content\/uploads\/2021\/03\/Zalacznik-nr-13-do-Regulaminu_Oswiadczenie-o-prawdziwosci-przedstawionych-danych.docx\">Za\u0142\u0105cznik nr 13 do Regulaminu &#8211; O\u015bwiadczenie o prawdziwo\u015bci przedstawionych danych<\/a><\/span><\/li>\n<li><span style=\"font-size: 12pt;\"><a href=\"https:\/\/armz.pl\/wp-content\/uploads\/2021\/03\/Zalacznik-nr-18-do-Regulaminu_Oswiadczenie-poreczyciela-i-wspolmalzonka.docx\">Za\u0142\u0105cznik nr 18 do Regulaminu &#8211; O\u015bwiadczenie por\u0119czyciela i wsp\u00f3\u0142ma\u0142\u017conka<\/a><\/span><\/li>\n<li><span style=\"font-size: 12pt;\"><a href=\"https:\/\/armz.pl\/wp-content\/uploads\/2021\/03\/Zalacznik-nr-19-do-Regulaminu_Zapotrzebowanie-na-plynnosc.docx\">Za\u0142\u0105cznik nr 19 do Regulaminu &#8211; Zapotrzebowanie na p\u0142ynno\u015b\u0107 &#8211; WORD<\/a><\/span><\/li>\n<li><span style=\"font-size: 12pt;\"><a href=\"https:\/\/armz.pl\/wp-content\/uploads\/2021\/03\/Zalacznik-nr-19-do-Regulaminu_Zapotrzebowanie_na_plynnosc.xlsx\">Za\u0142\u0105cznik nr 19 do Regulaminu &#8211; Zapotrzebowanie na p\u0142ynno\u015b\u0107 &#8211; EXCEL<\/a><\/span><\/li>\n<\/ul>\n<p>[\/vc_column_text][\/vc_column][\/vc_row][vc_row][vc_column][vc_column_text]<\/p>\n<h2 style=\"text-align: center;\"><strong>Regulaminy<\/strong><\/h2>\n<p>[\/vc_column_text][\/vc_column][\/vc_row][vc_row][vc_column][vc_column_text]<\/p>\n<ul>\n<li><span style=\"font-size: 12pt;\"><a href=\"https:\/\/armz.pl\/wp-content\/uploads\/2021\/04\/00.-Regulamin-Funduszu_Aneks-2_15.03.2021.docx\">Regulamin Funduszu<\/a><\/span><\/li>\n<li><span style=\"font-size: 12pt;\"><a href=\"https:\/\/armz.pl\/wp-content\/uploads\/2021\/04\/01.-Zalacznik-nr-1-do-Regulaminu_Metryka-Instrumentu_Aneks-2.docx\">Za\u0142\u0105cznik nr 1 do Regulaminu &#8211; Metryka Instrumentu<\/a><\/span><\/li>\n<li><span style=\"font-size: 12pt;\"><a href=\"https:\/\/armz.pl\/wp-content\/uploads\/2021\/03\/Zalacznik-nr-2-do-Regulaminu_Karta-Produktu.docx\">Za\u0142\u0105cznik nr 2 do Regulaminu &#8211; Karta Produktu<\/a><\/span><\/li>\n<li><span style=\"font-size: 12pt;\"><a href=\"https:\/\/armz.pl\/wp-content\/uploads\/2021\/03\/Zalacznik-nr-3-do-Regulaminu_Zasady-przeprowadzania-kontroli-u-OO.docx\">Za\u0142\u0105cznik nr 3 do Regulaminu &#8211; Zasady przeprowadzania kontroli u OO<\/a><\/span><\/li>\n<li><span style=\"font-size: 12pt;\"><a href=\"https:\/\/armz.pl\/wp-content\/uploads\/2021\/03\/Zalacznik-nr-14-do-Regulaminu_Umowa-Inwestycyjna.docx\">Za\u0142\u0105cznik nr 14 do Regulaminu &#8211; Umowa Inwestycyjna<\/a><\/span><\/li>\n<li><span style=\"font-size: 12pt;\"><a href=\"https:\/\/armz.pl\/wp-content\/uploads\/2021\/03\/Zalacznik-nr-15-do-Regulaminu_Dyspozycja-wyplaty.docx\">Za\u0142\u0105cznik nr 15 do Regulaminu &#8211; Dyspozycja wyp\u0142aty<\/a><\/span><\/li>\n<li><span style=\"font-size: 12pt;\"><a href=\"https:\/\/armz.pl\/wp-content\/uploads\/2021\/03\/Zalacznik-nr-16-do-Regulaminu_Zestawienie-wydatkow.docx\">Za\u0142\u0105cznik nr 16 do Regulaminu &#8211; Zestawienie wydatk\u00f3w<\/a><\/span><\/li>\n<li><span style=\"font-size: 12pt;\"><a href=\"https:\/\/armz.pl\/wp-content\/uploads\/2021\/03\/Zalacznik-nr-17-do-Regulaminu_Procedura-windykacyjna.docx\">Za\u0142\u0105cznik nr 17 do Regulaminu &#8211; Procedura windykacyjna<\/a><\/span><\/li>\n<li><span style=\"font-size: 12pt;\"><a href=\"https:\/\/armz.pl\/wp-content\/uploads\/2021\/03\/OSWIADCZENIE-o-korzystaniu-z-pozyczki-POIR.docx\">O\u015aWIADCZENIE o korzystaniu z po\u017cyczki POIR<\/a><\/span><\/li>\n<\/ul>\n<p>[\/vc_column_text][\/vc_column][\/vc_row][vc_row][vc_column][vc_column_text]<\/p>\n<ul>\n<li><span style=\"font-size: 12pt;\"><a href=\"https:\/\/armz.pl\/wp-content\/uploads\/2021\/03\/Wzor-upowaznienia_Firma_ARMZ.docx\">Wz\u00f3r upowa\u017cnienia<\/a><\/span><\/li>\n<\/ul>\n<p>[\/vc_column_text][\/vc_column][\/vc_row]<\/p>\n<\/section>","protected":false},"excerpt":{"rendered":"<p>[vc_row][vc_column][vc_column_text] Formularze do wype\u0142nienia [\/vc_column_text][vc_column_text] Za\u0142\u0105cznik nr 4 do Regulaminu &#8211; Formularz Wniosku Po\u017cyczkowego Za\u0142\u0105cznik nr<\/p>\n","protected":false},"author":2,"featured_media":0,"parent":559,"menu_order":0,"comment_status":"closed","ping_status":"closed","template":"","meta":{"footnotes":""},"class_list":["post-566","page","type-page","status-publish","hentry"],"_links":{"self":[{"href":"https:\/\/armz.pl\/index.php?rest_route=\/wp\/v2\/pages\/566","targetHints":{"allow":["GET"]}}],"collection":[{"href":"https:\/\/armz.pl\/index.php?rest_route=\/wp\/v2\/pages"}],"about":[{"href":"https:\/\/armz.pl\/index.php?rest_route=\/wp\/v2\/types\/page"}],"author":[{"embeddable":true,"href":"https:\/\/armz.pl\/index.php?rest_route=\/wp\/v2\/users\/2"}],"replies":[{"embeddable":true,"href":"https:\/\/armz.pl\/index.php?rest_route=%2Fwp%2Fv2%2Fcomments&post=566"}],"version-history":[{"count":7,"href":"https:\/\/armz.pl\/index.php?rest_route=\/wp\/v2\/pages\/566\/revisions"}],"predecessor-version":[{"id":3625,"href":"https:\/\/armz.pl\/index.php?rest_route=\/wp\/v2\/pages\/566\/revisions\/3625"}],"up":[{"embeddable":true,"href":"https:\/\/armz.pl\/index.php?rest_route=\/wp\/v2\/pages\/559"}],"wp:attachment":[{"href":"https:\/\/armz.pl\/index.php?rest_route=%2Fwp%2Fv2%2Fmedia&parent=566"}],"curies":[{"name":"wp","href":"https:\/\/api.w.org\/{rel}","templated":true}]}}