{"id":559,"date":"2021-03-02T13:10:54","date_gmt":"2021-03-02T12:10:54","guid":{"rendered":"https:\/\/armz.niemamweny.eu\/?page_id=559"},"modified":"2025-04-04T09:44:32","modified_gmt":"2025-04-04T09:44:32","slug":"pozyczka-plynnosciowa-poir","status":"publish","type":"page","link":"https:\/\/armz.pl\/?page_id=559","title":{"rendered":"Po\u017cyczka p\u0142ynno\u015bciowa POIR"},"content":{"rendered":"<section class=\"wpb-content-wrapper\"><p>[vc_row][vc_column][vc_single_image image=&#8221;560&#8243; img_size=&#8221;full&#8221; alignment=&#8221;center&#8221;][\/vc_column][\/vc_row][vc_row][vc_column][\/vc_column][\/vc_row][vc_row][vc_column][vc_column_text]<\/p>\n<h2 style=\"text-align: center;\"><strong>Po\u017cyczka P\u0142ynno\u015bciowa POIR<\/strong><\/h2>\n<p>[\/vc_column_text][vc_column_text]<span style=\"color: #ff0000; font-size: 12pt;\"><strong>UWAGA!<\/strong><\/span><\/p>\n<p><span style=\"color: #ff0000; font-size: 12pt;\"><strong>Uprzejmie informujemy, \u017ce w dniu 20 wrze\u015bnia 2021 r.\u00a0 lista wniosk\u00f3w z\u0142o\u017conych w Agencji Rozwoju Ma\u0142opolski Zachodniej S.A. przekroczy\u0142a limit okre\u015blony w Regulaminie Udzielania Po\u017cyczek tj. 250% alokacji przypadaj\u0105cej na ARMZ.<\/strong><\/span><\/p>\n<p><span style=\"color: #ff0000; font-size: 12pt;\"><strong>Zgodnie z regulaminem nab\u00f3r wniosk\u00f3w trwa 3 dni robocze. Wnioski mo\u017cna sk\u0142ada\u0107 do 22.09.2021 do godz. 16.00. Wnioski zostan\u0105 zarejestrowane, ale znajdowa\u0107 si\u0119 b\u0119d\u0105 poza Lista Podstawow\u0105 i List\u0105 Rezerwow\u0105.<\/strong><\/span><\/p>\n<p><span style=\"font-size: 12pt;\"><strong>Po\u017cyczka P\u0142ynno\u015bciowa POIR nab\u00f3r 2021<\/strong><\/span><\/p>\n<p><span style=\"font-size: 12pt;\"><strong>Nab\u00f3r wniosk\u00f3w po\u017cyczkowych rozpocznie si\u0119 20 wrze\u015bnia 2021 r. od godz.8.00.<\/strong><\/span><\/p>\n<p><span style=\"font-size: 12pt;\"><strong>W dniu 08.09.2021 zosta\u0142 podpisany aneks do Umowy Operacyjnej z Bankiem Gospodarstwa Krajowego zwi\u0119kszaj\u0105cy o 40 mln z\u0142 pul\u0119 \u015brodk\u00f3w na udzielanie Po\u017cyczek P\u0142ynno\u015bciowych w ramach Programu Operacyjnego Inteligentny Rozw\u00f3j 2014-2020. <\/strong><\/span><\/p>\n<p><span style=\"font-size: 12pt;\">Po\u017cyczka p\u0142ynno\u015bciowa POIR \u00a0udzielana jest przez Po\u015brednika Finansowego (PF) \u00a0&#8211; Konsorcjum 4 podmiot\u00f3w:<\/span><\/p>\n<p><span style=\"font-size: 12pt;\"><strong>Fundacj\u0119 Rozwoju Regionu Rabka <\/strong>\u2013 Lidera Konsorcjum<\/span><\/p>\n<p><span style=\"font-size: 12pt;\"><strong>Stowarzyszenie \u201eSamorz\u0105dowe Centrum Przedsi\u0119biorczo\u015bci i Rozwoju\u201d w Suchej Beskidzkiej <\/strong>\u2013 Partnera Konsorcjum<\/span><\/p>\n<p><span style=\"font-size: 12pt;\"><strong>Centrum Biznesu Ma\u0142opolski Zachodniej Sp. z o.o. <\/strong>\u2013 Partnera Konsorcjum<\/span><\/p>\n<p><span style=\"font-size: 12pt;\"><strong>Agencj\u0119 Rozwoju Ma\u0142opolski Zachodniej SA <\/strong>\u2013 Partnera Konsorcjum<\/span><\/p>\n<p><span style=\"font-size: 12pt;\">Po\u017cyczki udzielane s\u0105 ze \u015brodk\u00f3w udost\u0119pnionych przez Menad\u017cera Funduszu Funduszy, z przeznaczeniem na wsparcie przedsi\u0119wzi\u0119\u0107 realizowanych przez mikro-, ma\u0142e i \u015brednie przedsi\u0119biorstwa posiadaj\u0105ce siedzib\u0119 i prowadz\u0105ce dzia\u0142alno\u015b\u0107 gospodarcz\u0105 na terenie wojew\u00f3dztwa ma\u0142opolskiego \u00a0w celu zapewnienia im finansowania p\u0142ynno\u015bciowego w zwi\u0105zku z do\u015bwiadczanymi przez nie negatywnymi konsekwencjami spowodowanymi epidemi\u0105 COVID-19, w tym w zwi\u0105zku z odbudow\u0105 dzia\u0142alno\u015bci po okresie epidemii COVID-19.<\/span><br \/>\n<span style=\"font-size: 12pt;\">Udzielenie po\u017cyczki ma na celu umo\u017cliwienie przedsi\u0119biorcom utrzymanie bie\u017c\u0105cej p\u0142ynno\u015bci i finansowanie ich bie\u017c\u0105cych potrzeb zwi\u0105zanych z prowadzon\u0105 dzia\u0142alno\u015bci\u0105 gospodarcz\u0105<strong>.<\/strong><\/span><\/p>\n<ul>\n<li><\/li>\n<\/ul>\n<p>[\/vc_column_text][\/vc_column][\/vc_row][vc_row][vc_column][vc_column_text]<\/p>\n<ul>\n<li><span style=\"font-size: 12pt;\">\u00a0<strong>Warto\u015b\u0107 finansowania<\/strong> na rzecz jednego przedsi\u0119biorcy nie mo\u017ce przekracza\u0107:<\/span>\n<ul>\n<li><span style=\"font-size: 12pt;\">dwukrotno\u015bci rocznych koszt\u00f3w wynagrodze\u0144 wyp\u0142aconych przez przedsi\u0119biorc\u0119 oraz koszt\u00f3w personelu pracuj\u0105cego na terenie jego przedsi\u0119biorstwa, ale otrzymuj\u0105cego wynagrodzenie od podwykonawc\u00f3w, za rok 2019 lub za ostatni rok, za kt\u00f3ry dost\u0119pne s\u0105 dane; w przypadku przedsi\u0119biorstw utworzonych w dniu 1 stycznia 2019 r. lub po tym dniu maksymalna kwota po\u017cyczki nie mo\u017ce przekroczy\u0107 rocznych koszt\u00f3w wynagrodze\u0144 szacowanych na okres pierwszych dw\u00f3ch lat dzia\u0142alno\u015bci; albo<\/span><\/li>\n<li><span style=\"font-size: 12pt;\">25% \u0142\u0105cznego obrotu przedsi\u0119biorcy w 2019 r,; albo<\/span><\/li>\n<li><span style=\"font-size: 12pt;\">je\u017celi przemawia za tym interes spo\u0142eczny lub wa\u017cny interes przedsi\u0119biorcy i w oparciu o o\u015bwiadczenie przedsi\u0119biorcy o zapotrzebowaniu na p\u0142ynno\u015b\u0107 finansow\u0105, poparte odpowiednim uzasadnieniem, kwota g\u0142\u00f3wna po\u017cyczki mo\u017ce zosta\u0107 zwi\u0119kszona w celu pokrycia zapotrzebowania na p\u0142ynno\u015b\u0107 finansow\u0105 od dnia udzielenia pomocy przez najbli\u017csze 18 miesi\u0119cy.<\/span><\/li>\n<\/ul>\n<\/li>\n<li><span style=\"font-size: 12pt;\">Maksymalna \u0142\u0105czna warto\u015b\u0107 jednostkowych po\u017cyczek udzielonych jednemu przedsi\u0119biorcy ze \u015brodk\u00f3w Projektu nie mo\u017ce przekroczy\u0107 15 mln z\u0142<\/span><\/li>\n<li><span style=\"font-size: 12pt;\"><strong>okres sp\u0142aty<\/strong>:\u00a0 do 72 miesi\u0119cy.<\/span><\/li>\n<li><span style=\"font-size: 12pt;\"><strong>karencja<\/strong>: do 6 miesi\u0119cy, przy czym karencja wyd\u0142u\u017ca okres sp\u0142aty Jednostkowej Po\u017cyczki, jednak nie d\u0142u\u017cej jak do 72 miesi\u0119cy.<\/span><\/li>\n<li><span style=\"font-size: 12pt;\">W dw\u00f3ch pierwszych latach sp\u0142aty Jednostkowej Po\u017cyczki, Po\u015brednik Finansowy mo\u017ce udzieli\u0107 Ostatecznemu Odbiorcy do 4 miesi\u0119cy wakacji kredytowych w sp\u0142acie rat kapita\u0142owo-odsetkowych lub rat kapita\u0142owych, przy czym okres wakacji wyd\u0142u\u017ca okres sp\u0142aty Jednostkowej Po\u017cyczki, jednak nie d\u0142u\u017cej jak do 72 miesi\u0119cy.<\/span><\/li>\n<li><span style=\"font-size: 12pt;\"><strong>Oprocentowanie: Jednostkowe Po\u017cyczki udzielane Ostatecznym Odbiorcom obj\u0119te s\u0105 dotacj\u0105 na pokrycie ca\u0142kowitej warto\u015bci odsetek od kapita\u0142u.<\/strong><\/span><\/li>\n<li><span style=\"font-size: 12pt;\"><strong>Brak innych op\u0142at i prowizji.<\/strong><\/span><\/li>\n<li><span style=\"font-size: 12pt;\"><strong>Grupa docelowa:<\/strong> mikro-, ma\u0142e i \u015brednie przedsi\u0119biorstwa posiadaj\u0105ce siedzib\u0119 i prowadz\u0105ce dzia\u0142alno\u015b\u0107 gospodarcz\u0105 na terenie wojew\u00f3dztwa ma\u0142opolskiego, kt\u00f3re wyka\u017c\u0105, \u017ce konsekwencje epidemii COVID w istotny spos\u00f3b spowodowa\u0142y (historycznie lub na moment sk\u0142adania wniosku o po\u017cyczk\u0119) problemy przedsi\u0119biorcy z p\u0142ynno\u015bci\u0105 lub uprawdopodobni\u0105 ryzyko wyst\u0105pienia takiej sytuacji w najbli\u017cszej przysz\u0142o\u015bci;<\/span><\/li>\n<\/ul>\n<ul>\n<li style=\"list-style-type: none;\">\n<ul>\n<li><span style=\"font-size: 12pt;\"><strong>Przeznaczenie finansowania:<\/strong> W ramach instrumentu finansowane b\u0119d\u0105 wydatki zwi\u0105zane z utrzymaniem bie\u017c\u0105cej dzia\u0142alno\u015bci firmy i zapewnieniem jej p\u0142ynno\u015bci finansowej, w tym zwi\u0105zane z odbudowa dzia\u0142alno\u015bci po okresie epidemii COVID-19. \u015arodki z Jednostkowej Po\u017cyczki mog\u0105 zosta\u0107 przeznaczone na nieop\u0142acone na dzie\u0144 z\u0142o\u017cenia wniosku wydatki bie\u017c\u0105ce, obrotowe lub cz\u0119\u015bciowo wydatki inwestycyjne (do 20% \u015brodk\u00f3w wyp\u0142aconych), w tym np.:<\/span>\n<ul>\n<li><span style=\"font-size: 12pt;\">wynagrodzenia pracownik\u00f3w (w tym tak\u017ce sk\u0142adowe nale\u017cne ZUS, US) oraz koszty personelu pracuj\u0105cego na terenie firmy, ale formalnie na li\u015bcie p\u0142ac podwykonawc\u00f3w,<\/span><\/li>\n<li><span style=\"font-size: 12pt;\">zobowi\u0105zania publiczno-prawne Ostatecznego Odbiorcy<\/span><\/li>\n<li><span style=\"font-size: 12pt;\">sp\u0142at\u0119 zobowi\u0105za\u0144 handlowych, pokrycie koszt\u00f3w u\u017cytkowania infrastruktury itp.,<\/span><\/li>\n<li><span style=\"font-size: 12pt;\">zatowarowanie, p\u00f3\u0142produkty itp.,<\/span><\/li>\n<li><span style=\"font-size: 12pt;\">inne wydatki niezb\u0119dne do zapewnienia ci\u0105g\u0142o\u015bci dzia\u0142ania Odbiorcy,<\/span><\/li>\n<li><span style=\"font-size: 12pt;\">bie\u017c\u0105ce raty kredyt\u00f3w, po\u017cyczek lub leasingu, pod warunkiem \u017ce udzielony kredyt, po\u017cyczka czy leasing nie pochodzi ze \u015brodk\u00f3w EFSI, z innych funduszy, program\u00f3w, \u015brodk\u00f3w i instrument\u00f3w Unii Europejskiej lub innych \u017ar\u00f3de\u0142 pomocy krajowej lub zagranicznej<\/span><\/li>\n<\/ul>\n<\/li>\n<li><span style=\"font-size: 12pt;\"><strong>Zabezpieczenie po\u017cyczki<\/strong> mo\u017ce stanowi\u0107 m.in. weksel in blanco wraz z deklaracj\u0105 wekslow\u0105, por\u0119czenie os\u00f3b trzecich, hipoteka, zastaw rejestrowy, blokada \u015brodk\u00f3w na rachunku bankowym oraz inne zaakceptowane przez PF.<\/span><\/li>\n<\/ul>\n<\/li>\n<\/ul>\n<p>[\/vc_column_text][\/vc_column][\/vc_row][vc_row][vc_column][vc_column_text]<\/p>\n<h3 style=\"text-align: center;\"><strong>Przyjmuje si\u0119 dwie mo\u017cliwo\u015bci sk\u0142adania Wniosk\u00f3w Po\u017cyczkowych:<\/strong><\/h3>\n<p>[\/vc_column_text][\/vc_column][\/vc_row][vc_row][vc_column][vc_column_text]<\/p>\n<h5><strong><span style=\"font-size: 12pt;\">1. Osobi\u015bcie w siedzibach poszczeg\u00f3lnych konsorcjant\u00f3w<\/span><\/strong><\/h5>\n<p>[\/vc_column_text][vc_column_text]<span style=\"font-size: 12pt;\">Osobi\u015bcie w siedzibach poszczeg\u00f3lnych <strong>Konsorcjant\u00f3w<\/strong><\/span><\/p>\n<ul>\n<li><span style=\"font-size: 12pt;\"><strong>Fundacja Rozwoju Regionu Rabka<\/strong>:<\/span><\/li>\n<\/ul>\n<p style=\"padding-left: 80px;\"><span style=\"font-size: 12pt;\">Rabka\u2013 Zdr\u00f3j, ul. Orkana 20 F\/1\u00a0 &#8211; siedziba g\u0142\u00f3wna<\/span><\/p>\n<p style=\"padding-left: 80px;\"><span style=\"font-size: 12pt;\">Krak\u00f3w, ul. Rydl\u00f3wka 5 pok. 105 \u2013 oddzia\u0142 terenowy<\/span><\/p>\n<p style=\"padding-left: 80px;\"><span style=\"font-size: 12pt;\">Tarn\u00f3w, ul. Paderewskiego 6 \u2013 oddzia\u0142 terenowy<\/span><\/p>\n<ul>\n<li><span style=\"font-size: 12pt;\"><strong>Stowarzyszenie \u201eSamorz\u0105dowe Centrum Przedsi\u0119biorczo\u015bci i Rozwoju\u201d w Suchej Beskidzkiej<\/strong> &#8211; Sucha Beskidzka, ul. Mickiewicza 175<\/span><\/li>\n<li><span style=\"font-size: 12pt;\"><strong>Centrum Biznesu Ma\u0142opolski Zachodniej Sp\u00f3\u0142ka z ograniczon\u0105 odpowiedzialno\u015bci\u0105<\/strong><\/span><br \/>\n<span style=\"font-size: 12pt;\">O\u015bwi\u0119cim, ul. Gospodarcza 24<\/span><\/li>\n<li><span style=\"font-size: 12pt;\"><strong>Agencja Rozwoju Ma\u0142opolski Zachodniej Sp\u00f3\u0142ka Akcyjna<\/strong> \u2013 Chrzan\u00f3w, ul. Grunwaldzka 5<\/span><\/li>\n<\/ul>\n<p>[\/vc_column_text][\/vc_column][\/vc_row][vc_row][vc_column][vc_column_text]<\/p>\n<h5><strong><span style=\"font-size: 12pt;\">2. Elektronicznie za po\u015brednictwem generatora wniosk\u00f3w, zamieszczonego na stronach internetowych poszczeg\u00f3lnych konsorcjant\u00f3w.<\/span><\/strong><\/h5>\n<p>[\/vc_column_text][\/vc_column][\/vc_row][vc_row][vc_column][vc_column_text]<\/p>\n<ul>\n<li><span style=\"font-size: 12pt;\"><strong>ARMZ<\/strong> \u2013 <a href=\"https:\/\/covid19armz.frrr.pl\/clientStartPage.xhtml\">https:\/\/covid19armz.frrr.pl\/clientStartPage.xhtml<\/a><\/span><\/li>\n<li><span style=\"font-size: 12pt;\"><strong>FRRR<\/strong>\u00a0<\/span><\/li>\n<li><span style=\"font-size: 12pt;\"><strong>CBMZ<\/strong>\u00a0<\/span><\/li>\n<li><span style=\"font-size: 12pt;\"><strong>SSCPiR<\/strong><\/span><\/li>\n<\/ul>\n<p>[\/vc_column_text][\/vc_column][\/vc_row][vc_row][vc_column][vc_column_text]<strong>Instrukcja sk\u0142adania Wniosku o Po\u017cyczk\u0119 P\u0142ynno\u015bciow\u0105 w wersji elektronicznej za po\u015brednictwem Generatora Wniosk\u00f3w:<\/strong>[\/vc_column_text][\/vc_column][\/vc_row][vc_row][vc_column width=&#8221;1\/4&#8243;][vc_column_text]<\/p>\n<h3 style=\"text-align: right;\"><span style=\"font-size: 36pt;\"><strong>KROK 1<\/strong><\/span><\/h3>\n<p>[\/vc_column_text][\/vc_column][vc_column width=&#8221;3\/4&#8243;][vc_column_text]<span style=\"font-size: 12pt;\">Po wej\u015bciu w link do Generatora nale\u017cy za\u0142o\u017cy\u0107 konto podaj\u0105c NIP i adres e-mail. Na podany adres e-mail przes\u0142any zostanie link w celu aktywowania konta (UWAGA: je\u017celi wiadomo\u015b\u0107 nie przyjdzie nale\u017cy sprawdzi\u0107 folder SPAM).<\/span>[\/vc_column_text][\/vc_column][\/vc_row][vc_row][vc_column width=&#8221;1\/4&#8243;][vc_column_text]<\/p>\n<h3 style=\"text-align: right;\"><span style=\"font-size: 36pt;\"><strong>KROK 2<\/strong><\/span><\/h3>\n<p>[\/vc_column_text][\/vc_column][vc_column width=&#8221;3\/4&#8243;][vc_column_text]<span style=\"font-size: 12pt;\">Aby doko\u0144czy\u0107 rejestracje nale\u017cy poda\u0107 NIP oraz utworzy\u0107 has\u0142o do konta w generatorze Wniosk\u00f3w.<\/span>[\/vc_column_text][\/vc_column][\/vc_row][vc_row][vc_column width=&#8221;1\/4&#8243;][vc_column_text]<\/p>\n<h3 style=\"text-align: right;\"><span style=\"font-size: 36pt;\"><strong>KROK 3<\/strong><\/span><\/h3>\n<p>[\/vc_column_text][\/vc_column][vc_column width=&#8221;3\/4&#8243;][vc_column_text]<span style=\"font-size: 12pt;\">Nale\u017cy zalogowa\u0107 si\u0119 do swojego konta w Generatorze podaj\u0105c sw\u00f3j NIP i utworzone has\u0142o.<\/span>[\/vc_column_text][\/vc_column][\/vc_row][vc_row][vc_column width=&#8221;1\/4&#8243;][vc_column_text]<\/p>\n<h3 style=\"text-align: right;\"><span style=\"font-size: 36pt;\"><strong>KROK 4<\/strong><\/span><\/h3>\n<p>[\/vc_column_text][\/vc_column][vc_column width=&#8221;3\/4&#8243;][vc_column_text]<span style=\"font-size: 12pt;\">W celu aktywacji konta przy pierwszym logowaniu do systemu nale\u017cy uzupe\u0142ni\u0107 dane przedsi\u0119biorstwa oraz wyrazi\u0107 adekwatne zgody.<\/span>[\/vc_column_text][\/vc_column][\/vc_row][vc_row][vc_column width=&#8221;1\/4&#8243;][vc_column_text]<\/p>\n<h3 style=\"text-align: right;\"><span style=\"font-size: 36pt;\"><strong>KROK 5<\/strong><\/span><\/h3>\n<p>[\/vc_column_text][\/vc_column][vc_column width=&#8221;3\/4&#8243;][vc_column_text]<span style=\"font-size: 12pt;\">W celu z\u0142o\u017cenia wniosku w generatorze nale\u017cy w opublikowanym naborze pn. \u201ePo\u017cyczka P\u0142ynno\u015bciowa POIR\u201d przej\u015b\u0107 do wype\u0142niania wniosku po\u017cyczkowego.<\/span><\/p>\n<p><span style=\"font-size: 12pt;\">Nale\u017cy wype\u0142nia\u0107 poszczeg\u00f3lne zak\u0142adki po kolei.\u00a0<strong>Dane zapisuj\u0105 si\u0119 automatycznie, nast\u0119puje to dopiero po przej\u015bciu do kolejnej zak\u0142adki.<\/strong><\/span><\/p>\n<p><span style=\"font-size: 12pt;\">Do wniosku nale\u017cy za\u0142\u0105czy\u0107:<\/span><\/p>\n<ul>\n<li><span style=\"font-size: 12pt;\">Formularze: nale\u017cy pobra\u0107 ze strony, wype\u0142ni\u0107 komputerowo, wydrukowa\u0107, podpisa\u0107, zeskanowa\u0107, zapisa\u0107 w formacie pdf i za\u0142\u0105czy\u0107 do generatora.<\/span><\/li>\n<li><span style=\"font-size: 12pt;\">Za\u0142\u0105czniki: zeskanowa\u0107, zapisa\u0107 w formacie pdf i za\u0142\u0105czy\u0107 do generatora.<\/span><\/li>\n<\/ul>\n<p><span style=\"font-size: 12pt;\">Dopuszczalne jest za\u0142\u0105czenie plik\u00f3w o obj\u0119to\u015bci\u0105 nie wi\u0119kszej ni\u017c 5 MB. W przypadku wi\u0119kszych plik\u00f3w nale\u017cy dokument skompresowa\u0107 (spakowa\u0107 do formatu ZIP lub inny) .<\/span><\/p>\n<p><span style=\"font-size: 12pt;\">Wype\u0142niony wniosek przed wys\u0142aniem mo\u017cna edytowa\u0107 oraz pobra\u0107 wydruk jako dokument pogl\u0105dowy.<\/span>[\/vc_column_text][\/vc_column][\/vc_row][vc_row][vc_column width=&#8221;1\/4&#8243;][vc_column_text]<\/p>\n<h3 style=\"text-align: right;\"><span style=\"font-size: 36pt;\"><strong>KROK 6<\/strong><\/span><\/h3>\n<p>[\/vc_column_text][\/vc_column][vc_column width=&#8221;3\/4&#8243;][vc_column_text]<span style=\"font-size: 12pt;\">Wype\u0142niony wniosek wraz z za\u0142\u0105cznikami nale\u017cy wys\u0142a\u0107 za pomoc\u0105 przycisku WY\u015aLIJ.<\/span><\/p>\n<p><span style=\"font-size: 12pt;\">Wniosek mo\u017ce by\u0107 wys\u0142any najwcze\u015bniej w momencie uruchomienia naboru.<\/span>[\/vc_column_text][\/vc_column][\/vc_row][vc_row][vc_column][vc_column_text]<\/p>\n<p style=\"text-align: center;\"><span style=\"color: #ff0000; font-size: 12pt;\"><strong>UWAGA!<\/strong><\/span><\/p>\n<p style=\"text-align: center;\"><span style=\"color: #ff0000; font-size: 12pt;\">Przedsi\u0119biorca sk\u0142adaj\u0105c wnioski osobi\u015bcie mo\u017ce z\u0142o\u017cy\u0107 dowoln\u0105 liczb\u0119 wniosk\u00f3w dotycz\u0105cych <strong>wy\u0142\u0105cznie<\/strong> jego przedsi\u0119biorstw.<\/span><\/p>\n<p style=\"text-align: center;\"><span style=\"color: #ff0000; font-size: 12pt;\">Osoba sk\u0142adaj\u0105ca wnioski w imieniu przedsi\u0119biorcy mo\u017ce z\u0142o\u017cy\u0107 dowoln\u0105 liczb\u0119 wniosk\u00f3w dotycz\u0105cych wy\u0142\u0105cznie przedsi\u0119biorstw <strong>jednego przedsi\u0119biorcy.<\/strong><\/span><\/p>\n<p style=\"text-align: center;\"><span style=\"color: #ff0000; font-size: 12pt;\"><strong>\u00a0<\/strong><\/span><\/p>\n<p style=\"text-align: center;\"><span style=\"color: #ff0000; font-size: 12pt;\"><strong>Zar\u00f3wno wnioski,\u00a0 jak i pozosta\u0142e za\u0142\u0105czniki powinny by\u0107 przygotowane za pomoc\u0105 edytor\u00f3w tekst\u00f3w i przed\u0142o\u017cone jako wydruki komputerowe. <\/strong><\/span><\/p>\n<p style=\"text-align: center;\"><span style=\"color: #ff0000; font-size: 12pt;\"><strong>Dokumenty wype\u0142nione pismem odr\u0119cznym nie zostan\u0105 poddane ocenie.<\/strong><\/span><\/p>\n<p>[\/vc_column_text][\/vc_column][\/vc_row][vc_row][vc_column][vc_column_text]<strong>W przypadku pyta\u0144 lub problem\u00f3w zapraszamy do kontaktu osobistego w siedzibie Konsorcjanta lub pod numerami telefon\u00f3w:<\/strong><\/p>\n<ul>\n<li><strong>Teresa Stefa\u0144ska &#8211; 508 448 987<br \/>\n<\/strong><\/li>\n<li><strong>Edyta Solecka &#8211; 508 448 987<\/strong><\/li>\n<\/ul>\n<p>[\/vc_column_text][\/vc_column][\/vc_row]<\/p>\n<\/section>","protected":false},"excerpt":{"rendered":"<p>[vc_row][vc_column][vc_single_image image=&#8221;560&#8243; img_size=&#8221;full&#8221; alignment=&#8221;center&#8221;][\/vc_column][\/vc_row][vc_row][vc_column][\/vc_column][\/vc_row][vc_row][vc_column][vc_column_text] Po\u017cyczka P\u0142ynno\u015bciowa POIR [\/vc_column_text][vc_column_text]UWAGA! Uprzejmie informujemy, \u017ce w dniu 20 wrze\u015bnia 2021<\/p>\n","protected":false},"author":2,"featured_media":0,"parent":400,"menu_order":0,"comment_status":"closed","ping_status":"closed","template":"","meta":{"footnotes":""},"class_list":["post-559","page","type-page","status-publish","hentry"],"_links":{"self":[{"href":"https:\/\/armz.pl\/index.php?rest_route=\/wp\/v2\/pages\/559","targetHints":{"allow":["GET"]}}],"collection":[{"href":"https:\/\/armz.pl\/index.php?rest_route=\/wp\/v2\/pages"}],"about":[{"href":"https:\/\/armz.pl\/index.php?rest_route=\/wp\/v2\/types\/page"}],"author":[{"embeddable":true,"href":"https:\/\/armz.pl\/index.php?rest_route=\/wp\/v2\/users\/2"}],"replies":[{"embeddable":true,"href":"https:\/\/armz.pl\/index.php?rest_route=%2Fwp%2Fv2%2Fcomments&post=559"}],"version-history":[{"count":11,"href":"https:\/\/armz.pl\/index.php?rest_route=\/wp\/v2\/pages\/559\/revisions"}],"predecessor-version":[{"id":3595,"href":"https:\/\/armz.pl\/index.php?rest_route=\/wp\/v2\/pages\/559\/revisions\/3595"}],"up":[{"embeddable":true,"href":"https:\/\/armz.pl\/index.php?rest_route=\/wp\/v2\/pages\/400"}],"wp:attachment":[{"href":"https:\/\/armz.pl\/index.php?rest_route=%2Fwp%2Fv2%2Fmedia&parent=559"}],"curies":[{"name":"wp","href":"https:\/\/api.w.org\/{rel}","templated":true}]}}