{"id":553,"date":"2021-03-02T12:47:39","date_gmt":"2021-03-02T11:47:39","guid":{"rendered":"https:\/\/armz.niemamweny.eu\/?page_id=553"},"modified":"2025-04-04T10:19:04","modified_gmt":"2025-04-04T10:19:04","slug":"fundusz-pozyczkowy-dla-startupow","status":"publish","type":"page","link":"https:\/\/armz.pl\/?page_id=553","title":{"rendered":"Fundusz po\u017cyczkowy dla startup\u00f3w"},"content":{"rendered":"<section class=\"wpb-content-wrapper\"><p>[vc_row][vc_column][vc_column_text]<\/p>\n<h2 style=\"text-align: center;\"><strong>Po\u017cyczka dla start-up\u00f3w na finansowanie przedsi\u0119wzi\u0119\u0107 inwestycyjnych na terenie wojew\u00f3dztwa ma\u0142opolskiego.<\/strong><\/h2>\n<p>[\/vc_column_text][\/vc_column][\/vc_row][vc_row][vc_column width=&#8221;2\/3&#8243;][vc_column_text css=&#8221;.vc_custom_1658394067048{padding-top: 60px !important;}&#8221;]<span style=\"font-size: 12pt;\">Oferujemy najni\u017csze w Ma\u0142opolsce oprocentowanie: 5,81%\u00a0 dla firm z terenu niskiej aktywno\u015bci gospodarczej (aktualnie powiaty: d\u0105browski, tarnowski, brzeski, gorlicki, nowos\u0105decki, limanowski, proszowicki) lub dzia\u0142aj\u0105cych w ramach inteligentnych specjalizacji, 6,81%- 9,81% dla pozosta\u0142ych firm, na podstawie analizy ryzyka.<\/span>[\/vc_column_text][\/vc_column][vc_column width=&#8221;1\/3&#8243;][vc_single_image image=&#8221;395&#8243; img_size=&#8221;full&#8221; alignment=&#8221;center&#8221;][\/vc_column][\/vc_row][vc_row][vc_column width=&#8221;1\/2&#8243;][vc_column_text]<\/p>\n<h3 style=\"text-align: center;\"><strong>Konkurencyjne parametry po\u017cyczki<\/strong><\/h3>\n<p>[\/vc_column_text][vc_column_text]<\/p>\n<ul>\n<li><span style=\"font-size: 12pt;\">maksymalny okres sp\u0142aty do 7 lat<\/span><\/li>\n<li><span style=\"font-size: 12pt;\">mo\u017cliwo\u015b\u0107 karencji na sp\u0142at\u0119 kapita\u0142u do 6 miesi\u0119cy<\/span><\/li>\n<li><span style=\"font-size: 12pt;\">brak prowizji i dodatkowych op\u0142at<\/span><\/li>\n<li><span style=\"font-size: 12pt;\">oprocentowanie sta\u0142e w okresie sp\u0142aty po\u017cyczki<\/span><\/li>\n<li><span style=\"font-size: 12pt;\">standardowe zabezpieczenie po\u017cyczki<\/span><\/li>\n<li><span style=\"font-size: 12pt;\">brak wk\u0142adu w\u0142asnego<\/span><\/li>\n<li><span style=\"font-size: 12pt;\">kwota po\u017cyczki od 10 000 z\u0142 do 900 000 z\u0142.<\/span><\/li>\n<\/ul>\n<p>[\/vc_column_text][\/vc_column][vc_column width=&#8221;1\/2&#8243;][vc_column_text]<\/p>\n<h3 style=\"text-align: center;\"><strong>Program po\u017cyczkowy realizowany jest w ramach konsorcjum:<\/strong><\/h3>\n<p>[\/vc_column_text][vc_column_text]<\/p>\n<ul>\n<li><span style=\"font-size: 12pt;\">Ma\u0142opolska Agencja Rozwoju Regionalnego S.A. \u2013 Lider,<\/span><\/li>\n<li><span style=\"font-size: 12pt;\">Tarnowska Agencja Rozwoju Regionalnego S.A.,<\/span><\/li>\n<li><span style=\"font-size: 12pt;\">Agencja Rozwoju Ma\u0142opolski Zachodniej S.A.<\/span><\/li>\n<\/ul>\n<p>[\/vc_column_text][\/vc_column][\/vc_row][vc_row][vc_column][vc_column_text]<\/p>\n<h3 style=\"text-align: center;\"><strong>Szczeg\u00f3\u0142owe informacje:<\/strong><\/h3>\n<p>[\/vc_column_text][\/vc_column][\/vc_row][vc_row][vc_column][vc_column_text]Od poniedzia\u0142ku do pi\u0105tku w godzinach od 8.00 do 16.00 w biurze ARMZ S.A. lub pod numerami telefon\u00f3w: 032 645 19 68, 032 623 00 61[\/vc_column_text][\/vc_column][\/vc_row][vc_row][vc_column][vc_column_text]<\/p>\n<h3 style=\"text-align: center;\"><strong>Do pobrania:<\/strong><\/h3>\n<p>[\/vc_column_text][\/vc_column][\/vc_row][vc_row][vc_column][vc_column_text]<\/p>\n<ul>\n<li><span style=\"font-size: 12pt;\"><a href=\"https:\/\/armz.pl\/wp-content\/uploads\/2021\/11\/Regulamin-po-zmianach-31_12_2021.docx\">Regulamin po zmianach 31_12_2021<\/a><\/span><\/li>\n<li><span style=\"font-size: 12pt;\"><a href=\"https:\/\/armz.pl\/wp-content\/uploads\/2021\/11\/Deklaracja-bezstronnosci-COVID-19.doc\">Deklaracja bezstronno\u015bci COVID-19<\/a><\/span><\/li>\n<li><span style=\"font-size: 12pt;\"><a href=\"https:\/\/armz.pl\/wp-content\/uploads\/2021\/11\/Wykaz-obszarow-o-niskim-poziomie-aktywnosci-gospodarczej-w-woj.-malopolskim.doc\">Wykaz obszar\u00f3w o niskim poziomie aktywno\u015bci gospodarczej w woj. ma\u0142opolskim<\/a><\/span><\/li>\n<li><span style=\"font-size: 12pt;\"><a href=\"https:\/\/armz.pl\/wp-content\/uploads\/2021\/12\/Wzor-wniosku-o-pozyczke-COVID.doc\">Wz\u00f3r wniosku o po\u017cyczk\u0119 COVID<\/a><\/span><\/li>\n<li><span style=\"font-size: 12pt;\"><a href=\"https:\/\/armz.pl\/wp-content\/uploads\/2021\/03\/Startup_Oswiadczenie-o-spelnieniu-kryteriow-podmiotowych-1.doc\">O\u015bwiadczenie o spe\u0142nieniu kryteri\u00f3w podmiotowych<\/a><\/span><\/li>\n<li><span style=\"font-size: 12pt;\"><a href=\"https:\/\/armz.pl\/wp-content\/uploads\/2021\/03\/Startup_Oswiadczenie-o-nieubieganiu-sie-o-pomoc-na-te-same-koszty-na-jakie-zlozono-wniosek-o-pozyczke-1.docx\">O\u015bwiadczenie o nieubieganiu si\u0119 o pomoc na te same koszty na jakie z\u0142o\u017cono wniosek o po\u017cyczk\u0119<\/a><\/span><\/li>\n<li><span style=\"font-size: 12pt;\"><a href=\"https:\/\/armz.pl\/wp-content\/uploads\/2021\/03\/Startup_Formularz-informacji-przedstawianych-przy-ubieganiu-sie-o-pomoc-de-minimis-1.xlsx\">Formularz informacji przedstawianych przy ubieganiu si\u0119 o pomoc de minimis<\/a><\/span><\/li>\n<li><span style=\"font-size: 12pt;\"><a href=\"https:\/\/armz.pl\/wp-content\/uploads\/2021\/03\/Startup_Formularz-informacji-przedstawianych-przy-ubieganiu-sie-o-pomoc-rekompensujaca-negatywne-konsekwencje-ekonomiczne-z-powodu-COVID-19-1.xlsx\">Formularz informacji przedstawianych przy ubieganiu si\u0119 o pomoc rekompensuj\u0105c\u0105 negatywne konsekwencje ekonomiczne z powodu COVID-19<\/a><\/span><\/li>\n<li><span style=\"font-size: 12pt;\"><a href=\"https:\/\/armz.pl\/wp-content\/uploads\/2021\/03\/Startup_Oswiadczenie-o-otrzymanej-pomocy-de-minimis-1.docx\">O\u015bwiadczenie o otrzymanej pomocy de minimis<\/a><\/span><\/li>\n<li><span style=\"font-size: 12pt;\"><a href=\"https:\/\/armz.pl\/wp-content\/uploads\/2021\/03\/Startup_Biznes-plan-wraz-z-wlasciwym-arkuszem-finansowym.docx\">Biznes plan wraz z w\u0142a\u015bciwym arkuszem finansowym<\/a><\/span>\n<ul>\n<li><span style=\"font-size: 12pt;\"><a href=\"https:\/\/armz.pl\/wp-content\/uploads\/2021\/03\/Startup_wersja-dla-ksiegi-przychodow-i-rozchodow.ods\">wersja dla ksi\u0119gi przychod\u00f3w i rozchod\u00f3w<\/a><\/span><\/li>\n<li><span style=\"font-size: 12pt;\"><a href=\"https:\/\/armz.pl\/wp-content\/uploads\/2021\/03\/Startup_wersja-dla-ksiag-handlowych-1.xls\">wersja dla ksi\u0105g handlowych<\/a><\/span><\/li>\n<\/ul>\n<\/li>\n<li><span style=\"font-size: 12pt;\"><a href=\"https:\/\/armz.pl\/wp-content\/uploads\/2021\/03\/Startup_Kwestionariusz-osobowy-Wnioskodawcy-1.docx\">Kwestionariusz osobowy Wnioskodawcy<\/a><\/span><\/li>\n<li><span style=\"font-size: 12pt;\"><a href=\"https:\/\/armz.pl\/wp-content\/uploads\/2021\/06\/Umowa-inwestycyjna.docx\">Umowa inwestycyjna<\/a><\/span><\/li>\n<li><span style=\"font-size: 12pt;\"><a href=\"https:\/\/armz.pl\/wp-content\/uploads\/2021\/11\/Karta-produktu-31_12_2021.pdf\">Karta produktu 31_12_2021<\/a><\/span><\/li>\n<li><span style=\"font-size: 12pt;\"><a href=\"https:\/\/armz.pl\/wp-content\/uploads\/2021\/03\/Startup_Wniosek-o-zmiane-umowy-pozyczki-COVID-19.doc\">Wniosek o zmian\u0119 umowy po\u017cyczki COVID-19<\/a><\/span><\/li>\n<li><span style=\"font-size: 12pt;\"><a href=\"https:\/\/armz.pl\/wp-content\/uploads\/2021\/03\/Startup_Aneks-do-umowy-inwestycyjnej-COVID-19.docx\">Aneks do umowy inwestycyjnej COVID-19<\/a><\/span><\/li>\n<\/ul>\n<p>[\/vc_column_text][\/vc_column][\/vc_row]<\/p>\n<\/section>","protected":false},"excerpt":{"rendered":"<p>[vc_row][vc_column][vc_column_text] Po\u017cyczka dla start-up\u00f3w na finansowanie przedsi\u0119wzi\u0119\u0107 inwestycyjnych na terenie wojew\u00f3dztwa ma\u0142opolskiego. [\/vc_column_text][\/vc_column][\/vc_row][vc_row][vc_column width=&#8221;2\/3&#8243;][vc_column_text css=&#8221;.vc_custom_1658394067048{padding-top: 60px<\/p>\n","protected":false},"author":2,"featured_media":0,"parent":400,"menu_order":0,"comment_status":"closed","ping_status":"closed","template":"","meta":{"footnotes":""},"class_list":["post-553","page","type-page","status-publish","hentry"],"_links":{"self":[{"href":"https:\/\/armz.pl\/index.php?rest_route=\/wp\/v2\/pages\/553","targetHints":{"allow":["GET"]}}],"collection":[{"href":"https:\/\/armz.pl\/index.php?rest_route=\/wp\/v2\/pages"}],"about":[{"href":"https:\/\/armz.pl\/index.php?rest_route=\/wp\/v2\/types\/page"}],"author":[{"embeddable":true,"href":"https:\/\/armz.pl\/index.php?rest_route=\/wp\/v2\/users\/2"}],"replies":[{"embeddable":true,"href":"https:\/\/armz.pl\/index.php?rest_route=%2Fwp%2Fv2%2Fcomments&post=553"}],"version-history":[{"count":9,"href":"https:\/\/armz.pl\/index.php?rest_route=\/wp\/v2\/pages\/553\/revisions"}],"predecessor-version":[{"id":3615,"href":"https:\/\/armz.pl\/index.php?rest_route=\/wp\/v2\/pages\/553\/revisions\/3615"}],"up":[{"embeddable":true,"href":"https:\/\/armz.pl\/index.php?rest_route=\/wp\/v2\/pages\/400"}],"wp:attachment":[{"href":"https:\/\/armz.pl\/index.php?rest_route=%2Fwp%2Fv2%2Fmedia&parent=553"}],"curies":[{"name":"wp","href":"https:\/\/api.w.org\/{rel}","templated":true}]}}