{"id":482,"date":"2021-03-01T15:16:07","date_gmt":"2021-03-01T14:16:07","guid":{"rendered":"https:\/\/armz.niemamweny.eu\/?page_id=482"},"modified":"2025-04-04T10:10:03","modified_gmt":"2025-04-04T10:10:03","slug":"obsluga-zamowien-publicznych","status":"publish","type":"page","link":"https:\/\/armz.pl\/?page_id=482","title":{"rendered":"Obs\u0142uga zam\u00f3wie\u0144 publicznych"},"content":{"rendered":"<section class=\"wpb-content-wrapper\"><p>[vc_row][vc_column][vc_column_text]<\/p>\n<h2 style=\"text-align: center;\"><strong>ZAM\u00d3WIENIA PUBLICZNE<\/strong><\/h2>\n<p>[\/vc_column_text][\/vc_column][\/vc_row][vc_row][vc_column width=&#8221;2\/3&#8243;][vc_column_text]<span style=\"font-size: 12pt;\">Agencja Rozwoju Ma\u0142opolski Zachodniej S.A. w Chrzanowie \u015bwiadczy\u00a0kompleksowe us\u0142ugi dotycz\u0105ce przetarg\u00f3w przeprowadzanych w oparciu o zapisy Ustawy z dnia 29 stycznia 2004 r. Prawo zam\u00f3wie\u0144 publicznych jak r\u00f3wnie\u017c procedury w\u0142asne inwestora stosowane w przypadku, gdy nie ma obowi\u0105zku stosowania Ustawy Prawo zam\u00f3wie\u0144 publicznych lub innych wymaganych przez instytucje finansuj\u0105ce procedury.<\/span><\/p>\n<p><span style=\"font-size: 12pt;\">Kompleksowa organizacja zam\u00f3wie\u0144 publicznych obejmuje:<\/span><\/p>\n<ul>\n<li><span style=\"font-size: 12pt;\">pomoc w doborze trybu przeprowadzenia danego post\u0119powania zgodnie z zapisami ustawy Prawo zam\u00f3wie\u0144 publicznych oraz wewn\u0119trznymi procedurami obowi\u0105zuj\u0105cymi w danej instytucji;<\/span><\/li>\n<li><span style=\"font-size: 12pt;\">prowadzenie rejestr\u00f3w wniosk\u00f3w;<\/span><\/li>\n<li><span style=\"font-size: 12pt;\">w razie pyta\u0144 lub jakichkolwiek w\u0105tpliwo\u015bci Inwestora konsultacje osobiste, telefoniczne lub mailowe;<\/span><\/li>\n<li><span style=\"font-size: 12pt;\">przygotowanie i przedstawienie do akceptacji przez Komisj\u0119 Przetargow\u0105 i do zatwierdzenia przez Zarz\u0105d Zamawiaj\u0105cego kompletu dokument\u00f3w niezb\u0119dnych do przeprowadzenia post\u0119powania o udzielenie zam\u00f3wienia publicznego;<\/span><\/li>\n<li><span style=\"font-size: 12pt;\">og\u0142aszanie i prowadzenie post\u0119powa\u0144 przetargowych zar\u00f3wno poni\u017cej jak i powy\u017cej prog\u00f3w unijnych;<\/span><\/li>\n<li><span style=\"font-size: 12pt;\">odpowiedzi na pytania Wykonawc\u00f3w;<\/span><\/li>\n<li><span style=\"font-size: 12pt;\">prowadzenie korespondencji z Wykonawcami (np. wezwania do wyja\u015bnie\u0144 i uzupe\u0142nie\u0144);<\/span><\/li>\n<li><span style=\"font-size: 12pt;\">ocena z\u0142o\u017conych ofert;<\/span><\/li>\n<li><span style=\"font-size: 12pt;\">og\u0142aszanie wynik\u00f3w post\u0119powa\u0144;<\/span><\/li>\n<li><span style=\"font-size: 12pt;\">sporz\u0105dzanie um\u00f3w przetargowych;<\/span><\/li>\n<li><span style=\"font-size: 12pt;\">sporz\u0105dzanie protoko\u0142\u00f3w post\u0119powa\u0144;<\/span><\/li>\n<li><span style=\"font-size: 12pt;\">udzia\u0142 w negocjacjach z Wykonawcami w zakresie prawno-handlowym (w procedurze negocjacyjnej);<\/span><\/li>\n<li><span style=\"font-size: 12pt;\">udzia\u0142 i aktywne wsparcie dla Zamawiaj\u0105cego w ewentualnych post\u0119powaniach protestacyjnych i odwo\u0142awczych.<\/span><\/li>\n<\/ul>\n<p>[\/vc_column_text][\/vc_column][vc_column width=&#8221;1\/3&#8243;][vc_single_image image=&#8221;483&#8243; img_size=&#8221;full&#8221; alignment=&#8221;center&#8221;][\/vc_column][\/vc_row][vc_row][vc_column][vc_column_text]<span style=\"font-size: 12pt;\">Sp\u00f3\u0142ka zatrudnia 9 pracownik\u00f3w posiadaj\u0105cych wiedz\u0119, odpowiednie wykszta\u0142cenie, aktualne szkolenia i kwalifikacje z zakresu prawa zam\u00f3wie\u0144 publicznych. W zwi\u0105zku z\u00a0du\u017c\u0105 dynamik\u0105 zmian w przepisach dotycz\u0105cych zam\u00f3wie\u0144 publicznych posiadanie aktualnej wiedzy i do\u015bwiadczenia jest rzecz\u0105 niezb\u0119dn\u0105 do prawid\u0142owej i terminowej realizacji zam\u00f3wie\u0144.<\/span><\/p>\n<p><span style=\"font-size: 12pt;\">Posiadamy 10-letnie do\u015bwiadczenie w realizacji zam\u00f3wie\u0144 publicznych dla sektora medycznego oraz w realizacji post\u0119powa\u0144 na roboty budowlane i post\u0119powa\u0144 finansowanych ze \u015brodk\u00f3w UE.<\/span><\/p>\n<p><span style=\"font-size: 12pt;\">Obok profesjonalizmu i wysokiej jako\u015bci naszych us\u0142ug, wa\u017cnym atutem tej dzia\u0142alno\u015bci jest pe\u0142na dyspozycyjno\u015b\u0107 i sprawna obs\u0142uga Klienta.<\/span><\/p>\n<p><span style=\"font-size: 12pt;\">Cechuje nas r\u00f3wnie\u017c indywidualne podej\u015bcie do oczekiwa\u0144 ka\u017cdego klienta.<\/span><\/p>\n<p><span style=\"font-size: 12pt;\">Oferta zostanie sporz\u0105dzona indywidualnie, w zale\u017cno\u015bci od ilo\u015bci przygotowanych dokument\u00f3w oraz przeprowadzanych miesi\u0119cznie post\u0119powa\u0144. Istnieje r\u00f3wnie\u017c mo\u017cliwo\u015b\u0107 jednorazowej obs\u0142ugi zam\u00f3wienia wraz z przygotowaniem nowych dokument\u00f3w.<\/span><\/p>\n<p><span style=\"font-size: 12pt;\">Wsp\u00f3\u0142praca z zewn\u0119trzn\u0105 firm\u0105 profesjonalnie zajmuj\u0105c\u0105 si\u0119 zam\u00f3wieniami publicznymi to\u00a0ogromne wsparcie i gwarancja dla inwestora, \u017ce wszystkie post\u0119powania przetargowe realizowane w jego przedsi\u0119biorstwie s\u0105 przeprowadzane przez osoby kompetentne zgodnie z\u00a0wszystkimi przepisami obowi\u0105zuj\u0105cymi w tym zakresie, a co za tym idzie znacznie spada ryzyko ewentualnych roszcze\u0144 wobec inwestora w zwi\u0105zku ze \u017ale przeprowadzonym post\u0119powaniem. Posiadanie umowy z firm\u0105 zewn\u0119trzn\u0105 pozwala r\u00f3wnie\u017c znacznie obni\u017cy\u0107 koszty inwestora (brak konieczno\u015bci zatrudniania pracownik\u00f3w do spraw zam\u00f3wie\u0144 publicznych, op\u0142acania szkole\u0144 itp.)<\/span><\/p>\n<p><span style=\"font-size: 12pt;\">Zach\u0119camy do skorzystania z naszych us\u0142ug!<\/span><\/p>\n<p><span style=\"font-size: 12pt;\">W razie jakichkolwiek pyta\u0144 zapraszamy do kontaktu pod nr tel. (32) 645 19 68. B\u0105d\u017a\u00a0mail:\u00a0<a href=\"mailto:biuro@armz.pl\">biuro@armz.pl<\/a><\/span>[\/vc_column_text][\/vc_column][\/vc_row]<\/p>\n<\/section>","protected":false},"excerpt":{"rendered":"<p>[vc_row][vc_column][vc_column_text] ZAM\u00d3WIENIA PUBLICZNE [\/vc_column_text][\/vc_column][\/vc_row][vc_row][vc_column width=&#8221;2\/3&#8243;][vc_column_text]Agencja Rozwoju Ma\u0142opolski Zachodniej S.A. w Chrzanowie \u015bwiadczy\u00a0kompleksowe us\u0142ugi dotycz\u0105ce przetarg\u00f3w przeprowadzanych<\/p>\n","protected":false},"author":2,"featured_media":0,"parent":379,"menu_order":0,"comment_status":"closed","ping_status":"closed","template":"","meta":{"footnotes":""},"class_list":["post-482","page","type-page","status-publish","hentry"],"_links":{"self":[{"href":"https:\/\/armz.pl\/index.php?rest_route=\/wp\/v2\/pages\/482","targetHints":{"allow":["GET"]}}],"collection":[{"href":"https:\/\/armz.pl\/index.php?rest_route=\/wp\/v2\/pages"}],"about":[{"href":"https:\/\/armz.pl\/index.php?rest_route=\/wp\/v2\/types\/page"}],"author":[{"embeddable":true,"href":"https:\/\/armz.pl\/index.php?rest_route=\/wp\/v2\/users\/2"}],"replies":[{"embeddable":true,"href":"https:\/\/armz.pl\/index.php?rest_route=%2Fwp%2Fv2%2Fcomments&post=482"}],"version-history":[{"count":3,"href":"https:\/\/armz.pl\/index.php?rest_route=\/wp\/v2\/pages\/482\/revisions"}],"predecessor-version":[{"id":3606,"href":"https:\/\/armz.pl\/index.php?rest_route=\/wp\/v2\/pages\/482\/revisions\/3606"}],"up":[{"embeddable":true,"href":"https:\/\/armz.pl\/index.php?rest_route=\/wp\/v2\/pages\/379"}],"wp:attachment":[{"href":"https:\/\/armz.pl\/index.php?rest_route=%2Fwp%2Fv2%2Fmedia&parent=482"}],"curies":[{"name":"wp","href":"https:\/\/api.w.org\/{rel}","templated":true}]}}