{"id":444,"date":"2021-03-01T13:51:08","date_gmt":"2021-03-01T12:51:08","guid":{"rendered":"https:\/\/armz.niemamweny.eu\/?page_id=444"},"modified":"2025-04-04T10:08:45","modified_gmt":"2025-04-04T10:08:45","slug":"oferta-szkoleniowa","status":"publish","type":"page","link":"https:\/\/armz.pl\/?page_id=444","title":{"rendered":"Oferta szkoleniowa"},"content":{"rendered":"<section class=\"wpb-content-wrapper\"><p>[vc_row][vc_column][vc_column_text]<\/p>\n<h2>SZKOLENIA:<\/h2>\n<p>[\/vc_column_text][\/vc_column][\/vc_row][vc_row][vc_column][vc_column_text]<\/p>\n<h3 style=\"text-align: center;\"><strong>SZKOLENIE \u2013\u00a0WARSZTATY INTERPERSONALNE\u00a0(8H)<\/strong><\/h3>\n<p>[\/vc_column_text][\/vc_column][\/vc_row][vc_row][vc_column width=&#8221;1\/2&#8243;][vc_column_text]<span style=\"font-size: 12pt;\">Oferta skierowana wy\u0142\u0105cznie do uczestnik\u00f3w projektu\u00a0<a href=\"http:\/\/czasnabiznes.eu\/\"><strong><em>Czas na biznes w Ma\u0142opolsce Zachodniej<\/em><\/strong><\/a><\/span><\/p>\n<p><span style=\"font-size: 12pt;\"><strong><a href=\"https:\/\/armz.pl\/wp-content\/uploads\/2021\/03\/warsztaty-z-zkaresu-kompetencji-interpersonalnych.pdf\" target=\"_blank\" rel=\"noopener\">Pobierz program<\/a><\/strong><\/span>[\/vc_column_text][\/vc_column][vc_column width=&#8221;1\/2&#8243;][vc_single_image image=&#8221;464&#8243; img_size=&#8221;full&#8221; alignment=&#8221;center&#8221;][\/vc_column][\/vc_row][vc_row][vc_column][vc_column_text]<\/p>\n<h3 style=\"text-align: center;\"><strong>SZKOLENIE: WARSZTATY Z ZAKRESU KOMPETENCJI CYFROWYCH (8H)<\/strong><\/h3>\n<p>[\/vc_column_text][\/vc_column][\/vc_row][vc_row][vc_column width=&#8221;1\/2&#8243;][vc_single_image image=&#8221;464&#8243; img_size=&#8221;full&#8221; alignment=&#8221;center&#8221;][\/vc_column][vc_column width=&#8221;1\/2&#8243;][vc_column_text]<span style=\"font-size: 12pt;\">Oferta skierowana wy\u0142\u0105cznie do uczestnik\u00f3w projektu\u00a0<a href=\"http:\/\/czasnabiznes.eu\/\"><strong><em>Czas na biznes w Ma\u0142opolsce Zachodniej<\/em><\/strong><\/a><\/span><\/p>\n<p><span style=\"font-size: 12pt;\"><strong><a href=\"https:\/\/armz.pl\/wp-content\/uploads\/2021\/03\/warsztaty-z-zkaresu-kompetencji-interpersonalnych-1.pdf\" target=\"_blank\" rel=\"noopener\">Pobierz program<\/a><\/strong><\/span>[\/vc_column_text][\/vc_column][\/vc_row][vc_row][vc_column][vc_column_text]<\/p>\n<h3 style=\"text-align: center;\"><strong>SZKOLENIE \u2013 SPECJALISTA DS. PROJEKT\u00d3W UE (8H)<\/strong><\/h3>\n<p>[\/vc_column_text][\/vc_column][\/vc_row][vc_row][vc_column width=&#8221;1\/2&#8243;][vc_column_text]<\/p>\n<div class=\"wpb_text_column wpb_content_element \">\n<div class=\"wpb_wrapper\">\n<p><span style=\"font-size: 12pt;\"><strong>Cele szkolenia:<\/strong><\/span><br \/>\n<span style=\"font-size: 12pt;\">Celem szkolenia jest zdobycie wiedzy i praktycznych umiej\u0119tno\u015bci niezb\u0119dnych do opracowywania i\u00a0realizowania projekt\u00f3w z wykorzystaniem funduszy UE.<\/span><\/p>\n<p><span style=\"font-size: 12pt;\"><strong>W rezultacie szkolenia uczestnicy:<\/strong><\/span><\/p>\n<\/div>\n<\/div>\n<div class=\"q_list circle\">\n<ul>\n<li><span style=\"font-size: 12pt;\">zapoznaj\u0105 si\u0119 z dost\u0119pnymi mo\u017cliwo\u015bciami uzyskania dofinansowania dla firm w ramach Funduszy Europejskich, z uwzgl\u0119dnieniem perspektywy finansowej na lata 2014-2020, poznaj\u0105 zasady konstruowania projekt\u00f3w finansowanych z zewn\u0119trznych \u017ar\u00f3de\u0142,<\/span><\/li>\n<li><span style=\"font-size: 12pt;\">b\u0119d\u0105 umieli wype\u0142ni\u0107 dokumentacj\u0119 projektow\u0105 oraz przeprowadzi\u0107 analiz\u0119 finansow\u0105 projektu,<\/span><\/li>\n<li><span style=\"font-size: 12pt;\">zapoznaj\u0105 si\u0119 z procedurami prawid\u0142owej realizacji i rozliczania projekt\u00f3w.<\/span><\/li>\n<\/ul>\n<\/div>\n<p>[\/vc_column_text][\/vc_column][vc_column width=&#8221;1\/2&#8243;][vc_single_image image=&#8221;468&#8243; img_size=&#8221;full&#8221; alignment=&#8221;center&#8221;][\/vc_column][\/vc_row][vc_row][vc_column][vc_column_text]<\/p>\n<h3 style=\"text-align: center;\"><strong>SZKOLENIE \u2013 OBS\u0141UGA KADROWO-P\u0141ACOWA MA\u0141EJ FIRMY (150H)<\/strong><\/h3>\n<p>[\/vc_column_text][\/vc_column][\/vc_row][vc_row][vc_column width=&#8221;1\/2&#8243;][vc_single_image image=&#8221;472&#8243; img_size=&#8221;full&#8221; alignment=&#8221;center&#8221;][\/vc_column][vc_column width=&#8221;1\/2&#8243;][vc_column_text]<\/p>\n<div class=\"wpb_text_column wpb_content_element \">\n<div class=\"wpb_wrapper\">\n<div class=\"wpb_text_column wpb_content_element \">\n<div class=\"wpb_wrapper\">\n<p><span style=\"font-size: 12pt;\"><strong>Cele szkolenia:<\/strong><\/span><\/p>\n<p><span style=\"font-size: 12pt;\">Celem szkolenia jest zdobycie wiedzy i praktycznych umiej\u0119tno\u015bci niezb\u0119dnych do pracy przy obs\u0142udze kadrowo-p\u0142acowej ma\u0142ej firmy z wykorzystaniem program\u00f3w komputerowych.<\/span><\/p>\n<p><span style=\"font-size: 12pt;\"><strong>W wyniku szkolenia uczestnik:<\/strong><\/span><\/p>\n<\/div>\n<\/div>\n<div class=\"q_list circle\">\n<ul>\n<li><span style=\"font-size: 12pt;\">zapozna si\u0119 z podstawami zasadami prawa pracy,<\/span><\/li>\n<li><span style=\"font-size: 12pt;\">zapozna si\u0119 z zasadami prawid\u0142owego prowadzenia dokumentacji kadrowo-p\u0142acowej,<\/span><\/li>\n<li><span style=\"font-size: 12pt;\">b\u0119dzie potrafi\u0142 naliczy\u0107 wynagrodzenie za prac\u0119 oraz sporz\u0105dzi\u0107 dokumenty z tym zwi\u0105zane,<\/span><\/li>\n<li><span style=\"font-size: 12pt;\">nab\u0119dzie wiedz\u0119 i umiej\u0119tno\u015bci zwi\u0105zane z prawid\u0142owym wype\u0142nianiem dokument\u00f3w ZUS, zg\u0142oszeniowych, wyg\u0142oszeniowych oraz rozliczeniowych,<\/span><\/li>\n<li><span style=\"font-size: 12pt;\">b\u0119dzie potrafi\u0142 obs\u0142ugiwa\u0107 z programy komputerowe zwi\u0105zane z prowadzeniem kadr i p\u0142ac \u2013 tj. Optima i P\u0142atnik.<\/span><\/li>\n<\/ul>\n<p><span style=\"font-size: 12pt;\"><strong><a href=\"https:\/\/armz.pl\/wp-content\/uploads\/2021\/03\/szkolenie-obsluga-kadrowo-placowa-mlej-firmy-150h.pdf\" target=\"_blank\" rel=\"noopener\">Program szkolenia<\/a><\/strong><\/span><\/p>\n<\/div>\n<\/div>\n<\/div>\n<p>[\/vc_column_text][\/vc_column][\/vc_row][vc_row][vc_column][vc_column_text]<\/p>\n<h3 style=\"text-align: center;\"><strong>SZKOLENIE \u2013 KSI\u0118GOWO\u015a\u0106 KOMPUTEROWA (150H)<\/strong><\/h3>\n<p>[\/vc_column_text][\/vc_column][\/vc_row][vc_row][vc_column width=&#8221;1\/2&#8243;][vc_column_text]<\/p>\n<div class=\"wpb_text_column wpb_content_element \">\n<div class=\"wpb_wrapper\">\n<div class=\"wpb_text_column wpb_content_element \">\n<div class=\"wpb_wrapper\">\n<div class=\"wpb_text_column wpb_content_element \">\n<div class=\"wpb_wrapper\">\n<p><span style=\"font-size: 12pt;\"><strong>Cele szkolenia:<\/strong><\/span><\/p>\n<p><span style=\"font-size: 12pt;\">Celem szkolenia jest zdobycie wiedzy i praktycznych umiej\u0119tno\u015bci niezb\u0119dnych do pracy w ksi\u0119gowo\u015bci lub prowadzenia rozlicze\u0144 w\u0142asnej dzia\u0142alno\u015bci gospodarczej z wykorzystaniem program\u00f3w komputerowych.<\/span><\/p>\n<p><span style=\"font-size: 12pt;\"><strong>W wyniku szkolenia uczestnik pozna:<\/strong><\/span><\/p>\n<\/div>\n<\/div>\n<div class=\"q_list circle\">\n<ul>\n<li><span style=\"font-size: 12pt;\">uproszczone formy ewidencji podatkowej, zasady ewidencji ksi\u0119gowej w formie ksi\u0119gi przychod\u00f3w i rozchod\u00f3w, wykorzystywanie programu CDN Optima do cel\u00f3w ksi\u0119gi przychod\u00f3w i rozchod\u00f3w, oraz rozliczania rycza\u0142tu,<\/span><\/li>\n<li><span style=\"font-size: 12pt;\">zasady wsp\u00f3\u0142pracy przedsi\u0119biorstwa z ZUS, zasady podlegania ubezpieczeniom spo\u0142ecznym, sposoby wype\u0142niania dokument\u00f3w ZUS,<\/span><\/li>\n<li><span style=\"font-size: 12pt;\">zasady ustalania warto\u015bci sk\u0142adek na ubezpieczenie spo\u0142eczne i zdrowotne, obs\u0142uga programu P\u0142atnik,<\/span><\/li>\n<li><span style=\"font-size: 12pt;\">ksi\u0119g\u0119 handlow\u0105, sk\u0142adniki maj\u0105tku i \u017ar\u00f3d\u0142a ich finansowania, operacje gospodarcze, konta ksi\u0119gowe, konta przychod\u00f3w i rozchod\u00f3w, konta zespo\u0142u 4,5, dokumentacj\u0119 rozlicze\u0144 got\u00f3wkowych i bezgot\u00f3wkowych, \u015brodki trwa\u0142e, rozrachunki z tytu\u0142u podatk\u00f3w, bilans, zestawienie obrot\u00f3w i sald, sprawozdanie finansowe, ustalenie wyniku finansowego,<\/span><\/li>\n<li><span style=\"font-size: 12pt;\">wykorzystanie program\u00f3w komputerowych w zakresie ewidencji ksi\u0119gowej w ma\u0142ych i \u015brednich przedsi\u0119biorstwach: CDN Optima, Symfonia.<\/span><\/li>\n<\/ul>\n<p><span style=\"font-size: 12pt;\"><strong><a href=\"https:\/\/armz.pl\/wp-content\/uploads\/2021\/03\/szkolenie-ksiegowosc-komputerowa.pdf\" target=\"_blank\" rel=\"noopener\">Pobierz program<\/a><\/strong><\/span><\/p>\n<\/div>\n<\/div>\n<\/div>\n<\/div>\n<\/div>\n<p>[\/vc_column_text][\/vc_column][vc_column width=&#8221;1\/2&#8243;][vc_single_image image=&#8221;474&#8243; img_size=&#8221;full&#8221; alignment=&#8221;center&#8221;][\/vc_column][\/vc_row][vc_row][vc_column][vc_column_text]<\/p>\n<h3 style=\"text-align: center;\"><strong>SZKOLENIE \u2013 HANDLOWIEC Z OBS\u0141UG\u0104 PROGRAMU SPRZEDA\u017bOWO \u2013 MAGAZYNOWEGO (90H)<\/strong><\/h3>\n<p>[\/vc_column_text][\/vc_column][\/vc_row][vc_row][vc_column width=&#8221;1\/2&#8243;][vc_single_image image=&#8221;477&#8243; img_size=&#8221;full&#8221; alignment=&#8221;center&#8221;][\/vc_column][vc_column width=&#8221;1\/2&#8243;][vc_column_text]<\/p>\n<div class=\"wpb_text_column wpb_content_element \">\n<div class=\"wpb_wrapper\">\n<div class=\"wpb_text_column wpb_content_element \">\n<div class=\"wpb_wrapper\">\n<div class=\"wpb_text_column wpb_content_element \">\n<div class=\"wpb_wrapper\">\n<div class=\"wpb_text_column wpb_content_element \">\n<div class=\"wpb_wrapper\">\n<p><span style=\"font-size: 12pt;\"><strong>Cele szkolenia:<\/strong><\/span><\/p>\n<p><span style=\"font-size: 12pt;\">Celem szkolenia jest przygotowanie kursant\u00f3w do pracy w handlu z wykorzystaniem komputera i programu szkoleniowo-magazynowego oraz kasy fiskalnej.<\/span><\/p>\n<p><span style=\"font-size: 12pt;\"><strong>W rezultacie szkolenia uczestnicy b\u0119d\u0105:<\/strong><\/span><\/p>\n<\/div>\n<\/div>\n<div class=\"q_list circle\">\n<ul>\n<li><span style=\"font-size: 12pt;\">potrafili obs\u0142ugiwa\u0107 system operacyjny MS Windows oraz edytor tekstu MS Word,<\/span><\/li>\n<li><span style=\"font-size: 12pt;\">umieli pozyskiwa\u0107 dane z sieci Internet oraz wykorzystywa\u0107 jej zasoby, w tym komunikacj\u0119,<\/span><\/li>\n<li><span style=\"font-size: 12pt;\">umieli prowadzi\u0107 negocjacje handlowe oraz utrzymywa\u0107 relacje z klientami,<\/span><\/li>\n<li><span style=\"font-size: 12pt;\">potrafili obs\u0142ugiwa\u0107 program Subiekt GT w zakresie gospodarki magazynowej i fakturowania,<\/span><\/li>\n<li><span style=\"font-size: 12pt;\">umieli obs\u0142ugiwa\u0107 kas\u0119 fiskaln\u0105,<\/span><\/li>\n<li><span style=\"font-size: 12pt;\">znali zasady BHP w pracy handlowca.<\/span><\/li>\n<\/ul>\n<p><span style=\"font-size: 12pt;\"><strong><a href=\"https:\/\/armz.pl\/wp-content\/uploads\/2021\/03\/szkolenie-handlowiec.pdf\" target=\"_blank\" rel=\"noopener\">Pobierz program<\/a><\/strong><\/span><\/p>\n<\/div>\n<\/div>\n<\/div>\n<\/div>\n<\/div>\n<\/div>\n<\/div>\n<p>[\/vc_column_text][\/vc_column][\/vc_row]<\/p>\n<\/section>","protected":false},"excerpt":{"rendered":"<p>[vc_row][vc_column][vc_column_text] SZKOLENIA: [\/vc_column_text][\/vc_column][\/vc_row][vc_row][vc_column][vc_column_text] SZKOLENIE \u2013\u00a0WARSZTATY INTERPERSONALNE\u00a0(8H) [\/vc_column_text][\/vc_column][\/vc_row][vc_row][vc_column width=&#8221;1\/2&#8243;][vc_column_text]Oferta skierowana wy\u0142\u0105cznie do uczestnik\u00f3w projektu\u00a0Czas na biznes w<\/p>\n","protected":false},"author":2,"featured_media":0,"parent":379,"menu_order":0,"comment_status":"closed","ping_status":"closed","template":"","meta":{"footnotes":""},"class_list":["post-444","page","type-page","status-publish","hentry"],"_links":{"self":[{"href":"https:\/\/armz.pl\/index.php?rest_route=\/wp\/v2\/pages\/444","targetHints":{"allow":["GET"]}}],"collection":[{"href":"https:\/\/armz.pl\/index.php?rest_route=\/wp\/v2\/pages"}],"about":[{"href":"https:\/\/armz.pl\/index.php?rest_route=\/wp\/v2\/types\/page"}],"author":[{"embeddable":true,"href":"https:\/\/armz.pl\/index.php?rest_route=\/wp\/v2\/users\/2"}],"replies":[{"embeddable":true,"href":"https:\/\/armz.pl\/index.php?rest_route=%2Fwp%2Fv2%2Fcomments&post=444"}],"version-history":[{"count":7,"href":"https:\/\/armz.pl\/index.php?rest_route=\/wp\/v2\/pages\/444\/revisions"}],"predecessor-version":[{"id":3605,"href":"https:\/\/armz.pl\/index.php?rest_route=\/wp\/v2\/pages\/444\/revisions\/3605"}],"up":[{"embeddable":true,"href":"https:\/\/armz.pl\/index.php?rest_route=\/wp\/v2\/pages\/379"}],"wp:attachment":[{"href":"https:\/\/armz.pl\/index.php?rest_route=%2Fwp%2Fv2%2Fmedia&parent=444"}],"curies":[{"name":"wp","href":"https:\/\/api.w.org\/{rel}","templated":true}]}}