{"id":3791,"date":"2025-12-23T06:37:25","date_gmt":"2025-12-23T06:37:25","guid":{"rendered":"https:\/\/armz.pl\/?page_id=3791"},"modified":"2026-01-22T10:45:37","modified_gmt":"2026-01-22T10:45:37","slug":"dokumenty-rekrutacyjne-4","status":"publish","type":"page","link":"https:\/\/armz.pl\/?page_id=3791","title":{"rendered":"Dokumenty rekrutacyjne"},"content":{"rendered":"<p data-start=\"205\" data-end=\"450\">Nab\u00f3r w ramach projektu\u00a0 prowadzony jest w formule ci\u0105g\u0142ej w rundach miesi\u0119cznych i trwa od 01 grudnia 2025 r. do 31 lipca 2028 r. do godziny 15:00.<\/p>\n<p data-start=\"205\" data-end=\"450\">Aby zg\u0142osi\u0107 si\u0119 do udzia\u0142u w projekcie \u201eKierunek: Eksport i Inwestycje \u2013 Ma\u0142opolska\u201d, przedsi\u0119biorca zobowi\u0105zany jest do z\u0142o\u017cenia kompletu dokument\u00f3w rekrutacyjnych, zgodnie z zasadami okre\u015blonymi w\u00a0Regulaminie rekrutacji i uczestnictwa.<\/p>\n<p data-start=\"452\" data-end=\"559\">Podstaw\u0105 udzia\u0142u w naborze jest Formularz rekrutacyjny wraz z wymaganymi\u00a0<a href=\"https:\/\/cbmz.pl\/zalaczniki\">za\u0142\u0105cznikami<\/a>.<\/p>\n<h3 data-start=\"67\" data-end=\"140\"><span style=\"font-size: 14pt;\"><strong><a href=\"https:\/\/cbmz.pl\/dokumenty-rekrutacyjne\" target=\"_blank\" rel=\"noopener\">\u2705\u00a0Dokumenty rekrutacyjne do pobrania &#8211; tutaj.<\/a><\/strong><\/span><\/h3>\n<p>Dokumenty rekrutacyjne mo\u017cna sk\u0142ada\u0107:<\/p>\n<p><strong>a) w formie elektronicznej<\/strong>\u00a0\u2013 w postaci skan\u00f3w dokument\u00f3w lub dokument\u00f3w podpisanych kwalifikowanym podpisem elektronicznym, przes\u0142anych na adres e-mail:<\/p>\n<p>\u2013 do Lidera projektu \u2013 Centrum Biznesu Ma\u0142opolski Zachodniej Sp. z o.o.: export@cbmz.pl<\/p>\n<p>\u2013 do Partnera projektu \u2013 Agencja Rozwoju Ma\u0142opolski Zachodniej S.A.: export@armz.pl<strong>,<\/strong>,<\/p>\n<p>z dopiskiem w tytule wiadomo\u015bci:\u00a0<em>\u201eRekrutacja do projektu \u201eKierunek: Eksport i Inwestycje &#8211; Ma\u0142opolska\u201d<\/em>;<\/p>\n<p><strong>b) osobi\u015bcie lub za po\u015brednictwem poczty tradycyjnej<\/strong>\u00a0na adres:<\/p>\n<p>\u2013 Lidera projektu \u2013 Centrum Biznesu Ma\u0142opolski Zachodniej Sp. z o.o., ul. Gospodarcza 24, 32-600 O\u015bwi\u0119cim<\/p>\n<p>\u2013 Partnera projektu \u2013 Agencja Rozwoju Ma\u0142opolski Zachodniej S.A. w Chrzanowie, ul. Grunwaldzka 5, 32-500 Chrzan\u00f3w<\/p>\n<p>W przypadku przes\u0142ania dokument\u00f3w rekrutacyjnych w formie elektronicznej jako skany, orygina\u0142y dokument\u00f3w nale\u017cy dostarczy\u0107 w terminie do 3 dni roboczych od dnia przes\u0142ania skan\u00f3w<strong>.\u00a0<\/strong>Za dat\u0119 z\u0142o\u017cenia dokument\u00f3w uznaje si\u0119 dat\u0119 ich wp\u0142ywu do Biura Projektu.<\/p>\n<p data-start=\"1244\" data-end=\"1391\">Szczeg\u00f3\u0142owe informacje dotycz\u0105ce zasad naboru, kryteri\u00f3w oceny oraz wymaganej dokumentacji dost\u0119pne s\u0105 w\u00a0<strong>Regulaminie rekrutacji i uczestnictwa.<\/strong><\/p>\n<hr \/>\n<p data-start=\"1244\" data-end=\"1391\">#FunduszeUE#FunduszeEuropejskie<\/p>\n","protected":false},"excerpt":{"rendered":"<p>Nab\u00f3r w ramach projektu\u00a0 prowadzony jest w formule ci\u0105g\u0142ej w rundach miesi\u0119cznych i trwa od 01<\/p>\n","protected":false},"author":2,"featured_media":0,"parent":0,"menu_order":0,"comment_status":"closed","ping_status":"closed","template":"","meta":{"footnotes":""},"class_list":["post-3791","page","type-page","status-publish","hentry"],"_links":{"self":[{"href":"https:\/\/armz.pl\/index.php?rest_route=\/wp\/v2\/pages\/3791","targetHints":{"allow":["GET"]}}],"collection":[{"href":"https:\/\/armz.pl\/index.php?rest_route=\/wp\/v2\/pages"}],"about":[{"href":"https:\/\/armz.pl\/index.php?rest_route=\/wp\/v2\/types\/page"}],"author":[{"embeddable":true,"href":"https:\/\/armz.pl\/index.php?rest_route=\/wp\/v2\/users\/2"}],"replies":[{"embeddable":true,"href":"https:\/\/armz.pl\/index.php?rest_route=%2Fwp%2Fv2%2Fcomments&post=3791"}],"version-history":[{"count":4,"href":"https:\/\/armz.pl\/index.php?rest_route=\/wp\/v2\/pages\/3791\/revisions"}],"predecessor-version":[{"id":3815,"href":"https:\/\/armz.pl\/index.php?rest_route=\/wp\/v2\/pages\/3791\/revisions\/3815"}],"wp:attachment":[{"href":"https:\/\/armz.pl\/index.php?rest_route=%2Fwp%2Fv2%2Fmedia&parent=3791"}],"curies":[{"name":"wp","href":"https:\/\/api.w.org\/{rel}","templated":true}]}}