{"id":3295,"date":"2025-03-13T06:57:14","date_gmt":"2025-03-13T06:57:14","guid":{"rendered":"https:\/\/armz.pl\/?page_id=3295"},"modified":"2025-03-19T09:30:58","modified_gmt":"2025-03-19T09:30:58","slug":"wyniki-naborow-biznesplanow","status":"publish","type":"page","link":"https:\/\/armz.pl\/?page_id=3295","title":{"rendered":"Wyniki nabor\u00f3w biznesplan\u00f3w"},"content":{"rendered":"<p><strong><u>Wyniki I nab\u00f3r biznesplan\u00f3w, dla os\u00f3b kt\u00f3re uko\u0144czy\u0142y szkolenia w dniu 15.07.2024 r.,:<\/u><\/strong><\/p>\n<p><a href=\"https:\/\/armz.pl\/wp-content\/uploads\/2024\/08\/Lista-Rankingowa-BP.pdf\">Lista Rankingowa BP<\/a><\/p>\n<p><strong><u>Wyniki II nab\u00f3r biznesplan\u00f3w, dla os\u00f3b kt\u00f3re uko\u0144czy\u0142y szkolenia w dniu 06.09.2024 r.,:<\/u><\/strong><\/p>\n<p><a href=\"https:\/\/armz.pl\/wp-content\/uploads\/2024\/10\/Lista-Rankingowa-BP.pdf\">Lista Rankingowa BP<\/a><\/p>\n<p><a href=\"https:\/\/armz.pl\/wp-content\/uploads\/2024\/10\/Ostateczna-Lista-Rankingowa-BP.pdf\">Ostateczna Lista Rankingowa BP<\/a><\/p>\n<p><span style=\"text-decoration: underline;\"><strong>Wyniki III nab\u00f3r biznes plan\u00f3w dla os\u00f3b kt\u00f3re uko\u0144czy\u0142y szkolenia w dniu\u00a0 17.12.2024 r. wraz z za\u0142\u0105czon\u0105 list\u0105 rankingow\u0105.<\/strong><\/span><\/p>\n<p><a href=\"https:\/\/armz.pl\/wp-content\/uploads\/2025\/02\/Lista-Rankingowa-BP.pdf\">Lista Rankingowa BP<\/a><\/p>\n<p><strong>Wyniki IV nab\u00f3r biznes plan\u00f3w dla os\u00f3b kt\u00f3re uko\u0144czy\u0142y szkolenia w dniu\u00a0 11.02.2025 r. wraz z za\u0142\u0105czon\u0105 list\u0105 rankingow\u0105.<\/strong><\/p>\n<p><a href=\"https:\/\/armz.pl\/wp-content\/uploads\/2025\/03\/Lista-Rankingowa-BP.pdf\">Lista Rankingowa BP<\/a><\/p>\n","protected":false},"excerpt":{"rendered":"<p>Wyniki I nab\u00f3r biznesplan\u00f3w, dla os\u00f3b kt\u00f3re uko\u0144czy\u0142y szkolenia w dniu 15.07.2024 r.,: Lista Rankingowa BP<\/p>\n","protected":false},"author":2,"featured_media":0,"parent":0,"menu_order":0,"comment_status":"closed","ping_status":"closed","template":"","meta":{"footnotes":""},"class_list":["post-3295","page","type-page","status-publish","hentry"],"_links":{"self":[{"href":"https:\/\/armz.pl\/index.php?rest_route=\/wp\/v2\/pages\/3295","targetHints":{"allow":["GET"]}}],"collection":[{"href":"https:\/\/armz.pl\/index.php?rest_route=\/wp\/v2\/pages"}],"about":[{"href":"https:\/\/armz.pl\/index.php?rest_route=\/wp\/v2\/types\/page"}],"author":[{"embeddable":true,"href":"https:\/\/armz.pl\/index.php?rest_route=\/wp\/v2\/users\/2"}],"replies":[{"embeddable":true,"href":"https:\/\/armz.pl\/index.php?rest_route=%2Fwp%2Fv2%2Fcomments&post=3295"}],"version-history":[{"count":7,"href":"https:\/\/armz.pl\/index.php?rest_route=\/wp\/v2\/pages\/3295\/revisions"}],"predecessor-version":[{"id":3552,"href":"https:\/\/armz.pl\/index.php?rest_route=\/wp\/v2\/pages\/3295\/revisions\/3552"}],"wp:attachment":[{"href":"https:\/\/armz.pl\/index.php?rest_route=%2Fwp%2Fv2%2Fmedia&parent=3295"}],"curies":[{"name":"wp","href":"https:\/\/api.w.org\/{rel}","templated":true}]}}