{"id":3196,"date":"2024-06-19T06:53:10","date_gmt":"2024-06-19T06:53:10","guid":{"rendered":"https:\/\/armz.pl\/?page_id=3196"},"modified":"2026-02-09T11:49:55","modified_gmt":"2026-02-09T11:49:55","slug":"dokumenty-do-poszczegolnych-form-wsparcia","status":"publish","type":"page","link":"https:\/\/armz.pl\/?page_id=3196","title":{"rendered":"Dokumenty do poszczeg\u00f3lnych form wsparcia"},"content":{"rendered":"<p><strong>Dotacje na podj\u0119cie dzia\u0142alno\u015bci gosporaczej:\u00a0<\/strong><\/p>\n<p><a href=\"https:\/\/armz.pl\/wp-content\/uploads\/2024\/06\/do-poprawy-Regulamin-przyznawania-srodkow-finansowych-na-zalozenie-wlasnej-dzialanosci-gospodarczej.pdf\">Regulamin przyznawania \u015brodk\u00f3w finansowych na za\u0142o\u017cenie w\u0142asnej dzia\u0142ano\u015bci gospodarczej<\/a><\/p>\n<p><a href=\"https:\/\/armz.pl\/wp-content\/uploads\/2024\/06\/do-poprawy-Zal.-nr-1-do-Regulaminu.-biznesplan.docx\">Za\u0142\u0105cznik nr 1 do Regulaminu &#8211; biznesplan<\/a><\/p>\n<p><a href=\"https:\/\/armz.pl\/wp-content\/uploads\/2024\/06\/Zal.-nr-5-do-Regulaminu-Rozliczenie-otrzymanego-wsparcia-finansowego.xlsx\">Za\u0142\u0105cznik nr 5 do Regulaminu &#8211; Rozliczenie otrzymanego wsparcia finansowego<\/a><\/p>\n<p><a href=\"https:\/\/armz.pl\/wp-content\/uploads\/2024\/06\/Zalacznik-nr-2-do-biznesplanu-Oswiadczenie-o-pomocy-de-minimis-1.docx\">Za\u0142\u0105cznik nr 2 do biznesplanu &#8211; O\u015bwiadczenie o pomocy de minimis<\/a><\/p>\n<p><a href=\"https:\/\/armz.pl\/wp-content\/uploads\/2024\/08\/zalacznik-nr-3-do-biznesplanu-formularz_de_minimis.xlsx\">za\u0142\u0105cznik nr 3 do biznesplanu formularz_de_minimis<\/a><\/p>\n<p><a href=\"https:\/\/armz.pl\/wp-content\/uploads\/2024\/06\/do-poprawy-Zal.-nr-4-do-Regulaminiu-Umowa-o-udzielenie-wsparcia-finansowego.pdf\">Za\u0142\u0105cznik nr 4 do Regulaminiu &#8211; Umowa o udzielenie wsparcia finansowego<\/a><\/p>\n<p><a href=\"https:\/\/armz.pl\/wp-content\/uploads\/2024\/06\/Zalacznik-nr-5-do-biznesplanu-Oswiadczenia.docx\">Za\u0142\u0105cznik nr 5 do biznesplanu &#8211; O\u015bwiadczenia<\/a><\/p>\n<p><a href=\"https:\/\/armz.pl\/wp-content\/uploads\/2024\/06\/Standard-oceny-biznesplanow.pdf\">Standard oceny biznesplan\u00f3w<\/a><\/p>\n<p><strong>Szkolenia:<\/strong><\/p>\n<p><a href=\"https:\/\/armz.pl\/wp-content\/uploads\/2024\/06\/Umowa-z-firma-szkoleniowa.docx\">Umowa z firm\u0105 szkoleniow\u0105<\/a><\/p>\n<p><a href=\"https:\/\/armz.pl\/wp-content\/uploads\/2024\/06\/umowa-na-realizacje-szkolen-z-uczestnikiem-projektu.doc\">Umowa-na-realizacje-szkolen-z-uczestnikiem-projektu<\/a><\/p>\n<p><a href=\"https:\/\/armz.pl\/wp-content\/uploads\/2024\/06\/nota-obciazeniowa-badania-wstepne.docx\">nota obci\u0105\u017ceniowa- badania wst\u0119pne<\/a><\/p>\n<p><a href=\"https:\/\/armz.pl\/wp-content\/uploads\/2024\/06\/Wniosek-o-zwrot-kosztow-poniesionych-przez-Pracodawce-staz.doc\">Wniosek o zwrot koszt\u00f3w poniesionych przez Pracodawc\u0119<\/a><\/p>\n<p><a href=\"https:\/\/armz.pl\/wp-content\/uploads\/2024\/06\/Wniosek-o-zwrot-kosztow-przejazdu.docx\">Wniosek o zwrot koszt\u00f3w przejazdu<\/a><\/p>\n<p><a href=\"https:\/\/armz.pl\/wp-content\/uploads\/2024\/06\/wniosek-o-zwrot-kosztow-w-ramach-szkolen_wzor-2.doc\">Wniosek o zwrot koszt\u00f3w w ramach szkolenia<\/a><\/p>\n<p><strong>Sta\u017ce:<\/strong><\/p>\n<p><a href=\"https:\/\/armz.pl\/wp-content\/uploads\/2024\/06\/Wniosek-o-zorganizowanie-stazu.docx\">Wniosek o zorganizowanie sta\u017cu<\/a><\/p>\n<p><a href=\"https:\/\/armz.pl\/wp-content\/uploads\/2024\/06\/Umowa-o-zorganizowanie-stazu.docx\">Umowa o zorganizowanie sta\u017cu<\/a><\/p>\n<p><a href=\"https:\/\/armz.pl\/wp-content\/uploads\/2024\/06\/Miesieczne-sprawozdanie-z-przebiegu-stazu.docx\">Miesi\u0119czne sprawozdanie z przebiegu sta\u017cu<\/a><\/p>\n<p><a href=\"https:\/\/armz.pl\/wp-content\/uploads\/2024\/06\/wniosek-o-refundacje-wynagrodzenia-opiekuna-stazysty.docx\">wniosek o refundacj\u0119 wynagrodzenia opiekuna sta\u017cysty<\/a><\/p>\n<p><a href=\"https:\/\/armz.pl\/wp-content\/uploads\/2024\/06\/Porozumienie-stron-w-sprawie-refundacji-kosztow-wynagrodzenia-opiekuna-stazysty.docx\">Porozumienie stron w sprawie refundacji koszt\u00f3w wynagrodzenia opiekuna sta\u017cysty<\/a><\/p>\n<p><strong>Subsydiowane zatrudnienie:<\/strong><\/p>\n<p><a href=\"https:\/\/armz.pl\/wp-content\/uploads\/2024\/06\/umowa-o-udzielenie-subsydiowanego-zatrudnienia.docx\">umowa o udzielenie subsydiowanego zatrudnienia<\/a><\/p>\n<p><a href=\"https:\/\/armz.pl\/wp-content\/uploads\/2024\/06\/wniosek-o-refundacje.docx\">wniosek o refundacj\u0119<\/a><\/p>\n<p><a href=\"https:\/\/armz.pl\/wp-content\/uploads\/2024\/06\/wniosek-o-subsydiowane-WZOR-1.docx\">wniosek o subsydiowane zatrudnienie<\/a><\/p>\n<p><a href=\"https:\/\/armz.pl\/wp-content\/uploads\/2025\/03\/Zalacznik-nr-1-Oswiadczenie-o-pomocy-de-minimis-AKTUALNY.docx\">Za\u0142\u0105cznik nr 1 &#8211; O\u015bwiadczenie o pomocy de minimis<\/a><\/p>\n<p><a href=\"https:\/\/armz.pl\/wp-content\/uploads\/2026\/02\/Zalacznik-nr-2-formularz_de_minimis_nowy.docx\">Za\u0142\u0105cznik nr 2 &#8211; formularz de minimis<\/a><\/p>\n<p>&nbsp;<\/p>\n","protected":false},"excerpt":{"rendered":"<p>Dotacje na podj\u0119cie dzia\u0142alno\u015bci gosporaczej:\u00a0 Regulamin przyznawania \u015brodk\u00f3w finansowych na za\u0142o\u017cenie w\u0142asnej dzia\u0142ano\u015bci gospodarczej Za\u0142\u0105cznik nr<\/p>\n","protected":false},"author":2,"featured_media":0,"parent":0,"menu_order":0,"comment_status":"closed","ping_status":"closed","template":"","meta":{"footnotes":""},"class_list":["post-3196","page","type-page","status-publish","hentry"],"_links":{"self":[{"href":"https:\/\/armz.pl\/index.php?rest_route=\/wp\/v2\/pages\/3196","targetHints":{"allow":["GET"]}}],"collection":[{"href":"https:\/\/armz.pl\/index.php?rest_route=\/wp\/v2\/pages"}],"about":[{"href":"https:\/\/armz.pl\/index.php?rest_route=\/wp\/v2\/types\/page"}],"author":[{"embeddable":true,"href":"https:\/\/armz.pl\/index.php?rest_route=\/wp\/v2\/users\/2"}],"replies":[{"embeddable":true,"href":"https:\/\/armz.pl\/index.php?rest_route=%2Fwp%2Fv2%2Fcomments&post=3196"}],"version-history":[{"count":7,"href":"https:\/\/armz.pl\/index.php?rest_route=\/wp\/v2\/pages\/3196\/revisions"}],"predecessor-version":[{"id":3831,"href":"https:\/\/armz.pl\/index.php?rest_route=\/wp\/v2\/pages\/3196\/revisions\/3831"}],"wp:attachment":[{"href":"https:\/\/armz.pl\/index.php?rest_route=%2Fwp%2Fv2%2Fmedia&parent=3196"}],"curies":[{"name":"wp","href":"https:\/\/api.w.org\/{rel}","templated":true}]}}