{"id":3135,"date":"2024-05-20T08:47:03","date_gmt":"2024-05-20T08:47:03","guid":{"rendered":"https:\/\/armz.pl\/?page_id=3135"},"modified":"2024-12-27T11:06:34","modified_gmt":"2024-12-27T11:06:34","slug":"dokumenty-do-pobrania","status":"publish","type":"page","link":"https:\/\/armz.pl\/?page_id=3135","title":{"rendered":"Dokumenty do pobrania"},"content":{"rendered":"<p><strong>Rekrutacja:<\/strong><\/p>\n<p><a href=\"https:\/\/armz.pl\/wp-content\/uploads\/2024\/11\/regulamin-rekrutacji-i-uczestnictwa-w-projekcie-nowa-sciezka-sukcesu.pdf\">Regulamin rekrutacji i uczestnictwa w projekcie nowa \u015bcie\u017cka sukcesu<\/a><\/p>\n<p><a href=\"https:\/\/armz.pl\/wp-content\/uploads\/2024\/05\/Zalacznik-nr-7-do-Regulaminu-Wniosek-o-przyznanie-dodatku-relokacyjnego.doc\">Za\u0142\u0105cznik nr 7 do Regulaminu &#8211; Wniosek o przyznanie dodatku relokacyjnego<\/a><\/p>\n<p><a href=\"https:\/\/armz.pl\/wp-content\/uploads\/2024\/05\/Zalacznik-nr-8-do-Regulaminu-Wniosek-na-sfinansowanie-kosztow-dojazdu-do-miejsca-zatrudnienia.doc\">Za\u0142\u0105cznik nr 8 do Regulaminu &#8211; Wniosek na sfinansowanie koszt\u00f3w dojazdu do miejsca zatrudnienia<\/a><\/p>\n<p><a href=\"https:\/\/armz.pl\/wp-content\/uploads\/2024\/12\/CZB-Zalacznik-nr-1-do-Regulaminu-Formularz-rekrutacyjny-\u2014-kopia-1.docx\">Za\u0142\u0105cznik nr 1 do Regulaminu &#8211; Formularz rekrutacyjny &#8211; wersja czarno-bia\u0142a<\/a><\/p>\n<p><a href=\"https:\/\/armz.pl\/wp-content\/uploads\/2024\/12\/Zalacznik-nr-1-do-Regulaminu-Formularz-rekrutacyjny-2.docx\">Za\u0142\u0105cznik nr 1 do Regulaminu &#8211; Formularz-rekrutacyjny<\/a><\/p>\n<p><a href=\"https:\/\/armz.pl\/wp-content\/uploads\/2024\/05\/Zalacznik-nr-1-do-formularza-rekrutacyjnego-Oswiadczenie-UP-o-nieposiadaniu-dodatkowego-zrodla-dochodu.docx\">Za\u0142\u0105cznik nr 1 do formularza rekrutacyjnego &#8211; O\u015bwiadczenie UP o nieposiadaniu dodatkowego \u017ar\u00f3d\u0142a dochodu<\/a><\/p>\n<p><a href=\"https:\/\/armz.pl\/wp-content\/uploads\/2024\/06\/CZB-Zalacznik-nr-1-do-formularza-rekrutacyjnego-Oswiadczenie-UP-o-nieposiadaniu-dodatkowego-zrodla-dochodu-\u2014-kopia.docx\">Za\u0142\u0105cznik nr 1 do formularza rekrutacyjnego &#8211; O\u015bwiadczenie UP o nieposiadaniu dodatkowego \u017ar\u00f3d\u0142a dochodu \u2014 wersja czarno-bia\u0142a<\/a><\/p>\n<p><a href=\"https:\/\/armz.pl\/wp-content\/uploads\/2024\/06\/Zalacznik-nr-2-do-formularza-rekrutacyjnego-Wzor-zaswiadczenia-dla-osob-zagrozonych-przewidzianych-do-zwolnienia-zwolnionych.docx\">Za\u0142\u0105cznik nr 2 do formularza rekrutacyjnego &#8211; Wz\u00f3r za\u015bwiadczenia dla os\u00f3b zagro\u017conych przewidzianych do zwolnienia zwolnionych<\/a><\/p>\n<p><a href=\"https:\/\/armz.pl\/wp-content\/uploads\/2024\/06\/Zalacznik-nr-2-do-formularza-rekrutacyjnego-Wzor-zaswiadczenia-dla-osob-zagrozonych-przewidzianych-do-zwolnienia-zwolnionych-\u2014-CZB.docx\">Za\u0142\u0105cznik nr 2 do formularza rekrutacyjnego &#8211; Wz\u00f3r za\u015bwiadczenia dla os\u00f3b zagro\u017conych przewidzianych do zwolnienia zwolnionych \u2014 wersja czarno-bia\u0142a<\/a><\/p>\n<p><a href=\"https:\/\/armz.pl\/wp-content\/uploads\/2024\/05\/Zalacznik-nr-3-do-formularza-rekrutacyjnego-Oswiadczenie-osoby-odchodzacej-z-rolnictwa.docx\">Za\u0142\u0105cznik nr 3 do formularza rekrutacyjnego &#8211; O\u015bwiadczenie osoby odchodz\u0105cej z rolnictwa<\/a><\/p>\n<p><a href=\"https:\/\/armz.pl\/wp-content\/uploads\/2024\/06\/CZB-Zalacznik-nr-3-do-formularza-rekrutacyjnego-Oswiadczenie-osoby-odchodzacej-z-rolnictwa-\u2014-kopia.docx\">Za\u0142\u0105cznik nr 3 do formularza rekrutacyjnego &#8211; O\u015bwiadczenie osoby odchodz\u0105cej z rolnictwa \u2014 wersja czarno-bia\u0142a<\/a><\/p>\n<p><a href=\"https:\/\/armz.pl\/wp-content\/uploads\/2024\/11\/Umowa-uczestnictwa-w-projekcie.pdf\">Umowa uczestnictwa w projekcie<\/a><\/p>\n<p><a href=\"https:\/\/armz.pl\/wp-content\/uploads\/2024\/05\/ZUS-US-7-druk.pdf\">ZUS-US-7-druk<\/a><\/p>\n<p>&nbsp;<\/p>\n<p>&nbsp;<\/p>\n","protected":false},"excerpt":{"rendered":"<p>Rekrutacja: Regulamin rekrutacji i uczestnictwa w projekcie nowa \u015bcie\u017cka sukcesu Za\u0142\u0105cznik nr 7 do Regulaminu &#8211;<\/p>\n","protected":false},"author":2,"featured_media":0,"parent":0,"menu_order":0,"comment_status":"closed","ping_status":"closed","template":"","meta":{"footnotes":""},"class_list":["post-3135","page","type-page","status-publish","hentry"],"_links":{"self":[{"href":"https:\/\/armz.pl\/index.php?rest_route=\/wp\/v2\/pages\/3135","targetHints":{"allow":["GET"]}}],"collection":[{"href":"https:\/\/armz.pl\/index.php?rest_route=\/wp\/v2\/pages"}],"about":[{"href":"https:\/\/armz.pl\/index.php?rest_route=\/wp\/v2\/types\/page"}],"author":[{"embeddable":true,"href":"https:\/\/armz.pl\/index.php?rest_route=\/wp\/v2\/users\/2"}],"replies":[{"embeddable":true,"href":"https:\/\/armz.pl\/index.php?rest_route=%2Fwp%2Fv2%2Fcomments&post=3135"}],"version-history":[{"count":7,"href":"https:\/\/armz.pl\/index.php?rest_route=\/wp\/v2\/pages\/3135\/revisions"}],"predecessor-version":[{"id":3485,"href":"https:\/\/armz.pl\/index.php?rest_route=\/wp\/v2\/pages\/3135\/revisions\/3485"}],"wp:attachment":[{"href":"https:\/\/armz.pl\/index.php?rest_route=%2Fwp%2Fv2%2Fmedia&parent=3135"}],"curies":[{"name":"wp","href":"https:\/\/api.w.org\/{rel}","templated":true}]}}