{"id":3118,"date":"2024-05-17T10:21:26","date_gmt":"2024-05-17T10:21:26","guid":{"rendered":"https:\/\/armz.pl\/?page_id=3118"},"modified":"2026-03-09T13:29:52","modified_gmt":"2026-03-09T13:29:52","slug":"pozyczka-uniwersalna-dla-msp-malopolska-pozyczka","status":"publish","type":"page","link":"https:\/\/armz.pl\/?page_id=3118","title":{"rendered":"Po\u017cyczka uniwersalna dla M\u015aP &#8211; ma\u0142opolska po\u017cyczka"},"content":{"rendered":"<h1 style=\"text-align: center;\"><strong>Po\u017cyczka uniwersalna dla M\u015aP &#8211; ma\u0142opolska po\u017cyczka<\/strong><br \/>\n<img loading=\"lazy\" decoding=\"async\" class=\"wp-image-3239 alignleft\" src=\"https:\/\/armz.pl\/wp-content\/uploads\/2024\/06\/logo-MFR-poziom-KOLOR.jpg\" alt=\"\" width=\"470\" height=\"171\" srcset=\"https:\/\/armz.pl\/wp-content\/uploads\/2024\/06\/logo-MFR-poziom-KOLOR.jpg 1078w, https:\/\/armz.pl\/wp-content\/uploads\/2024\/06\/logo-MFR-poziom-KOLOR-300x109.jpg 300w, https:\/\/armz.pl\/wp-content\/uploads\/2024\/06\/logo-MFR-poziom-KOLOR-1024x372.jpg 1024w, https:\/\/armz.pl\/wp-content\/uploads\/2024\/06\/logo-MFR-poziom-KOLOR-768x279.jpg 768w, https:\/\/armz.pl\/wp-content\/uploads\/2024\/06\/logo-MFR-poziom-KOLOR-260x95.jpg 260w, https:\/\/armz.pl\/wp-content\/uploads\/2024\/06\/logo-MFR-poziom-KOLOR-50x18.jpg 50w, https:\/\/armz.pl\/wp-content\/uploads\/2024\/06\/logo-MFR-poziom-KOLOR-150x55.jpg 150w\" sizes=\"auto, (max-width: 470px) 100vw, 470px\" \/><img loading=\"lazy\" decoding=\"async\" class=\"wp-image-3238 alignnone\" src=\"https:\/\/armz.pl\/wp-content\/uploads\/2024\/06\/dymek_cyjan-Malopolska-inwestuje-scaled-1.jpg\" alt=\"\" width=\"268\" height=\"220\" srcset=\"https:\/\/armz.pl\/wp-content\/uploads\/2024\/06\/dymek_cyjan-Malopolska-inwestuje-scaled-1.jpg 2560w, https:\/\/armz.pl\/wp-content\/uploads\/2024\/06\/dymek_cyjan-Malopolska-inwestuje-scaled-1-300x246.jpg 300w, https:\/\/armz.pl\/wp-content\/uploads\/2024\/06\/dymek_cyjan-Malopolska-inwestuje-scaled-1-1024x840.jpg 1024w, https:\/\/armz.pl\/wp-content\/uploads\/2024\/06\/dymek_cyjan-Malopolska-inwestuje-scaled-1-768x630.jpg 768w, https:\/\/armz.pl\/wp-content\/uploads\/2024\/06\/dymek_cyjan-Malopolska-inwestuje-scaled-1-1536x1261.jpg 1536w, https:\/\/armz.pl\/wp-content\/uploads\/2024\/06\/dymek_cyjan-Malopolska-inwestuje-scaled-1-2048x1681.jpg 2048w, https:\/\/armz.pl\/wp-content\/uploads\/2024\/06\/dymek_cyjan-Malopolska-inwestuje-scaled-1-178x146.jpg 178w, https:\/\/armz.pl\/wp-content\/uploads\/2024\/06\/dymek_cyjan-Malopolska-inwestuje-scaled-1-50x41.jpg 50w, https:\/\/armz.pl\/wp-content\/uploads\/2024\/06\/dymek_cyjan-Malopolska-inwestuje-scaled-1-91x75.jpg 91w\" sizes=\"auto, (max-width: 268px) 100vw, 268px\" \/><\/h1>\n<p><span style=\"font-size: 10.0pt; font-family: 'Verdana',sans-serif;\">\u00a0<\/span><\/p>\n<p><strong><span style=\"font-size: 10.0pt; font-family: 'Verdana',sans-serif;\">\u201ePo\u017cyczka Uniwersalna udzielana w ramach Linii Po\u017cyczkowej udost\u0119pnionej Konsorcjum w sk\u0142adzie: Centrum Biznesu Ma\u0142opolski Zachodniej Sp. z o.o. jako Liderowi Konsorcjum oraz Agencji Rozwoju Ma\u0142opolski Zachodniej S.A. jako Partnerowi Konsorcjum przez Ma\u0142opolski Fundusz Rozwoju Sp. z o.o. ze \u015brodk\u00f3w publicznych powierzonych przez Wojew\u00f3dztwo Ma\u0142opolskie w ramach Ma\u0142opolskiej Po\u017cyczki\u201d<\/span><\/strong><\/p>\n<p>&nbsp;<\/p>\n<p><strong>Szanowni Pa\u0144stwo,<\/strong><\/p>\n<p>informujemy, \u017ce 17.05.2024 r. zostanie uruchomiony ci\u0105g\u0142y nab\u00f3r wniosk\u00f3w o po\u017cyczki z Funduszu Po\u017cyczkowego PO\u017bYCZKA UNIWERSALNA dla M\u015aP (Ma\u0142opolska Po\u017cyczka). Po\u017cyczki Uniwersalne przeznaczone s\u0105 na finansowanie przedsi\u0119wzi\u0119\u0107 gospodarczych, ekonomicznie rentownych, realizowanych przez ma\u0142opolskie M\u015aP, w szczeg\u00f3lno\u015bci na pokrycie z tego tytu\u0142u ich wszelkich wydatk\u00f3w inwestycyjnych i bie\u017c\u0105cych na terenie wojew\u00f3dztwa ma\u0142opolskiego i pochodz\u0105 z linii po\u017cyczkowej Ma\u0142opolskiego Funduszu Rozwoju sp. z o.o.<\/p>\n<p>Oferta po\u017cyczkowa skierowana jest do mikro, ma\u0142ych i \u015brednich przedsi\u0119biorc\u00f3w,\u00a0prowadz\u0105cych dzia\u0142alno\u015b\u0107 gospodarcz\u0105 na obszarze<br \/>\nwojew\u00f3dztwa ma\u0142opolskiego, kt\u00f3rzy zgodnie z w\u0142a\u015bciwymi dokumentami rejestrowymi posiadaj\u0105 na obszarze wojew\u00f3dztwa ma\u0142opolskiego\u00a0siedzib\u0119 lub oddzia\u0142.<\/p>\n<div class=\"vc_separator wpb_content_element vc_separator_align_left vc_sep_width_100 vc_sep_border_width_2 vc_sep_pos_align_center vc_sep_color_grey naglowek-paska vc_separator-has-text\">\n<hr \/>\n<h2><strong>Warunki po\u017cyczki<\/strong><\/h2>\n<\/div>\n<div class=\"wpb_text_column wpb_content_element cesis_text_transform_none \">\n<div class=\"wpb_wrapper\">\n<ul>\n<li>kwota po\u017cyczki \u2013 od 30 000 z\u0142 do 2 000 000 z\u0142<\/li>\n<li>sp\u0142ata \u2013 maksymalnie do 84 miesi\u0119cy<\/li>\n<li>karencja \u2013 do 6 miesi\u0119cy<\/li>\n<li>oprocentowanie \u2013 od 7,30%<\/li>\n<li>prowizja \u2013 od 0,5 %<\/li>\n<li>przeznaczenie po\u017cyczki \u2013 cele obrotowe i inwestycyjne<\/li>\n<li>zabezpieczenie po\u017cyczki mo\u017ce stanowi\u0107 m.in. weksel in blanco, por\u0119czenie os\u00f3b trzecich, hipoteka, zastaw rejestrowy, blokada \u015brodk\u00f3w na rachunku bankowym oraz inne zaakceptowane przez Zarz\u0105d ARMZ<\/li>\n<li>bez wk\u0142adu w\u0142asnego<\/li>\n<\/ul>\n<hr \/>\n<p>Wnioski wraz z za\u0142\u0105cznikami nale\u017cy wype\u0142ni\u0107 elektronicznie.<br \/>\nKomplet dokument\u00f3w mo\u017cna z\u0142o\u017cy\u0107 tylko w wersji papierowej w siedzibie firmy:<\/p>\n<p>Agencja Rozwoju Ma\u0142opolski Zachodniej S.A.<br \/>\nul. Grunwaldzka 5<br \/>\n32-500 Chrzan\u00f3w<br \/>\nw godz. 7.00 &#8211; 15.00<\/p>\n<p>Wnioski mo\u017cna konsultowa\u0107, przesy\u0142aj\u0105c je na adres: biuro@armz.pl<\/p>\n<\/div>\n<p><a href=\"https:\/\/armz.pl\/wp-content\/uploads\/2024\/05\/Regulamin-Pozyczka-Uniwersalna-Malopolska-Pozyczka.pdf\">Regulamin Po\u017cyczka Uniwersalna Ma\u0142opolska Po\u017cyczka<\/a><\/p>\n<p><a href=\"https:\/\/armz.pl\/wp-content\/uploads\/2024\/05\/wniosek-pozyczkowy-Malopolska-Pozyczka.doc\">wniosek pozyczkowy Ma\u0142opolska Po\u017cyczka<\/a><\/p>\n<p><a href=\"https:\/\/armz.pl\/wp-content\/uploads\/2024\/05\/zal.-nr-1a-1b-planowane-przeplywy-oraz-bilans-MP.xlsx\">za\u0142. nr 1a 1b planowane przep\u0142ywy oraz bilans MP<\/a><\/p>\n<p><a href=\"https:\/\/armz.pl\/wp-content\/uploads\/2024\/07\/zal.-nr-2-oswiadczenie-o-spelnianiu-kryteriow-msp-MP.docx\">za\u0142. nr 2 o\u015bwiadczenie o spe\u0142nianiu kryteri\u00f3w M\u015aP<\/a><br \/>\n<a href=\"https:\/\/armz.pl\/wp-content\/uploads\/2024\/05\/zal.-nr-3-kwestionariusz-osobisty-MP.docx\">za\u0142. nr 3 kwestionariusz osobisty MP<\/a><\/p>\n<p><a href=\"https:\/\/armz.pl\/wp-content\/uploads\/2024\/05\/zal.-nr-4-tabela-oplat-i-prowizji-MP.pdf\">za\u0142. nr 4 tabela op\u0142at i prowizji MP<\/a><\/p>\n<p><a href=\"https:\/\/armz.pl\/wp-content\/uploads\/2024\/05\/Kopia-pliku-zal.-nr-5-wzor_rozliczenie-MP.xlsx\">za\u0142. nr 5 wz\u00f3r_rozliczenie MP<\/a><\/p>\n<p><a href=\"https:\/\/armz.pl\/wp-content\/uploads\/2024\/10\/pozyczkawzor-umowy-002.docx\">wz\u00f3r umowy\u00a0<\/a><\/p>\n<\/div>\n","protected":false},"excerpt":{"rendered":"<p>Po\u017cyczka uniwersalna dla M\u015aP &#8211; ma\u0142opolska po\u017cyczka \u00a0 \u201ePo\u017cyczka Uniwersalna udzielana w ramach Linii Po\u017cyczkowej udost\u0119pnionej<\/p>\n","protected":false},"author":2,"featured_media":0,"parent":400,"menu_order":0,"comment_status":"closed","ping_status":"closed","template":"","meta":{"footnotes":""},"class_list":["post-3118","page","type-page","status-publish","hentry"],"_links":{"self":[{"href":"https:\/\/armz.pl\/index.php?rest_route=\/wp\/v2\/pages\/3118","targetHints":{"allow":["GET"]}}],"collection":[{"href":"https:\/\/armz.pl\/index.php?rest_route=\/wp\/v2\/pages"}],"about":[{"href":"https:\/\/armz.pl\/index.php?rest_route=\/wp\/v2\/types\/page"}],"author":[{"embeddable":true,"href":"https:\/\/armz.pl\/index.php?rest_route=\/wp\/v2\/users\/2"}],"replies":[{"embeddable":true,"href":"https:\/\/armz.pl\/index.php?rest_route=%2Fwp%2Fv2%2Fcomments&post=3118"}],"version-history":[{"count":15,"href":"https:\/\/armz.pl\/index.php?rest_route=\/wp\/v2\/pages\/3118\/revisions"}],"predecessor-version":[{"id":3839,"href":"https:\/\/armz.pl\/index.php?rest_route=\/wp\/v2\/pages\/3118\/revisions\/3839"}],"up":[{"embeddable":true,"href":"https:\/\/armz.pl\/index.php?rest_route=\/wp\/v2\/pages\/400"}],"wp:attachment":[{"href":"https:\/\/armz.pl\/index.php?rest_route=%2Fwp%2Fv2%2Fmedia&parent=3118"}],"curies":[{"name":"wp","href":"https:\/\/api.w.org\/{rel}","templated":true}]}}