{"id":3041,"date":"2025-09-10T00:03:47","date_gmt":"2025-09-10T00:03:47","guid":{"rendered":"https:\/\/armz.pl\/?page_id=3041"},"modified":"2025-12-18T08:29:06","modified_gmt":"2025-12-18T08:29:06","slug":"nabory-lepsza-perspektywa","status":"publish","type":"page","link":"https:\/\/armz.pl\/?page_id=3041","title":{"rendered":"Nabory &#8211; ,,Lepsza perspektywa&#8221;"},"content":{"rendered":"<p style=\"text-align: center;\"><span style=\"font-size: 14pt;\"><strong>Nabory &#8211; ,,Lepsza perspektywa&#8221;<\/strong><\/span><\/p>\n<hr \/>\n<p><img loading=\"lazy\" decoding=\"async\" class=\"aligncenter size-large wp-image-2944\" src=\"https:\/\/armz.pl\/wp-content\/uploads\/2024\/01\/Flagi-naglowek-1024x88.jpg\" alt=\"Nag\u0142\u00f3wek Fundusze Europejskie dla Ma\u0142opolski, Rzeczpospolita Polska, Dofinansowane przez Uni\u0119 Europejsk\u0105, Ma\u0142opolska\" width=\"1024\" height=\"88\" srcset=\"https:\/\/armz.pl\/wp-content\/uploads\/2024\/01\/Flagi-naglowek-1024x88.jpg 1024w, https:\/\/armz.pl\/wp-content\/uploads\/2024\/01\/Flagi-naglowek-300x26.jpg 300w, https:\/\/armz.pl\/wp-content\/uploads\/2024\/01\/Flagi-naglowek-768x66.jpg 768w, https:\/\/armz.pl\/wp-content\/uploads\/2024\/01\/Flagi-naglowek-260x22.jpg 260w, https:\/\/armz.pl\/wp-content\/uploads\/2024\/01\/Flagi-naglowek-50x4.jpg 50w, https:\/\/armz.pl\/wp-content\/uploads\/2024\/01\/Flagi-naglowek-150x13.jpg 150w, https:\/\/armz.pl\/wp-content\/uploads\/2024\/01\/Flagi-naglowek.jpg 1386w\" sizes=\"auto, (max-width: 1024px) 100vw, 1024px\" \/><\/p>\n<p><img loading=\"lazy\" decoding=\"async\" class=\"aligncenter size-full wp-image-2945\" src=\"https:\/\/armz.pl\/wp-content\/uploads\/2024\/01\/Polska.png\" alt=\"Flaga Polski, God\u0142o Polski\" width=\"300\" height=\"100\" srcset=\"https:\/\/armz.pl\/wp-content\/uploads\/2024\/01\/Polska.png 300w, https:\/\/armz.pl\/wp-content\/uploads\/2024\/01\/Polska-260x87.png 260w, https:\/\/armz.pl\/wp-content\/uploads\/2024\/01\/Polska-50x17.png 50w, https:\/\/armz.pl\/wp-content\/uploads\/2024\/01\/Polska-150x50.png 150w\" sizes=\"auto, (max-width: 300px) 100vw, 300px\" \/><\/p>\n<hr \/>\n<p><strong><u>Informujemy, i\u017c nab\u00f3r biznesplan\u00f3w, dla os\u00f3b kt\u00f3re uko\u0144czy\u0142y szkolenie w dniu 30.10.2025 r., odb\u0119dzie si\u0119 od dnia 05.12.2025 r. do 08.12.2025 r. ,w godzinach pracy biura tj. od pon. do czwartku w godz. od 7.00 do 15.30 oraz pi\u0105tek w godz. 7.00 -13.00<\/u><\/strong><\/p>\n<p>&#8211;<\/p>\n<p><strong><u>Informujemy, i\u017c nab\u00f3r biznesplan\u00f3w, dla os\u00f3b kt\u00f3re uko\u0144czy\u0142y szkolenie w dniu 29.09.2025 r., odb\u0119dzie si\u0119 od dnia 03.11.2025 r. do 05.11.2025 r. ,w godzinach pracy biura tj. od pon. do czwartku w godz. od 7.00 do 15.30 oraz pi\u0105tek w godz. 7.00 -13.00<\/u><\/strong><\/p>\n<p>&#8211;<\/p>\n<p><strong><u>Informujemy, i\u017c nab\u00f3r biznesplan\u00f3w, dla os\u00f3b kt\u00f3re uko\u0144czy\u0142y szkolenie w dniu 11.08.2025 r., odb\u0119dzie si\u0119 od dnia 17.09.2025 r. do 18.09.2025 r. ,w godzinach pracy biura tj. od pon. do czwartku w godz. od 7.00 do 15.30 oraz pi\u0105tek w godz. 7.00 -13.00<\/u><\/strong><\/p>\n<p>&#8211;<\/p>\n<p><strong><u>Informujemy, i\u017c nab\u00f3r biznesplan\u00f3w, dla os\u00f3b kt\u00f3re uko\u0144czy\u0142y szkolenie w dniu 02.07.2025 r., odb\u0119dzie si\u0119 od dnia 25.08.2025 r. do 28.08.2025 r. ,w godzinach pracy biura tj. od pon. do czwartku w godz. od 7.00 do 15.30 oraz pi\u0105tek w godz. 7.00 -13.00<\/u><\/strong><\/p>\n<p>&#8211;<\/p>\n<p><strong><u>Informujemy, i\u017c nab\u00f3r biznesplan\u00f3w, dla os\u00f3b kt\u00f3re uko\u0144czy\u0142y szkolenie w dniu 29.05.2025 r., odb\u0119dzie si\u0119 od dnia 18.07.2025 r. do 22.07.2025 r. ,w godzinach pracy biura tj. od pon. do czwartku w godz. od 7.00 do 15.30 oraz pi\u0105tek w godz. 7.00 -13.00<\/u><\/strong><\/p>\n<p>&#8211;<\/p>\n<p><strong><u>Informujemy, i\u017c nab\u00f3r biznesplan\u00f3w, dla os\u00f3b kt\u00f3re uko\u0144czy\u0142y szkolenie w dniu 29.04.2025 r., odb\u0119dzie si\u0119 od dnia 03.06.2025 r. do 04.06.2025 r. ,w godzinach pracy biura tj. od pon. do czwartku w godz. od 7.00 do 15.30 oraz pi\u0105tek w godz. 7.00 -13.00<\/u><\/strong><\/p>\n<p>&#8211;<\/p>\n<p><strong><u>Informujemy, i\u017c nab\u00f3r biznesplan\u00f3w, dla os\u00f3b kt\u00f3re uko\u0144czy\u0142y szkolenie w dniu 21.03.2025 r., odb\u0119dzie si\u0119 od dnia 12.05.2025 r. do 13.05.2025 r. ,w godzinach pracy biura tj. od pon. do czwartku w godz. od 7.00 do 15.30 oraz pi\u0105tek w godz. 7.00 -13.00<\/u><\/strong><\/p>\n<p>&#8211;<\/p>\n<p><strong><u>Informujemy, i\u017c nab\u00f3r biznesplan\u00f3w, dla os\u00f3b kt\u00f3re uko\u0144czy\u0142y szkolenie w dniu 25.02.2025 r., odb\u0119dzie si\u0119 od dnia 19.03.2025 r. do 20.03.2025 r. ,w godzinach pracy biura tj. od pon. do czwartku w godz. od 7.00 do 15.30 oraz pi\u0105tek w godz. 7.00 -13.00<\/u><\/strong><\/p>\n<p>&#8211;<\/p>\n<p><strong><u>Informujemy, i\u017c nab\u00f3r biznesplan\u00f3w, dla os\u00f3b kt\u00f3re uko\u0144czy\u0142y szkolenie w dniu 20.01.2025 r., odb\u0119dzie si\u0119 od dnia 17.02.2025 r. do 19.02.2025 r. ,w godzinach pracy biura tj. od pon. do czwartku w godz. od 7.00 do 15.30 oraz pi\u0105tek w godz. 7.00 -13.00<\/u><\/strong><\/p>\n<p>&#8211;<\/p>\n<p><strong><u>Informujemy, i\u017c nab\u00f3r biznesplan\u00f3w, dla os\u00f3b kt\u00f3re uko\u0144czy\u0142y szkolenie w dniu 21.11.2024 r., odb\u0119dzie si\u0119 od dnia 11.12.2024 r. do 13.12.2024 r. ,w godzinach pracy biura tj. od pon. do czwartku w godz. od 7.00 do 15.30 oraz pi\u0105tek w godz. 7.00 -13.00<\/u><\/strong><\/p>\n<p>&#8211;<\/p>\n<p><strong><u>Informujemy, i\u017c nab\u00f3r biznesplan\u00f3w, dla os\u00f3b kt\u00f3re uko\u0144czy\u0142y szkolenie w dniu 18.10.2024 r., odb\u0119dzie si\u0119 od dnia 14.11.2024 r. do 18.11.2024 r. w godz. od 7.00 do 15.00<\/u><\/strong><\/p>\n<p>&#8211;<\/p>\n<p><strong><u>Informujemy, i\u017c nab\u00f3r biznesplan\u00f3w, dla os\u00f3b kt\u00f3re uko\u0144czy\u0142y szkolenie w dniu 09.09.2024 r., odb\u0119dzie si\u0119 od dnia 08.10.2024 r. do 11.10.2024 r. w godz. od 7.00 do 15.00<\/u><\/strong><\/p>\n<p>&#8211;<\/p>\n<p><strong><u>Informujemy, i\u017c nab\u00f3r biznesplan\u00f3w, dla os\u00f3b kt\u00f3re uko\u0144czy\u0142y szkolenie w dniu 19.08.2024 r., odb\u0119dzie si\u0119 od dnia 16.09.2024 r. do 17.09.2024 r. w godz. od 7.00 do 15.00<\/u><\/strong><\/p>\n<p><strong><u>\u00a0<\/u><\/strong><\/p>\n<p><strong><u>Informujemy, i\u017c nab\u00f3r biznesplan\u00f3w, dla os\u00f3b kt\u00f3re uko\u0144czy\u0142y szkolenie w dniu 11.07.2024 r., odb\u0119dzie si\u0119 od dnia 08.08.2024 r. do 09.08.2024 r. w godz. od 7.00 do 15.00<\/u><\/strong><u><\/u><\/p>\n<p><strong><u>\u00a0<\/u><\/strong><\/p>\n<p><strong><u>Informujemy, i\u017c nab\u00f3r biznesplan\u00f3w, dla os\u00f3b kt\u00f3re uko\u0144czy\u0142y szkolenie w dniu 18.06.2024 r., odb\u0119dzie si\u0119 od dnia 17.07.2024 r. do 19.07.2024 r. w godz. od 7.00 do 15.00<\/u><\/strong><\/p>\n<p>&nbsp;<\/p>\n<p><strong><u>Informujemy, i\u017c nab\u00f3r biznesplan\u00f3w, dla os\u00f3b kt\u00f3re uko\u0144czy\u0142y szkolenie w dniu 31.05.2024 r., odb\u0119dzie si\u0119 dnia: 12.06.2024 r. w godz. od 7.00 do 15.00<\/u><\/strong><\/p>\n<p>&nbsp;<\/p>\n<p><strong><u>Informujemy, i\u017c I nab\u00f3r biznesplan\u00f3w, dla os\u00f3b kt\u00f3re uko\u0144czy\u0142y szkolenia w dniu 24.05.2024 r., odb\u0119dzie si\u0119 dnia: 07.06.2024 r. w godz. od 7.00 do 15.00<\/u><\/strong><\/p>\n<p><strong><u>Biznesplany mo\u017cna sk\u0142ada\u0107 osobi\u015bcie w biurze projektu przy ul. Grunwaldzkiej 5 w Chrzanowie lub za po\u015brednictwem poczty tradycyjnej\/elektronicznej.<\/u><\/strong><\/p>\n<p>Agencja Rozwoju Ma\u0142opolski Zachodniej S.A. prowadzi nab\u00f3r do projektu ,,Lepsza perspektywa&#8221; w spos\u00f3b ci\u0105g\u0142y od poniedzia\u0142ku do pi\u0105tku w godzinach:<\/p>\n<ul>\n<li>poniedzia\u0142ek &#8211; czwartek: 7:00-15:00<\/li>\n<li>pi\u0105tek: 7:00-12:00<\/li>\n<\/ul>\n<p>Zach\u0119camy do zapoznania si\u0119 z Regulaminem Projektu oraz kontaktem z biurem projektu:<\/p>\n<p><strong>Agencja Rozwoju Ma\u0142opolski Zachodniej S.A.<br \/>\n<\/strong>32-500 Chrzan\u00f3w<br \/>\nul. Grunwaldzka 5<br \/>\ntel.: <a href=\"tel:326451968\">32 645 19 68<\/a> lub <a href=\"tel:797780184\">797 780 184<\/a><br \/>\ne-mail: <a href=\"mailto:lepszaperspektywa@armz.pl\">lepszaperspektywa@armz.pl<\/a> lub za po\u015brednictwem poczty tradycyjnej\/e-mail \u2013 decyduje data wp\u0142ywu do biura projektu zgodnie z Regulaminem rekrutacji i uczestnictwa w projekcie \u201eLepsza perspektywa\u201d.<\/p>\n<p>za\u0142\u0105czniki:<\/p>\n<p><a href=\"https:\/\/armz.pl\/wp-content\/uploads\/2024\/06\/sklad-Komisji-Oceny-Biznesplanow-2.pdf\">sk\u0142ad Komisji Oceny Biznesplan\u00f3w<\/a><\/p>\n","protected":false},"excerpt":{"rendered":"<p>Nabory &#8211; ,,Lepsza perspektywa&#8221; Informujemy, i\u017c nab\u00f3r biznesplan\u00f3w, dla os\u00f3b kt\u00f3re uko\u0144czy\u0142y szkolenie w dniu 30.10.2025<\/p>\n","protected":false},"author":3,"featured_media":0,"parent":0,"menu_order":0,"comment_status":"closed","ping_status":"closed","template":"","meta":{"footnotes":""},"class_list":["post-3041","page","type-page","status-publish","hentry"],"_links":{"self":[{"href":"https:\/\/armz.pl\/index.php?rest_route=\/wp\/v2\/pages\/3041","targetHints":{"allow":["GET"]}}],"collection":[{"href":"https:\/\/armz.pl\/index.php?rest_route=\/wp\/v2\/pages"}],"about":[{"href":"https:\/\/armz.pl\/index.php?rest_route=\/wp\/v2\/types\/page"}],"author":[{"embeddable":true,"href":"https:\/\/armz.pl\/index.php?rest_route=\/wp\/v2\/users\/3"}],"replies":[{"embeddable":true,"href":"https:\/\/armz.pl\/index.php?rest_route=%2Fwp%2Fv2%2Fcomments&post=3041"}],"version-history":[{"count":26,"href":"https:\/\/armz.pl\/index.php?rest_route=\/wp\/v2\/pages\/3041\/revisions"}],"predecessor-version":[{"id":3767,"href":"https:\/\/armz.pl\/index.php?rest_route=\/wp\/v2\/pages\/3041\/revisions\/3767"}],"wp:attachment":[{"href":"https:\/\/armz.pl\/index.php?rest_route=%2Fwp%2Fv2%2Fmedia&parent=3041"}],"curies":[{"name":"wp","href":"https:\/\/api.w.org\/{rel}","templated":true}]}}