{"id":2947,"date":"2024-01-26T10:08:37","date_gmt":"2024-01-26T10:08:37","guid":{"rendered":"https:\/\/armz.pl\/?page_id=2947"},"modified":"2024-01-26T10:08:37","modified_gmt":"2024-01-26T10:08:37","slug":"udogodnienia-dla-osob-z-niepelnosprawnosciami","status":"publish","type":"page","link":"https:\/\/armz.pl\/?page_id=2947","title":{"rendered":"Udogodnienia dla os\u00f3b z niepe\u0142nosprawno\u015bciami"},"content":{"rendered":"<p><a href=\"https:\/\/armz.pl\/wp-content\/uploads\/2024\/01\/Flagi-naglowek.jpg\"><img loading=\"lazy\" decoding=\"async\" class=\"aligncenter size-large wp-image-2944\" src=\"https:\/\/armz.pl\/wp-content\/uploads\/2024\/01\/Flagi-naglowek-1024x88.jpg\" alt=\"Nag\u0142\u00f3wek Fundusze Europejskie dla Ma\u0142opolski, Rzeczpospolita Polska, Dofinansowane przez Uni\u0119 Europejsk\u0105, Ma\u0142opolska\" width=\"1024\" height=\"88\" srcset=\"https:\/\/armz.pl\/wp-content\/uploads\/2024\/01\/Flagi-naglowek-1024x88.jpg 1024w, https:\/\/armz.pl\/wp-content\/uploads\/2024\/01\/Flagi-naglowek-300x26.jpg 300w, https:\/\/armz.pl\/wp-content\/uploads\/2024\/01\/Flagi-naglowek-768x66.jpg 768w, https:\/\/armz.pl\/wp-content\/uploads\/2024\/01\/Flagi-naglowek-260x22.jpg 260w, https:\/\/armz.pl\/wp-content\/uploads\/2024\/01\/Flagi-naglowek-50x4.jpg 50w, https:\/\/armz.pl\/wp-content\/uploads\/2024\/01\/Flagi-naglowek-150x13.jpg 150w, https:\/\/armz.pl\/wp-content\/uploads\/2024\/01\/Flagi-naglowek.jpg 1386w\" sizes=\"auto, (max-width: 1024px) 100vw, 1024px\" \/><\/a><\/p>\n<p><a href=\"https:\/\/armz.pl\/wp-content\/uploads\/2024\/01\/Polska.png\"><img loading=\"lazy\" decoding=\"async\" class=\"aligncenter size-full wp-image-2945\" src=\"https:\/\/armz.pl\/wp-content\/uploads\/2024\/01\/Polska.png\" alt=\"Flaga Polski, God\u0142o Polski\" width=\"300\" height=\"100\" srcset=\"https:\/\/armz.pl\/wp-content\/uploads\/2024\/01\/Polska.png 300w, https:\/\/armz.pl\/wp-content\/uploads\/2024\/01\/Polska-260x87.png 260w, https:\/\/armz.pl\/wp-content\/uploads\/2024\/01\/Polska-50x17.png 50w, https:\/\/armz.pl\/wp-content\/uploads\/2024\/01\/Polska-150x50.png 150w\" sizes=\"auto, (max-width: 300px) 100vw, 300px\" \/><\/a><\/p>\n<hr \/>\n<p>Budynek, biuro projektu, sale, w kt\u00f3rych realizowane jest wsparcie oraz infrastruktura dostosowane s\u0105 do os\u00f3b z niepe\u0142nosprawno\u015bciami. Budynek posiada wind\u0119 i podjazd, odpowiedni\u0105 szeroko\u015b\u0107 drzwi, przystosowane WC, zapewnione miejsca do odpoczynku, schody zaopatrzone s\u0105 w balustrady\/por\u0119cze, na korytarzach nie ma wystaj\u0105cych gablot, reklam, element\u00f3w, kt\u00f3re mog\u0142yby by\u0107 przeszkod\u0105, istnieje mo\u017cliwo\u015b\u0107 wst\u0119pu z psem asystuj\u0105cym. W budynku nie ma prog\u00f3w ograniczaj\u0105cych wjechanie w\u00f3zkiem inwalidzkim.<\/p>\n<p>Rekrutacja: personel pomaga osobom z niepe\u0142nosprawno\u015bciami np. w wype\u0142nieniu dokument\u00f3w, dokumenty promocyjno-informacyjne opracowane s\u0105 w spos\u00f3b prosty i \u0142atwy. Na ka\u017cdym etapie realizacji projektu personel s\u0142u\u017cy pomoc\u0105, u\u017cywa prostego j\u0119zyka.<\/p>\n<p>Osoby z niepe\u0142nosprawno\u015bciami mog\u0105 zg\u0142osi\u0107 ju\u017c w formularzu rekrutacyjnym, a tak\u017ce poinformowa\u0107 personel projektu o dodatkowych potrzebach,<br \/>\numo\u017cliwiaj\u0105cych im udzia\u0142 w projekcie:<\/p>\n<ul>\n<li>w przypadku os\u00f3b g\u0142uchoniemych \u2013 prosimy o wcze\u015bniejsze ustalenia terminu spotkania w celu zapewniania t\u0142umacza polskiego j\u0119zyka migowego<\/li>\n<li>zapewniamy mo\u017cliwo\u015b\u0107 wej\u015bcia i uczestniczenia z psem asystuj\u0105cym<\/li>\n<li>w przypadku konieczno\u015bci zapewnienia asystenta prosimy o wcze\u015bniejsze ustalenia terminu spotkania<\/li>\n<li>personel zosta\u0142 przeszkolony z podstawowych zasad komunikacji i w\u0142a\u015bciwego zachowania wobec os\u00f3b z niepe\u0142nosprawno\u015bciami<\/li>\n<li>materia\u0142y informacyjno-promocyjne s\u0105 przygotowane, w wersji papierowej i w wersji elektronicznej, opisane prostym i \u0142atwym j\u0119zykiem<\/li>\n<li>u\u017cywany j\u0119zyk jest zrozumia\u0142y dla przeci\u0119tnego obywatela (zawiera jak najmniej specjalistycznego s\u0142ownictwa, unika si\u0119 skomplikowanej sk\u0142adni, zachowuje naturalny szyk zdania)<\/li>\n<li>w przypadku innego rodzaju zapotrzebowania zwi\u0105zanego z niepe\u0142nosprawno\u015bci\u0105 prosimy o kontakt z naszym personelem, kt\u00f3ry do\u0142o\u017cy wszelkich stara\u0144, aby usprawni\u0107 Pa\u0144stwa udzia\u0142 w naszym projekcie<\/li>\n<li>zapewniamy wsparcie dostosowane dla os\u00f3b z niepe\u0142nosprawno\u015bciami.<\/li>\n<\/ul>\n<p>&nbsp;<\/p>\n<p>#FunduszeUE #FunduszeEuropejskie<\/p>\n","protected":false},"excerpt":{"rendered":"<p>Budynek, biuro projektu, sale, w kt\u00f3rych realizowane jest wsparcie oraz infrastruktura dostosowane s\u0105 do os\u00f3b z<\/p>\n","protected":false},"author":3,"featured_media":0,"parent":0,"menu_order":0,"comment_status":"closed","ping_status":"closed","template":"","meta":{"footnotes":""},"class_list":["post-2947","page","type-page","status-publish","hentry"],"_links":{"self":[{"href":"https:\/\/armz.pl\/index.php?rest_route=\/wp\/v2\/pages\/2947","targetHints":{"allow":["GET"]}}],"collection":[{"href":"https:\/\/armz.pl\/index.php?rest_route=\/wp\/v2\/pages"}],"about":[{"href":"https:\/\/armz.pl\/index.php?rest_route=\/wp\/v2\/types\/page"}],"author":[{"embeddable":true,"href":"https:\/\/armz.pl\/index.php?rest_route=\/wp\/v2\/users\/3"}],"replies":[{"embeddable":true,"href":"https:\/\/armz.pl\/index.php?rest_route=%2Fwp%2Fv2%2Fcomments&post=2947"}],"version-history":[{"count":1,"href":"https:\/\/armz.pl\/index.php?rest_route=\/wp\/v2\/pages\/2947\/revisions"}],"predecessor-version":[{"id":2948,"href":"https:\/\/armz.pl\/index.php?rest_route=\/wp\/v2\/pages\/2947\/revisions\/2948"}],"wp:attachment":[{"href":"https:\/\/armz.pl\/index.php?rest_route=%2Fwp%2Fv2%2Fmedia&parent=2947"}],"curies":[{"name":"wp","href":"https:\/\/api.w.org\/{rel}","templated":true}]}}