{"id":2653,"date":"2023-02-24T14:25:05","date_gmt":"2023-02-24T14:25:05","guid":{"rendered":"https:\/\/armz.pl\/?page_id=2653"},"modified":"2023-02-24T14:25:05","modified_gmt":"2023-02-24T14:25:05","slug":"asystent-nauczyciela-przedszkola-%d0%b0%d1%81%d0%b8%d1%81%d1%82%d0%b5%d0%bd%d1%82-%d0%b2%d1%87%d0%b8%d1%82%d0%b5%d0%bb%d1%8f-%d1%83-%d0%b4%d0%b8%d1%82%d1%81%d0%b0%d0%b4%d0%ba%d1%83-24-02-2023-r","status":"publish","type":"page","link":"https:\/\/armz.pl\/?page_id=2653","title":{"rendered":"Asystent nauczyciela przedszkola &#8211; \u0410\u0441\u0438\u0441\u0442\u0435\u043d\u0442 \u0432\u0447\u0438\u0442\u0435\u043b\u044f \u0443 \u0434\u0438\u0442\u0441\u0430\u0434\u043a\u0443 (24.02.2023 r.)"},"content":{"rendered":"<p>Stanowisko:<strong> Asystent nauczyciela przedszkola <\/strong><\/p>\n<ul>\n<li>Miejsce pracy: 32-300 Olkusz,\u00a0 ul. H. D\u0105browskiego 11, powiat: olkuski, woj: ma\u0142opolskie<\/li>\n<li>Pracodawca: VITALIO S.C. Jolanta Muc, Arkadiusz Muc<\/li>\n<li>Zakres obowi\u0105zk\u00f3w: pomoc w czynno\u015bciach opieku\u0144czych dla nauczyciela<\/li>\n<li>Wykszta\u0142cenie: \u015brednie zawodowe<\/li>\n<li>Wymagania: wymagana ksi\u0105\u017ceczka sanepidowska, mile widziane do\u015bwiadczenie zawodowe<\/li>\n<li>Rodzaj umowy: Umowa o prac\u0119 na czas okre\u015blony<\/li>\n<li>Wymiar etatu: 1<\/li>\n<\/ul>\n<p>\u041f\u043e\u0441\u0430\u0434\u0430:<strong> \u0410\u0441\u0438\u0441\u0442\u0435\u043d\u0442 \u0432\u0447\u0438\u0442\u0435\u043b\u044f \u0443 \u0434\u0438\u0442\u0441\u0430\u0434\u043a\u0443<\/strong><\/p>\n<ul>\n<li>\u041c\u0456\u0441\u0446\u0435 \u0440\u043e\u0431\u043e\u0442\u0438: 32-300 \u043e\u043b\u044c\u043a\u0443\u0448 \/Olkusz\/,\u00a0 \u0432\u0443\u043b. \u0413. \u0414\u043e\u043c\u0431\u0440\u043e\u0432\u0441\u043a\u0456\u0435\u0433\u043e \/H. D\u0105browskiego\/ 11, \u043f\u043e\u0432\u0456\u0442: \u043e\u043b\u044c\u043a\u0443\u0441\u044c\u043a\u0438\u0439, \u0432\u043e\u0454\u0432\u043e\u0434\u0441\u0442\u0432\u043e: \u043c\u0430\u043b\u043e\u043f\u043e\u043b\u044c\u0441\u044c\u043a\u0435<\/li>\n<li>\u0420\u043e\u0431\u043e\u0442\u043e\u0434\u0430\u0432\u0435\u0446\u044c: \u0412\u0406\u0422\u0410\u041b\u0406\u041e \u0426.\u0422. \/VITALIO S.C\/. \u0419\u043e\u043b\u0430\u043d\u0442\u0430 \u041c\u0443\u0446 \/Jolanta Muc\/, \u0410\u0440\u043a\u0430\u0434\u0456\u0443\u0448 \u041c\u0443\u0446 \/Arkadiusz Muc\/<\/li>\n<li>\u041e\u0431\u043e\u0432\u2019\u044f\u0437\u043a\u0438: \u0434\u043e\u043f\u043e\u043c\u043e\u0433\u0430 \u0443 \u0440\u043e\u0431\u043e\u0442\u0456 \u0432\u0447\u0438\u0442\u0435\u043b\u044f<\/li>\n<li>\u041e\u0441\u0432\u0456\u0442\u0430: \u0431\u0430\u0437\u043e\u0432\u0430 \u0441\u0435\u0440\u0435\u0434\u043d\u044f<\/li>\n<li>\u0412\u0438\u043c\u043e\u0433\u0438: \u0432\u0438\u043c\u0430\u0433\u0430\u0454\u0442\u044c\u0441\u044f \u043a\u043d\u0438\u0436\u0435\u0447\u043a\u0430 \u0421\u0410\u041d\u0415\u041f\u0406\u0414, \u0434\u0443\u0436\u0435 \u0431\u0430\u0436\u0430\u043d\u0438\u0439 \u0434\u043e\u0441\u0432\u0456\u0434 \u043d\u0430 \u0446\u0456\u0439 \u043f\u043e\u0441\u0430\u0434\u0456<\/li>\n<li>\u0412\u0438\u0434 \u0434\u043e\u0433\u043e\u0432\u043e\u0440\u0443: \u0422\u0440\u0443\u0434\u043e\u0432\u0438\u0439 \u0434\u043e\u0433\u043e\u0432\u0456\u0440 \u043d\u0430 \u043e\u0431\u043c\u0435\u0436\u0435\u043d\u0438\u0439 \u0441\u0442\u0440\u043e\u043a<\/li>\n<li>\u041a\u0456\u043b\u044c\u043a\u0456\u0441\u0442\u044c \u0447\u0430\u0441\u0443: \u043f\u043e\u0432\u043d\u0430 \u0441\u0442\u0430\u0432\u043a\u0430<\/li>\n<\/ul>\n","protected":false},"excerpt":{"rendered":"<p>Stanowisko: Asystent nauczyciela przedszkola Miejsce pracy: 32-300 Olkusz,\u00a0 ul. H. D\u0105browskiego 11, powiat: olkuski, woj: ma\u0142opolskie<\/p>\n","protected":false},"author":3,"featured_media":0,"parent":2588,"menu_order":0,"comment_status":"closed","ping_status":"closed","template":"","meta":{"footnotes":""},"class_list":["post-2653","page","type-page","status-publish","hentry"],"_links":{"self":[{"href":"https:\/\/armz.pl\/index.php?rest_route=\/wp\/v2\/pages\/2653","targetHints":{"allow":["GET"]}}],"collection":[{"href":"https:\/\/armz.pl\/index.php?rest_route=\/wp\/v2\/pages"}],"about":[{"href":"https:\/\/armz.pl\/index.php?rest_route=\/wp\/v2\/types\/page"}],"author":[{"embeddable":true,"href":"https:\/\/armz.pl\/index.php?rest_route=\/wp\/v2\/users\/3"}],"replies":[{"embeddable":true,"href":"https:\/\/armz.pl\/index.php?rest_route=%2Fwp%2Fv2%2Fcomments&post=2653"}],"version-history":[{"count":1,"href":"https:\/\/armz.pl\/index.php?rest_route=\/wp\/v2\/pages\/2653\/revisions"}],"predecessor-version":[{"id":2654,"href":"https:\/\/armz.pl\/index.php?rest_route=\/wp\/v2\/pages\/2653\/revisions\/2654"}],"up":[{"embeddable":true,"href":"https:\/\/armz.pl\/index.php?rest_route=\/wp\/v2\/pages\/2588"}],"wp:attachment":[{"href":"https:\/\/armz.pl\/index.php?rest_route=%2Fwp%2Fv2%2Fmedia&parent=2653"}],"curies":[{"name":"wp","href":"https:\/\/api.w.org\/{rel}","templated":true}]}}