{"id":2641,"date":"2023-01-27T08:06:07","date_gmt":"2023-01-27T08:06:07","guid":{"rendered":"https:\/\/armz.pl\/?page_id=2641"},"modified":"2023-01-27T08:06:07","modified_gmt":"2023-01-27T08:06:07","slug":"osoba-sprzatajaca-%d0%bf%d1%80%d0%b8%d0%b1%d0%b8%d1%80%d0%b0%d0%bb%d1%8c%d0%bd%d0%b8%d0%ba-27-01-2023-r","status":"publish","type":"page","link":"https:\/\/armz.pl\/?page_id=2641","title":{"rendered":"Osoba Sprz\u0105taj\u0105ca \/ \u041f\u0440\u0438\u0431\u0438\u0440\u0430\u043b\u044c\u043d\u0438\u043a (27.01.2023 r.)"},"content":{"rendered":"<p>Stanowisko:<strong> Osoba Sprz\u0105taj\u0105ca<\/strong><\/p>\n<ul>\n<li>Miejsce pracy: 32-500 Chrzan\u00f3w,\u00a0 ul. Europejska 50, powiat: chrzanowski, woj: ma\u0142opolskie<\/li>\n<li>Pracodawca: Claro sp. z o.o.<\/li>\n<li>Zakres obowi\u0105zk\u00f3w: dbanie o czysto\u015b\u0107 i porz\u0105dek na obiekcie<\/li>\n<li>Wykszta\u0142cenie: gimnazjalne<\/li>\n<li>\u00a0Rodzaj umowy: Umowa zlecenie<\/li>\n<\/ul>\n<p>&nbsp;<\/p>\n<p>\u041f\u043e\u0441\u0430\u0434\u0430: <strong>\u041f\u0440\u0438\u0431\u0438\u0440\u0430\u043b\u044c\u043d\u0438\u043a<\/strong><\/p>\n<ul>\n<li>\u041c\u0456\u0441\u0446\u0435 \u0440\u043e\u0431\u043e\u0442\u0438: 32-500 \u0425\u0448\u0430\u043d\u0443\u0432 (Chrzan\u00f3w) , \u0432\u0443\u043b. \u0415\u0443\u0440\u043e\u043f\u0435\u0439\u0441\u043a\u0430 (Europejska) 50, \u043f\u043e\u0432\u0456\u0442: \u0445\u0448\u0430\u043d\u043e\u0432\u0441\u044c\u043a\u0438\u0439, \u0432\u043e\u0454\u0432\u043e\u0434\u0441\u0442\u0432\u043e: \u043c\u0430\u043b\u043e\u043f\u043e\u043b\u044c\u0441\u044c\u043a\u0435<\/li>\n<li>\u0420\u043e\u0431\u043e\u0442\u043e\u0434\u0430\u0432\u0435\u0446\u044c: Claro sp. z o.o.<\/li>\n<li>\u041e\u0431\u043e\u0432\u2019\u044f\u0437\u043a\u0438: \u043f\u0456\u043a\u043b\u0443\u0432\u0430\u043d\u043d\u044f \u0437\u0430 \u0447\u0438\u0441\u0442\u043e\u0442\u0443 \u0442\u0430 \u043f\u043e\u0440\u044f\u0434\u043e\u043a \u0432 \u0431\u0443\u0434\u0438\u043d\u043a\u0443<\/li>\n<li>\u041e\u0441\u0432\u0456\u0442\u0430: \u0431\u0430\u0437\u043e\u0432\u0430 \u043e\u0441\u0432\u0456\u0442\u0430<\/li>\n<li>\u0412\u0438\u0434 \u0434\u043e\u0433\u043e\u0432\u043e\u0440\u0443: \u0434\u043e\u0433\u043e\u0432\u0456\u0440 \u0434\u043e\u0440\u0443\u0447\u0435\u043d\u043d\u044f<\/li>\n<\/ul>\n","protected":false},"excerpt":{"rendered":"<p>Stanowisko: Osoba Sprz\u0105taj\u0105ca Miejsce pracy: 32-500 Chrzan\u00f3w,\u00a0 ul. Europejska 50, powiat: chrzanowski, woj: ma\u0142opolskie Pracodawca: Claro<\/p>\n","protected":false},"author":3,"featured_media":0,"parent":2588,"menu_order":0,"comment_status":"closed","ping_status":"closed","template":"","meta":{"footnotes":""},"class_list":["post-2641","page","type-page","status-publish","hentry"],"_links":{"self":[{"href":"https:\/\/armz.pl\/index.php?rest_route=\/wp\/v2\/pages\/2641","targetHints":{"allow":["GET"]}}],"collection":[{"href":"https:\/\/armz.pl\/index.php?rest_route=\/wp\/v2\/pages"}],"about":[{"href":"https:\/\/armz.pl\/index.php?rest_route=\/wp\/v2\/types\/page"}],"author":[{"embeddable":true,"href":"https:\/\/armz.pl\/index.php?rest_route=\/wp\/v2\/users\/3"}],"replies":[{"embeddable":true,"href":"https:\/\/armz.pl\/index.php?rest_route=%2Fwp%2Fv2%2Fcomments&post=2641"}],"version-history":[{"count":1,"href":"https:\/\/armz.pl\/index.php?rest_route=\/wp\/v2\/pages\/2641\/revisions"}],"predecessor-version":[{"id":2642,"href":"https:\/\/armz.pl\/index.php?rest_route=\/wp\/v2\/pages\/2641\/revisions\/2642"}],"up":[{"embeddable":true,"href":"https:\/\/armz.pl\/index.php?rest_route=\/wp\/v2\/pages\/2588"}],"wp:attachment":[{"href":"https:\/\/armz.pl\/index.php?rest_route=%2Fwp%2Fv2%2Fmedia&parent=2641"}],"curies":[{"name":"wp","href":"https:\/\/api.w.org\/{rel}","templated":true}]}}