{"id":2624,"date":"2023-01-11T09:59:56","date_gmt":"2023-01-11T09:59:56","guid":{"rendered":"https:\/\/armz.pl\/?page_id=2624"},"modified":"2023-01-11T10:01:41","modified_gmt":"2023-01-11T10:01:41","slug":"stanowisko-sprzataczka-trzebinia-%d0%bf%d0%be%d1%81%d0%b0%d0%b4%d0%b0-%d0%bf%d1%80%d0%b8%d0%b1%d0%b8%d1%80%d0%b0%d0%bb%d1%8c%d0%bd%d0%b8%d1%86%d1%8f-%d1%82%d1%88%d0%b5%d0%b1%d1%96%d0%bd%d1%8f","status":"publish","type":"page","link":"https:\/\/armz.pl\/?page_id=2624","title":{"rendered":"Stanowisko: Sprz\u0105taczka (Trzebinia) &#8211; \u041f\u043e\u0441\u0430\u0434\u0430: \u041f\u0440\u0438\u0431\u0438\u0440\u0430\u043b\u044c\u043d\u0438\u0446\u044f (\u0422\u0448\u0435\u0431\u0456\u043d\u044f)"},"content":{"rendered":"<p>Stanowisko:<strong> Sprz\u0105taczka<\/strong><\/p>\n<ul>\n<li>Miejsce pracy: 32-540 Trzebinia,\u00a0 ul. Gen. Sikorskiego 78, powiat: chrzanowski, woj: ma\u0142opolskie<\/li>\n<li>Pracodawca: Firma Handlowo-Us\u0142ugowa ,,ARKO\u201d Arkadiusz G\u0119bo\u0142y\u015b<\/li>\n<li>Zakres obowi\u0105zk\u00f3w: prace porz\u0105dkowe, sprz\u0105tanie pomieszcze\u0144<\/li>\n<li>Wykszta\u0142cenie: zasadniczo-zawodowe<\/li>\n<li>Wymagania: wymagane wykszta\u0142cenie podstawowe lub zawodowe<\/li>\n<li>Rodzaj umowy: Umowa zlecenie<\/li>\n<\/ul>\n<p>&nbsp;<\/p>\n<p>\u041f\u043e\u0441\u0430\u0434\u0430:<strong> \u041f<\/strong><strong>\u0440\u0438\u0431\u0438\u0440\u0430\u043b\u044c\u043d\u0438\u0446\u044f<\/strong><\/p>\n<ul>\n<li>\u041c\u0456\u0441\u0446\u0435 \u0440\u043e\u0431\u043e\u0442\u0438: 32-540 \u0422\u0448\u0435\u0431\u0456\u043d\u044f, \u0432\u0443\u043b. \u0413\u0435\u043d. \u0421\u0456\u043a\u043e\u0440\u0441\u043a\u0456\u0435\u0433\u043e (Pakuska) 78 , \u043f\u043e\u0432\u0456\u0442: \u0445\u0448\u0430\u043d\u043e\u0432\u0441\u044c\u043a\u0438\u0439, \u0432\u043e\u0454\u0432\u043e\u0434\u0441\u0442\u0432\u043e: \u043c\u0430\u043b\u043e\u043f\u043e\u043b\u044c\u0441\u044c\u043a\u0435<\/li>\n<li>\u0420\u043e\u0431\u043e\u0442\u043e\u0434\u0430\u0432\u0435\u0446\u044c: : \u0412\u0438\u0440\u043e\u0431\u043d\u0438\u0447\u043e-\u0442\u043e\u0440\u0433\u043e\u0432\u0435\u043b\u044c\u043d\u0435 \u043f\u0456\u0434\u043f\u0440\u0438\u0454\u043c\u0441\u0442\u0432\u043e \u201c\u0410\u0440\u043a\u043e\u201d (Arko) \u0410\u0440\u043a\u0430\u0434\u0456\u0443\u0448 \u0413\u0435\u043c\u0431\u043e\u043b\u0438\u0441\u044c (Arkadiusz G\u0119bo\u0142y\u015b)<\/li>\n<li>\u041e\u0431\u043e\u0432\u2019\u044f\u0437\u043a\u0438: \u043e\u0431\u0441\u043b\u0443\u0433\u043e\u0432\u0443\u0432\u0430\u043d\u043d\u044f \u0433\u0440\u043e\u043c\u0430\u0434\u0441\u044c\u043a\u043e\u0433\u043e \u0445\u0430\u0440\u0447\u0443\u0432\u0430\u043d\u043d\u044f \u0432 \u043a\u043b\u0456\u0454\u043d\u0442\u0430 \u043d\u0430 \u043a\u043e\u043d\u0444\u0435\u0440\u0435\u043d\u0446\u0456\u044f\u0445<\/li>\n<li>\u041e\u0441\u0432\u0456\u0442\u0430: \u0437\u0430\u0433\u0430\u043b\u044c\u043d\u0435 \u043f\u0440\u0438\u0431\u0438\u0440\u0430\u043d\u043d\u044f, \u043f\u0440\u0438\u0431\u0438\u0440\u0430\u043d\u043d\u044f \u043f\u0440\u0438\u043c\u0456\u0449\u0435\u043d\u044c<\/li>\n<li>\u0412\u0438\u043c\u043e\u0433\u0438:\u00a0 \u0432\u0438\u043c\u0430\u0433\u0430\u0454\u0442\u044c\u0441\u044f \u043f\u043e\u0447\u0430\u0442\u043a\u043e\u0432\u0430 \u0430\u0431\u043e \u043f\u0440\u043e\u0444\u0435\u0441\u0456\u0439\u043d\u0430 \u043e\u0441\u0432\u0456\u0442\u0430<\/li>\n<li>\u0412\u0438\u0434 \u0443\u0433\u043e\u0434\u0438: \u0434\u043e\u0433\u043e\u0432\u0456\u0440 \u0434\u043e\u0440\u0443\u0447\u0435\u043d\u043d\u044f<\/li>\n<\/ul>\n","protected":false},"excerpt":{"rendered":"<p>Stanowisko: Sprz\u0105taczka Miejsce pracy: 32-540 Trzebinia,\u00a0 ul. Gen. Sikorskiego 78, powiat: chrzanowski, woj: ma\u0142opolskie Pracodawca: Firma<\/p>\n","protected":false},"author":3,"featured_media":0,"parent":2588,"menu_order":0,"comment_status":"closed","ping_status":"closed","template":"","meta":{"footnotes":""},"class_list":["post-2624","page","type-page","status-publish","hentry"],"_links":{"self":[{"href":"https:\/\/armz.pl\/index.php?rest_route=\/wp\/v2\/pages\/2624","targetHints":{"allow":["GET"]}}],"collection":[{"href":"https:\/\/armz.pl\/index.php?rest_route=\/wp\/v2\/pages"}],"about":[{"href":"https:\/\/armz.pl\/index.php?rest_route=\/wp\/v2\/types\/page"}],"author":[{"embeddable":true,"href":"https:\/\/armz.pl\/index.php?rest_route=\/wp\/v2\/users\/3"}],"replies":[{"embeddable":true,"href":"https:\/\/armz.pl\/index.php?rest_route=%2Fwp%2Fv2%2Fcomments&post=2624"}],"version-history":[{"count":2,"href":"https:\/\/armz.pl\/index.php?rest_route=\/wp\/v2\/pages\/2624\/revisions"}],"predecessor-version":[{"id":2627,"href":"https:\/\/armz.pl\/index.php?rest_route=\/wp\/v2\/pages\/2624\/revisions\/2627"}],"up":[{"embeddable":true,"href":"https:\/\/armz.pl\/index.php?rest_route=\/wp\/v2\/pages\/2588"}],"wp:attachment":[{"href":"https:\/\/armz.pl\/index.php?rest_route=%2Fwp%2Fv2%2Fmedia&parent=2624"}],"curies":[{"name":"wp","href":"https:\/\/api.w.org\/{rel}","templated":true}]}}