{"id":2622,"date":"2023-01-11T09:58:07","date_gmt":"2023-01-11T09:58:07","guid":{"rendered":"https:\/\/armz.pl\/?page_id=2622"},"modified":"2023-01-11T10:02:34","modified_gmt":"2023-01-11T10:02:34","slug":"stanowisko-pracownik-produkcji-%d0%bf%d0%be%d1%81%d0%b0%d0%b4%d0%b0-%d0%bf%d1%80%d0%b0%d1%86%d1%96%d0%b2%d0%bd%d0%b8%d0%ba-%d0%b2%d0%b8%d1%80%d0%be%d0%b1%d0%bd%d0%b8%d1%86%d1%82%d0%b2%d0%b0","status":"publish","type":"page","link":"https:\/\/armz.pl\/?page_id=2622","title":{"rendered":"Stanowisko: Pracownik Produkcji &#8211; \u041f\u043e\u0441\u0430\u0434\u0430: \u041f\u0440\u0430\u0446\u0456\u0432\u043d\u0438\u043a \u0432\u0438\u0440\u043e\u0431\u043d\u0438\u0446\u0442\u0432\u0430"},"content":{"rendered":"<p>Stanowisko:<strong> Pracownik Produkcji<\/strong><\/p>\n<ul>\n<li>Miejsce pracy: 32-340 Wolbrom,\u00a0 ul. Pompka 7, powiat: olkuski, woj: ma\u0142opolskie<\/li>\n<li>Pracodawca: BARCZYK Zak\u0142ad Mi\u0119sny Sp\u00f3\u0142ka Jawna<\/li>\n<li>Zakres obowi\u0105zk\u00f3w: praca przy procesie produkcji mi\u0119sa i wyrob\u00f3w mi\u0119snych<\/li>\n<li>Wykszta\u0142cenie: podstawowe<\/li>\n<li>Wymagania: wymagane wykszta\u0142cenie<\/li>\n<\/ul>\n<p>&nbsp;<\/p>\n<p>\u041f\u043e\u0441\u0430\u0434\u0430:<strong> \u041f<\/strong><strong>\u0440\u0430\u0446\u0456\u0432\u043d\u0438\u043a \u0432\u0438\u0440\u043e\u0431\u043d\u0438\u0446\u0442\u0432\u0430<\/strong><\/p>\n<ul>\n<li>\u041c\u0456\u0441\u0446\u0435 \u0440\u043e\u0431\u043e\u0442\u0438: 32-340 \u0412\u043e\u043b\u044c\u0431\u0440\u043e\u043c (Wolbrom), \u0432\u0443\u043b. \u041f\u043e\u043c\u043f\u043a\u0430 (Pompka) 7 , \u043f\u043e\u0432\u0456\u0442: \u043e\u043b\u044c\u043a\u0443\u0441\u043a\u0438\u0439, \u0432\u043e\u0454\u0432\u043e\u0434\u0441\u0442\u0432\u043e: \u043c\u0430\u043b\u043e\u043f\u043e\u043b\u044c\u0441\u044c\u043a\u0435<\/li>\n<li>\u0420\u043e\u0431\u043e\u0442\u043e\u0434\u0430\u0432\u0435\u0446\u044c: \u0411\u0430\u0440\u0447\u0438\u043a (Barczyk) \u041c\u2019\u044f\u0441\u043d\u0438\u0439 \u0437\u0430\u0432\u043e\u0434 \u0412\u0456\u0434\u043a\u0440\u0438\u0442\u0435 \u0442\u043e\u0432\u0430\u0440\u0438\u0441\u0442\u0432\u043e<\/li>\n<li>\u041e\u0431\u043e\u0432\u2019\u044f\u0437\u043a\u0438: \u00a0\u0440\u043e\u0431\u043e\u0442\u0430 \u043f\u0440\u0438 \u043f\u0435\u0440\u0435\u0440\u043e\u0431\u0446\u0456 \u043c\u2019\u044f\u0441\u0430 \u0442\u0430 \u043c\u2019\u044f\u0441\u043d\u0438\u0445 \u043f\u0440\u043e\u0434\u0443\u043a\u0442\u0456\u0432<\/li>\n<li>\u041e\u0441\u0432\u0456\u0442\u0430: \u043f\u043e\u0447\u0430\u0442\u043a\u043e\u0432\u0430<\/li>\n<li>\u0412\u0438\u043c\u043e\u0433\u0438:\u00a0 \u0432\u0438\u043c\u0430\u0433\u0430\u0454\u0442\u044c\u0441\u044f \u043e\u0441\u0432\u0456\u0442\u0430<\/li>\n<\/ul>\n","protected":false},"excerpt":{"rendered":"<p>Stanowisko: Pracownik Produkcji Miejsce pracy: 32-340 Wolbrom,\u00a0 ul. Pompka 7, powiat: olkuski, woj: ma\u0142opolskie Pracodawca: BARCZYK<\/p>\n","protected":false},"author":3,"featured_media":0,"parent":2588,"menu_order":0,"comment_status":"closed","ping_status":"closed","template":"","meta":{"footnotes":""},"class_list":["post-2622","page","type-page","status-publish","hentry"],"_links":{"self":[{"href":"https:\/\/armz.pl\/index.php?rest_route=\/wp\/v2\/pages\/2622","targetHints":{"allow":["GET"]}}],"collection":[{"href":"https:\/\/armz.pl\/index.php?rest_route=\/wp\/v2\/pages"}],"about":[{"href":"https:\/\/armz.pl\/index.php?rest_route=\/wp\/v2\/types\/page"}],"author":[{"embeddable":true,"href":"https:\/\/armz.pl\/index.php?rest_route=\/wp\/v2\/users\/3"}],"replies":[{"embeddable":true,"href":"https:\/\/armz.pl\/index.php?rest_route=%2Fwp%2Fv2%2Fcomments&post=2622"}],"version-history":[{"count":2,"href":"https:\/\/armz.pl\/index.php?rest_route=\/wp\/v2\/pages\/2622\/revisions"}],"predecessor-version":[{"id":2629,"href":"https:\/\/armz.pl\/index.php?rest_route=\/wp\/v2\/pages\/2622\/revisions\/2629"}],"up":[{"embeddable":true,"href":"https:\/\/armz.pl\/index.php?rest_route=\/wp\/v2\/pages\/2588"}],"wp:attachment":[{"href":"https:\/\/armz.pl\/index.php?rest_route=%2Fwp%2Fv2%2Fmedia&parent=2622"}],"curies":[{"name":"wp","href":"https:\/\/api.w.org\/{rel}","templated":true}]}}