{"id":2618,"date":"2023-01-11T09:54:40","date_gmt":"2023-01-11T09:54:40","guid":{"rendered":"https:\/\/armz.pl\/?page_id=2618"},"modified":"2023-01-11T10:02:30","modified_gmt":"2023-01-11T10:02:30","slug":"stanowisko-piekarz-%d0%bf%d0%be%d1%81%d0%b0%d0%b4%d0%b0-%d0%bf%d0%b5%d0%ba%d0%b0%d1%80","status":"publish","type":"page","link":"https:\/\/armz.pl\/?page_id=2618","title":{"rendered":"Stanowisko: Piekarz &#8211; \u041f\u043e\u0441\u0430\u0434\u0430: \u041f\u0435\u043a\u0430\u0440"},"content":{"rendered":"<p>Stanowisko:<strong> Piekarz<\/strong><\/p>\n<ul>\n<li>Miejsce pracy: 32-300 Sieniczno,\u00a0 ul. Orzech\u00f3wka 25, powiat: olkuski, woj: ma\u0142opolskie<\/li>\n<li>Pracodawca: ,,Firma Klich&amp;Klich\u201d Zbigniew Klich, Wojciech Klich Sp\u00f3\u0142ka Jawna<\/li>\n<li>Zakres obowi\u0105zk\u00f3w: przygotowywanie posi\u0142k\u00f3w dla pensjonariuszy plac\u00f3wki opieku\u0144czej<\/li>\n<li>Wykszta\u0142cenie po\u017c\u0105dane: zasadnicze zawodowe, kierunek: piekarz<\/li>\n<li>Wymagania: mile widziane do\u015bwiadczenie zawodowe na ww. stanowisku pracy.<\/li>\n<li>Rodzaj umowy: Umowa o prac\u0119<\/li>\n<li>Wymiar etatu: 1<\/li>\n<\/ul>\n<p>&nbsp;<\/p>\n<p>\u041f\u043e\u0441\u0430\u0434\u0430:<strong> \u041f<\/strong><strong>\u0435\u043a\u0430\u0440<\/strong><\/p>\n<ul>\n<li>\u041c\u0456\u0441\u0446\u0435 \u0440\u043e\u0431\u043e\u0442\u0438: 32-300 \u0421\u0456\u0435\u043d\u0456\u0447\u043d\u043e (Sieniczno), \u0432\u0443\u043b. \u041e\u0436\u0435\u0445\u0443\u0432\u043a\u0430 (Orzech\u00f3wka) 25 , \u043f\u043e\u0432\u0456\u0442: \u043e\u043b\u044c\u043a\u0443\u0441\u043a\u0438\u0439, \u0432\u043e\u0454\u0432\u043e\u0434\u0441\u0442\u0432\u043e: \u043c\u0430\u043b\u043e\u043f\u043e\u043b\u044c\u0441\u044c\u043a\u0435<\/li>\n<li>\u0420\u043e\u0431\u043e\u0442\u043e\u0434\u0430\u0432\u0435\u0446\u044c: ,,Firma Klich&amp;Klich\u201d \u0417\u0431\u0456\u0433\u043d\u0454\u0432 \u041a\u043b\u0456\u0445, \u0412\u043e\u0439\u0446\u0456\u0435\u0445 \u041a\u043b\u0456\u0445 (Zbigniew Klich, Wojciech Klich) \u0412\u0456\u0434\u043a\u0440\u0438\u0442\u0435 \u0442\u043e\u0432\u0430\u0440\u0438\u0441\u0442\u0432\u043e<\/li>\n<li>\u041e\u0431\u043e\u0432\u2019\u044f\u0437\u043a\u0438: \u043f\u0456\u0434\u0433\u043e\u0442\u043e\u0432\u043a\u0430 \u0457\u0436\u0438 \u0434\u043b\u044f \u0436\u0438\u0442\u0435\u043b\u0456\u0432 \u0437\u0430\u043a\u043b\u0430\u0434\u0443 \u043e\u043f\u0456\u043a\u0438<\/li>\n<li>\u0411\u0430\u0436\u0430\u043d\u0430 \u043e\u0441\u0432\u0456\u0442\u0430: \u043a\u0432\u0430\u043b\u0456\u0444\u0456\u043a\u043e\u0432\u0430\u043d\u0438\u0439 \u0440\u043e\u0431\u0456\u0442\u043d\u0438\u043a, \u0441\u043f\u0435\u0446\u0456\u0430\u043b\u044c\u043d\u0456\u0441\u0442\u044c: \u043f\u0435\u0440\u043a\u0430\u0440<\/li>\n<li>\u0412\u0438\u043c\u043e\u0433\u0438: \u0431\u0430\u0436\u0430\u043d\u0438\u0439 \u0434\u043e\u0441\u0432\u0456\u0434 \u0443 \u0440\u043e\u0431\u043e\u0442\u0456 \u043d\u0430 \u0437\u0433\u0430\u0434\u0430\u043d\u0456\u0439 \u043f\u043e\u0441\u0430\u0434\u0456<\/li>\n<li>\u0412\u043c\u0456\u043d\u043d\u044f \u0442\u0430 \u043a\u0432\u0430\u043b\u0456\u0444\u0456\u043a\u0430\u0446\u0456\u0457: \u043a\u043d\u0438\u0436\u0435\u0447\u043a\u0430 \u0441\u0430\u043d\u0456\u043d\u0441\u043f\u0435\u043a\u0446\u0456\u0457 (ksi\u0105\u017ceczka sanepidowska)<\/li>\n<li>\u0412\u0438\u0434 \u0443\u0433\u043e\u0434\u0438: \u0442\u0440\u0443\u0434\u043e\u0432\u0438\u0439 \u0434\u043e\u0433\u043e\u0432\u0456\u0440<\/li>\n<li>\u0420\u043e\u0431\u043e\u0447\u0438\u0439 \u0447\u0430\u0441: \u043f\u043e\u0432\u043d\u0430 \u0441\u0442\u0430\u0432\u043a\u0430<\/li>\n<\/ul>\n","protected":false},"excerpt":{"rendered":"<p>Stanowisko: Piekarz Miejsce pracy: 32-300 Sieniczno,\u00a0 ul. Orzech\u00f3wka 25, powiat: olkuski, woj: ma\u0142opolskie Pracodawca: ,,Firma Klich&amp;Klich\u201d<\/p>\n","protected":false},"author":3,"featured_media":0,"parent":2588,"menu_order":0,"comment_status":"closed","ping_status":"closed","template":"","meta":{"footnotes":""},"class_list":["post-2618","page","type-page","status-publish","hentry"],"_links":{"self":[{"href":"https:\/\/armz.pl\/index.php?rest_route=\/wp\/v2\/pages\/2618","targetHints":{"allow":["GET"]}}],"collection":[{"href":"https:\/\/armz.pl\/index.php?rest_route=\/wp\/v2\/pages"}],"about":[{"href":"https:\/\/armz.pl\/index.php?rest_route=\/wp\/v2\/types\/page"}],"author":[{"embeddable":true,"href":"https:\/\/armz.pl\/index.php?rest_route=\/wp\/v2\/users\/3"}],"replies":[{"embeddable":true,"href":"https:\/\/armz.pl\/index.php?rest_route=%2Fwp%2Fv2%2Fcomments&post=2618"}],"version-history":[{"count":2,"href":"https:\/\/armz.pl\/index.php?rest_route=\/wp\/v2\/pages\/2618\/revisions"}],"predecessor-version":[{"id":2628,"href":"https:\/\/armz.pl\/index.php?rest_route=\/wp\/v2\/pages\/2618\/revisions\/2628"}],"up":[{"embeddable":true,"href":"https:\/\/armz.pl\/index.php?rest_route=\/wp\/v2\/pages\/2588"}],"wp:attachment":[{"href":"https:\/\/armz.pl\/index.php?rest_route=%2Fwp%2Fv2%2Fmedia&parent=2618"}],"curies":[{"name":"wp","href":"https:\/\/api.w.org\/{rel}","templated":true}]}}