{"id":2616,"date":"2023-01-11T09:53:07","date_gmt":"2023-01-11T09:53:07","guid":{"rendered":"https:\/\/armz.pl\/?page_id=2616"},"modified":"2023-01-11T09:53:07","modified_gmt":"2023-01-11T09:53:07","slug":"stanowisko-kucharz-kucharka-%d0%bf%d0%be%d1%81%d0%b0%d0%b4%d0%b0-%d0%ba%d1%83%d1%85%d0%b0%d1%80-%d0%ba%d1%83%d1%85%d0%b0%d1%80ka","status":"publish","type":"page","link":"https:\/\/armz.pl\/?page_id=2616","title":{"rendered":"Stanowisko: Kucharz\/Kucharka &#8211; \u041f\u043e\u0441\u0430\u0434\u0430: \u041a\u0423\u0425\u0410\u0420\/\u041a\u0423\u0425\u0410\u0420KA"},"content":{"rendered":"<p style=\"text-align: left;\">Stanowisko:<strong> Kucharz\/Kucharka<\/strong><\/p>\n<ul>\n<li>Miejsce pracy: 32-500 Chrzan\u00f3w , ul. Marii Sk\u0142odowskiej Curie 12, powiat: chrzanowski, woj: ma\u0142opolskie<\/li>\n<li>Pracodawca: Stowarzyszenie Domu M\u0119\u017cczyzn Wymagaj\u0105cych Opieki<\/li>\n<li>Zakres obowi\u0105zk\u00f3w: przygotowywanie posi\u0142k\u00f3w dla pensjonariuszy plac\u00f3wki opieku\u0144czej<\/li>\n<li>Wykszta\u0142cenie konieczne: podstawowe<\/li>\n<li>Wykszta\u0142cenie po\u017c\u0105dane: zasadnicze zawodowe<\/li>\n<li>Wymagania: umiej\u0119tno\u015b\u0107 gotowania<\/li>\n<li>Rodzaj umowy: Umowa zlecenie\/umowa o \u015bwiadczenie us\u0142ug<\/li>\n<li>Liczba godzin pracy w tygodniu 40<\/li>\n<\/ul>\n<p>&nbsp;<\/p>\n<p style=\"text-align: left;\">\u041f\u043e\u0441\u0430\u0434\u0430: <strong>\u041a\u0423\u0425\u0410\u0420<\/strong><strong>\/<\/strong><strong>\u041a\u0423\u0425\u0410\u0420KA<\/strong><\/p>\n<ul>\n<li>\u041c\u0456\u0441\u0446\u0435 \u0440\u043e\u0431\u043e\u0442\u0438: 32-500 \u0425\u0448\u0430\u043d\u0443\u0432, (Chrzan\u00f3w), \u0432\u0443\u043b. \u041c\u0430\u0440\u0456\u0456 \u0421\u043a\u043b\u043e\u0434\u043e\u0432\u0441\u043a\u0456\u0435\u0439 \u041a\u044e\u0440\u0456 (Marii Sk\u0142odowskiej Curie) 12, \u043f\u043e\u0432\u0456\u0442: \u0445\u0448\u0430\u043d\u043e\u0432\u0441\u044c\u043a\u0438\u0439, \u0432\u043e\u0454\u0432\u043e\u0434\u0441\u0442\u0432\u043e: \u043c\u0430\u043b\u043e\u043f\u043e\u043b\u044c\u0441\u044c\u043a\u0435<\/li>\n<li>\u0420\u043e\u0431\u043e\u0442\u043e\u0434\u0430\u0432\u0435\u0446\u044c: \u041e\u0431\u2019\u0454\u0434\u043d\u0430\u043d\u043d\u044f \u0434\u043e\u043c\u0443 \u0447\u043e\u043b\u043e\u0432\u0456\u043a\u0456\u0432, \u044f\u043a\u0456 \u0432\u0438\u043c\u0430\u0433\u0430\u044e\u0442\u044c \u043e\u043f\u0456\u043a\u0438, (Stowarzyszenie Domu M\u0119\u017cczyzn Wymagaj\u0105cych Opieki ),<\/li>\n<li>\u041e\u0431\u043e\u0432\u2019\u044f\u0437\u043a\u0438: \u043f\u0456\u0434\u0433\u043e\u0442\u043e\u0432\u043a\u0430 \u0457\u0436\u0438 \u0434\u043b\u044f \u0436\u0438\u0442\u0435\u043b\u0456\u0432 \u0437\u0430\u043a\u043b\u0430\u0434\u0443 \u043e\u043f\u0456\u043a\u0438<\/li>\n<li>\u041d\u0435\u043e\u0431\u0445\u0456\u0434\u043d\u0430 \u043e\u0441\u0432\u0456\u0442\u0430: \u043f\u043e\u0447\u0430\u0442\u043a\u043e\u0432\u0430<\/li>\n<li>\u0411\u0430\u0436\u0430\u043d\u0430 \u043e\u0441\u0432\u0456\u0442\u0430: \u043a\u0432\u0430\u043b\u0456\u0444\u0456\u043a\u043e\u0432\u0430\u043d\u0438\u0439 \u0440\u043e\u0431\u0456\u0442\u043d\u0438\u043a<\/li>\n<li>\u0412\u0438\u043c\u043e\u0433\u0438: \u0432\u043c\u0456\u043d\u043d\u044f \u0432\u0438\u0433\u043e\u0442\u043e\u0432\u043b\u044f\u0442\u0438 \u0457\u0436\u0443<\/li>\n<li>\u0412\u0438\u0434 \u0443\u0433\u043e\u0434\u0438: \u0434\u043e\u0433\u043e\u0432\u0456\u0440 \u0434\u043e\u0440\u0443\u0447\u0435\u043d\u043d\u044f\/\u0434\u043e\u0433\u043e\u0432\u0456\u0440 \u043f\u0440\u043e \u043d\u0430\u0434\u0430\u043d\u043d\u044f \u043f\u043e\u0441\u043b\u0443\u0433<\/li>\n<li>\u041a\u0456\u043b\u044c\u043a\u0456\u0441\u0442\u044c \u0433\u043e\u0434\u0438\u043d \u0432 \u0442\u0438\u0436\u0434\u0435\u043d\u044c: 40<\/li>\n<\/ul>\n","protected":false},"excerpt":{"rendered":"<p>Stanowisko: Kucharz\/Kucharka Miejsce pracy: 32-500 Chrzan\u00f3w , ul. Marii Sk\u0142odowskiej Curie 12, powiat: chrzanowski, woj: ma\u0142opolskie<\/p>\n","protected":false},"author":3,"featured_media":0,"parent":2588,"menu_order":0,"comment_status":"closed","ping_status":"closed","template":"","meta":{"footnotes":""},"class_list":["post-2616","page","type-page","status-publish","hentry"],"_links":{"self":[{"href":"https:\/\/armz.pl\/index.php?rest_route=\/wp\/v2\/pages\/2616","targetHints":{"allow":["GET"]}}],"collection":[{"href":"https:\/\/armz.pl\/index.php?rest_route=\/wp\/v2\/pages"}],"about":[{"href":"https:\/\/armz.pl\/index.php?rest_route=\/wp\/v2\/types\/page"}],"author":[{"embeddable":true,"href":"https:\/\/armz.pl\/index.php?rest_route=\/wp\/v2\/users\/3"}],"replies":[{"embeddable":true,"href":"https:\/\/armz.pl\/index.php?rest_route=%2Fwp%2Fv2%2Fcomments&post=2616"}],"version-history":[{"count":1,"href":"https:\/\/armz.pl\/index.php?rest_route=\/wp\/v2\/pages\/2616\/revisions"}],"predecessor-version":[{"id":2617,"href":"https:\/\/armz.pl\/index.php?rest_route=\/wp\/v2\/pages\/2616\/revisions\/2617"}],"up":[{"embeddable":true,"href":"https:\/\/armz.pl\/index.php?rest_route=\/wp\/v2\/pages\/2588"}],"wp:attachment":[{"href":"https:\/\/armz.pl\/index.php?rest_route=%2Fwp%2Fv2%2Fmedia&parent=2616"}],"curies":[{"name":"wp","href":"https:\/\/api.w.org\/{rel}","templated":true}]}}