{"id":2600,"date":"2022-12-07T15:42:40","date_gmt":"2022-12-07T15:42:40","guid":{"rendered":"https:\/\/armz.pl\/?page_id=2600"},"modified":"2022-12-07T15:42:40","modified_gmt":"2022-12-07T15:42:40","slug":"kucharz-pomoc-kuchenna-%d0%ba%d1%83%d1%85%d0%b0%d1%80-%d0%bf%d0%be%d0%bc%d1%96%d1%87%d0%bd%d0%b8%d0%ba-%d0%ba%d1%83%d1%85%d0%b0%d1%80%d1%8f","status":"publish","type":"page","link":"https:\/\/armz.pl\/?page_id=2600","title":{"rendered":"KUCHARZ\/POMOC KUCHENNA &#8211; \u041a\u0423\u0425\u0410\u0420\/\u041f\u041e\u041c\u0406\u0427\u041d\u0418\u041a \u041a\u0423\u0425\u0410\u0420\u042f"},"content":{"rendered":"<p><strong>Stanowisko: KUCHARZ\/POMOC KUCHENNA<\/strong><\/p>\n<p><strong>Miejsce pracy:<\/strong> 32-500 Chrzan\u00f3w, ul. \u015al\u0105ska 87 A ,powiat: chrzanowski, woj: ma\u0142opolskie<br \/>\n<strong>Pracodawca:<\/strong> Mikunda Ma\u0142gorzata Firma MIKUNDA<br \/>\n<strong>Zakres obowi\u0105zk\u00f3w:<\/strong> przygotowywanie posi\u0142k\u00f3w<br \/>\n<strong>Wykszta\u0142cenie:<\/strong> zasadnicze zawodowe\/pozostali kucharze<br \/>\n<strong>Wymagania:<\/strong> umiej\u0119tno\u015b\u0107 przygotowywania posi\u0142k\u00f3w<br \/>\n<strong>Umiej\u0119tno\u015bci i uprawnienia:<\/strong> ksi\u0105\u017ceczka sanepidowska<br \/>\n<strong>Rodzaj umowy:<\/strong> Umowa o prac\u0119<br \/>\n<strong>Wymiar etatu:<\/strong> 1<\/p>\n<p><strong>\u041f\u043e\u0441\u0430\u0434\u0430: \u041a\u0423\u0425\u0410\u0420\/\u041f\u041e\u041c\u0406\u0427\u041d\u0418\u041a \u041a\u0423\u0425\u0410\u0420\u042f<\/strong><\/p>\n<p><strong>\u041c\u0456\u0441\u0446\u0435 \u0440\u043e\u0431\u043e\u0442\u0438:<\/strong> 32-500 \u0425\u0448\u0430\u043d\u0443\u0432, \u0432\u0443\u043b. \u0421\u044c\u043b\u043e\u043d\u0441\u043a\u0430 (\u015al\u0105ska) 87 A , \u043f\u043e\u0432\u0456\u0442: \u0445\u0448\u0430\u043d\u043e\u0432\u0441\u044c\u043a\u0438\u0439, \u0432\u043e\u0454\u0432\u043e\u0434\u0441\u0442\u0432\u043e: \u043c\u0430\u043b\u043e\u043f\u043e\u043b\u044c\u0441\u044c\u043a\u0435<br \/>\n<strong>\u0420\u043e\u0431\u043e\u0442\u043e\u0434\u0430\u0432\u0435\u0446\u044c:<\/strong> \u041c\u0456\u043a\u0443\u043d\u0434\u0430 \u041c\u0430\u043b\u0433\u043e\u0436\u0430\u0442\u0430 \u043a\u043e\u043c\u043f\u0430\u043d\u0456\u044f \u041c\u0456\u043a\u0443\u043d\u0434\u0430 (Mikunda Ma\u0142gorzata Firma MIKUNDA)<br \/>\n<strong>\u041e\u0431\u043e\u0432\u2019\u044f\u0437\u043a\u0438:<\/strong> \u043f\u0456\u0434\u0433\u043e\u0442\u043e\u0432\u043a\u0430 \u0457\u0436\u0438<br \/>\n<strong>\u041e\u0441\u0432\u0456\u0442\u0430:<\/strong> \u043a\u0432\u0430\u043b\u0456\u0444\u0456\u043a\u043e\u0432\u0430\u043d\u0438\u0439 \u0440\u043e\u0431\u0456\u0442\u043d\u0438\u043a\/\u0456\u043d\u0448\u0456 \u043a\u0443\u0445\u0430\u0440\u0456<br \/>\n<strong>\u0412\u0438\u043c\u043e\u0433\u0438:<\/strong> \u0432\u043c\u0456\u043d\u043d\u044f \u0432\u0438\u0433\u043e\u0442\u043e\u0432\u043b\u044f\u0442\u0438 \u0457\u0436\u0443<br \/>\n<strong>\u0412\u043c\u0456\u043d\u043d\u044f \u0442\u0430 \u043a\u0432\u0430\u043b\u0456\u0444\u0456\u043a\u0430\u0446\u0456\u0457:<\/strong> \u043a\u043d\u0438\u0436\u0435\u0447\u043a\u0430 \u0441\u0430\u043d\u0456\u043d\u0441\u043f\u0435\u043a\u0446\u0456\u0457 (ksi\u0105\u017ceczka sanepidowska)<br \/>\n<strong>\u0412\u0438\u0434 \u0443\u0433\u043e\u0434\u0438:<\/strong> \u0442\u0440\u0443\u0434\u043e\u0432\u0438\u0439 \u0434\u043e\u0433\u043e\u0432\u0456\u0440<br \/>\n<strong>\u0420\u043e\u0431\u043e\u0447\u0438\u0439 \u0447\u0430\u0441<\/strong>: \u043f\u043e\u0432\u043d\u0430 \u0441\u0442\u0430\u0432\u043a\u0430<\/p>\n<p>&nbsp;<\/p>\n","protected":false},"excerpt":{"rendered":"<p>Stanowisko: KUCHARZ\/POMOC KUCHENNA Miejsce pracy: 32-500 Chrzan\u00f3w, ul. \u015al\u0105ska 87 A ,powiat: chrzanowski, woj: ma\u0142opolskie Pracodawca:<\/p>\n","protected":false},"author":1,"featured_media":0,"parent":0,"menu_order":0,"comment_status":"closed","ping_status":"closed","template":"","meta":{"footnotes":""},"class_list":["post-2600","page","type-page","status-publish","hentry"],"_links":{"self":[{"href":"https:\/\/armz.pl\/index.php?rest_route=\/wp\/v2\/pages\/2600","targetHints":{"allow":["GET"]}}],"collection":[{"href":"https:\/\/armz.pl\/index.php?rest_route=\/wp\/v2\/pages"}],"about":[{"href":"https:\/\/armz.pl\/index.php?rest_route=\/wp\/v2\/types\/page"}],"author":[{"embeddable":true,"href":"https:\/\/armz.pl\/index.php?rest_route=\/wp\/v2\/users\/1"}],"replies":[{"embeddable":true,"href":"https:\/\/armz.pl\/index.php?rest_route=%2Fwp%2Fv2%2Fcomments&post=2600"}],"version-history":[{"count":1,"href":"https:\/\/armz.pl\/index.php?rest_route=\/wp\/v2\/pages\/2600\/revisions"}],"predecessor-version":[{"id":2601,"href":"https:\/\/armz.pl\/index.php?rest_route=\/wp\/v2\/pages\/2600\/revisions\/2601"}],"wp:attachment":[{"href":"https:\/\/armz.pl\/index.php?rest_route=%2Fwp%2Fv2%2Fmedia&parent=2600"}],"curies":[{"name":"wp","href":"https:\/\/api.w.org\/{rel}","templated":true}]}}