{"id":2588,"date":"2022-12-07T15:25:25","date_gmt":"2022-12-07T15:25:25","guid":{"rendered":"https:\/\/armz.pl\/?page_id=2588"},"modified":"2023-02-24T14:26:36","modified_gmt":"2023-02-24T14:26:36","slug":"oferty-pracy-%d0%bf%d1%80%d0%be%d0%bf%d0%be%d0%b7%d0%b8%d1%86%d1%96%d1%97-%d1%80%d0%be%d0%b1%d0%be%d1%82%d0%b8","status":"publish","type":"page","link":"https:\/\/armz.pl\/?page_id=2588","title":{"rendered":"Oferty Pracy- \u041f\u0440\u043e\u043f\u043e\u0437\u0438\u0446\u0456\u0457 \u0440\u043e\u0431\u043e\u0442\u0438"},"content":{"rendered":"<p style=\"text-align: center;\"><span style=\"font-size: 14pt;\"><strong>Oferty Pracy &#8211; szczeg\u00f3\u0142y<\/strong><\/span><\/p>\n<p><span style=\"font-size: 12pt;\">Dodane przez: <\/span><\/p>\n<p><span style=\"font-size: 12pt;\"><strong>Agencja Rozwoju Ma\u0142opolski Zachodniej S.A. w Chrzanowie<\/strong><\/span><br \/>\n<span style=\"font-size: 12pt;\">W przypadku zainteresowania ofert\u0105 nale\u017cy si\u0119 kontaktowa\u0107 z po\u015brednikiem pracy<\/span><\/p>\n<ul>\n<li><span style=\"font-size: 12pt;\"><strong> Edyta Solecka tel.: 508 448 987<\/strong><\/span><\/li>\n<li><span style=\"font-size: 12pt;\"><strong> Katarzyna Oczkowska tel.: 664 357 671<\/strong><\/span><\/li>\n<\/ul>\n<p style=\"text-align: center;\"><strong><span style=\"font-size: 14pt;\">\u041f\u0440\u043e\u043f\u043e\u0437\u0438\u0446\u0456\u0457 \u0440\u043e\u0431\u043e\u0442\u0438 &#8211; \u0434\u0435\u0442\u0430\u043b\u0456<\/span><\/strong><\/p>\n<p><span style=\"font-size: 12pt;\">\u0414\u043e\u0434\u0430\u043d\u0456: <\/span><\/p>\n<p><span style=\"font-size: 12pt;\"><strong>\u0410\u0433\u0435\u043d\u0442\u0441\u0442\u0432\u043e\u043c \u0440\u043e\u0437\u0432\u0438\u0442\u043a\u0443 \u0437\u0430\u0445\u0456\u0434\u043d\u043e\u0457 \u043c\u0430\u043b\u043e\u043f\u043e\u043b\u044c\u0448\u0456 \u0410\u0422 \u0443 \u043c\u0456\u0441\u0442\u0456 \u0425\u0448\u0430\u043d\u0443\u0432<\/strong><\/span><br \/>\n<span style=\"font-size: 12pt;\"><strong>(Agencja Rozwoju Ma\u0142opolski Zachodniej S.A. w Chrzanowie)<\/strong><\/span><\/p>\n<p><span style=\"font-size: 12pt;\">\u0423 \u0432\u0438\u043f\u0430\u0434\u043a\u0443 \u0437\u0430\u0446\u0456\u043a\u0430\u0432\u043b\u0435\u043d\u043d\u044f \u043f\u0440\u043e\u043f\u043e\u0437\u0438\u0446\u0456\u0454\u044e \u043f\u0440\u043e\u0448\u0443 \u043a\u043e\u043d\u0442\u0430\u043a\u0442\u0443\u0432\u0430\u0442\u0438\u0441\u044f \u0437 \u043f\u043e\u0441\u0435\u0440\u0435\u0434\u043d\u0438\u043a\u043e\u043c \u0437 \u043f\u0438\u0442\u0430\u043d\u044c \u043f\u0440\u0430\u0446\u0435\u0432\u043b\u0430\u0448\u0442\u0443\u0432\u0430\u043d\u043d\u044f:<\/span><\/p>\n<ul>\n<li><span style=\"font-size: 12pt;\"><strong>\u0415. \u0421\u043e\u043b\u0435\u0446\u043a\u0430 (E. Solecka) \u0442\u0435\u043b: 508 448 987<\/strong><\/span><\/li>\n<li><span style=\"font-size: 12pt;\"><strong> \u041a. \u041e\u0447\u043a\u043e\u0432\u0441\u043a\u0430 (K. Oczkowska) \u0442\u0435\u043b: 664\u00a0357\u00a0671<\/strong><\/span><\/li>\n<\/ul>\n<p>&nbsp;<\/p>\n<ol>\n<li><span style=\"font-size: 12pt;\"><strong><a href=\"https:\/\/armz.pl\/?page_id=2649\">Krawiec\/krawcowa \u2013 \u041a\u0440\u0430\u0432\u0435\u0446\u044c\/\u0448\u0432\u0430\u0447\u043a\u0430 (24.02.2023 r.)<\/a><\/strong><\/span><\/li>\n<li><span style=\"font-size: 12pt;\"><strong><a href=\"https:\/\/armz.pl\/?page_id=2651\">Asystentka stomatologiczna \u2013 \u0410\u0441\u0438\u0441\u0442\u0435\u043d\u0442 \u0432\u0447\u0438\u0442\u0435\u043b\u044f \u0443 \u0434\u0438\u0442\u0441\u0430\u0434\u043a\u0443 (24.02.2023 r.)<\/a><\/strong><\/span><\/li>\n<li><span style=\"font-size: 12pt;\"><strong><a href=\"https:\/\/armz.pl\/?page_id=2653\">Asystent nauczyciela przedszkola \u2013 \u0410\u0441\u0438\u0441\u0442\u0435\u043d\u0442 \u0432\u0447\u0438\u0442\u0435\u043b\u044f \u0443 \u0434\u0438\u0442\u0441\u0430\u0434\u043a\u0443 (24.02.2023 r.)<\/a><\/strong><\/span><\/li>\n<li><strong><span style=\"font-size: 12pt;\"><a href=\"https:\/\/armz.pl\/?page_id=2645\">Pracownik biurowy \/ \u041f\u0440\u0430\u0446\u0456\u0432\u043d\u0438\u043a \u043e\u0444\u0456\u0441\u0443 (27.01.2023 r.)<\/a><\/span><\/strong><\/li>\n<li><strong><span style=\"font-size: 12pt;\"><a href=\"https:\/\/armz.pl\/?page_id=2643\">Dekorator ozd\u00f3b choinkowych \/ \u0414\u0435\u043a\u043e\u0440\u0430\u0442\u043e\u0440 \u044f\u043b\u0438\u043d\u043a\u043e\u0432\u0438\u0445 \u043f\u0440\u0438\u043a\u0440\u0430\u0441 (27.01.2023 r.)<\/a><\/span><\/strong><\/li>\n<li><strong><span style=\"font-size: 12pt;\"><a href=\"https:\/\/armz.pl\/?page_id=2641\">Osoba Sprz\u0105taj\u0105ca \/ \u041f\u0440\u0438\u0431\u0438\u0440\u0430\u043b\u044c\u043d\u0438\u043a (27.01.2023 r.)<\/a><\/span><\/strong><\/li>\n<li><strong><span style=\"font-size: 12pt;\"><a href=\"https:\/\/armz.pl\/?page_id=2639\">M\u0142odszy asystent w sekcji epidemiologii \/ \u041c\u043e\u043b\u043e\u0434\u0448\u0438\u0439 \u0430\u0441\u0438\u0441\u0442\u0435\u043d\u0442 \u0443 \u0432\u0456\u0434\u0434\u0456\u043b\u0435\u043d\u0456 \u0435\u043f\u0456\u0434\u0435\u043c\u0456\u043e\u043b\u043e\u0433\u0456\u0457 (27.01.2023 r.)<\/a><\/span><\/strong><\/li>\n<li><span style=\"font-size: 12pt;\"><strong><a href=\"https:\/\/armz.pl\/?page_id=2616\">Kucharz\/Kucharka &#8211; \u041a\u0423\u0425\u0410\u0420\/\u041a\u0423\u0425\u0410\u0420KA<\/a><\/strong><\/span><\/li>\n<li><span style=\"font-size: 12pt;\"><strong><a href=\"https:\/\/armz.pl\/?page_id=2618\">Piekarz &#8211; \u041f\u0435\u043a\u0430\u0440<\/a><\/strong><\/span><\/li>\n<li><span style=\"font-size: 12pt;\"><strong><a href=\"https:\/\/armz.pl\/?page_id=2620\">Sprz\u0105taczka (Wolbrom) &#8211; \u041f\u0440\u0438\u0431\u0438\u0440\u0430\u043b\u044c\u043d\u0438\u0446\u044f (\u0412\u043e\u043b\u044c\u0431\u0440\u043e\u043c)<\/a><\/strong><\/span><\/li>\n<li><span style=\"font-size: 12pt;\"><strong><a href=\"https:\/\/armz.pl\/?page_id=2622\">Pracownik Produkcji &#8211; \u041f\u0440\u0430\u0446\u0456\u0432\u043d\u0438\u043a \u0432\u0438\u0440\u043e\u0431\u043d\u0438\u0446\u0442\u0432\u0430<\/a><\/strong><\/span><\/li>\n<li><span style=\"font-size: 12pt;\"><strong><a href=\"https:\/\/armz.pl\/?page_id=2624\">Sprz\u0105taczka (Trzebinia) &#8211; \u041f\u0440\u0438\u0431\u0438\u0440\u0430\u043b\u044c\u043d\u0438\u0446\u044f (\u0422\u0448\u0435\u0431\u0456\u043d\u044f)<\/a><\/strong><\/span><\/li>\n<li><strong><span style=\"font-size: 12pt;\"><a href=\"https:\/\/armz.pl\/?page_id=2598\">OPIEKUN OSOBY STARSZEJ &#8211; \u041e\u041f\u0406\u041a\u0423\u041d \u041e\u0421\u041e\u0411\u0418 \u041f\u041e\u0425\u0418\u041b\u041e\u0413\u041e \u0412\u0406\u041a\u0423<\/a><br \/>\n<\/span><\/strong><\/li>\n<li><a href=\"https:\/\/armz.pl\/?page_id=2600\"><span style=\"font-size: 12pt;\"><strong>KUCHARZ\/POMOC KUCHENNA &#8211; \u041a\u0423\u0425\u0410\u0420\/\u041f\u041e\u041c\u0406\u0427\u041d\u0418\u041a \u041a\u0423\u0425\u0410\u0420\u042f<\/strong><\/span><\/a><\/li>\n<li><a href=\"https:\/\/armz.pl\/?page_id=2602\"><span style=\"font-size: 12pt;\"><strong>ARCHITEKT WN\u0118TRZ &#8211; \u0414\u0418\u0417\u0410\u0419\u041d\u0415\u0420 \u0406\u041d\u0422\u0415\u0420\u2019\u0404\u0420\u0423<\/strong><\/span><\/a><\/li>\n<li><a href=\"https:\/\/armz.pl\/?page_id=2604\"><span style=\"font-size: 12pt;\"><strong>SZWACZKA &#8211; \u0428\u0412\u0410\u0427\u041a\u0410<\/strong><\/span><\/a><\/li>\n<li><a href=\"https:\/\/armz.pl\/?page_id=2606\"><span style=\"font-size: 12pt;\"><strong>POMOC KUCHENNA &#8211; \u041a\u0423\u0425\u041e\u041d\u041d\u0410 \u0414\u041e\u041f\u041e\u041c\u041e\u0413\u0410<\/strong><\/span><\/a><\/li>\n<\/ol>\n<p>&nbsp;<\/p>\n<p>&nbsp;<\/p>\n","protected":false},"excerpt":{"rendered":"<p>Oferty Pracy &#8211; szczeg\u00f3\u0142y Dodane przez: Agencja Rozwoju Ma\u0142opolski Zachodniej S.A. w Chrzanowie W przypadku zainteresowania<\/p>\n","protected":false},"author":1,"featured_media":0,"parent":0,"menu_order":0,"comment_status":"closed","ping_status":"closed","template":"","meta":{"footnotes":""},"class_list":["post-2588","page","type-page","status-publish","hentry"],"_links":{"self":[{"href":"https:\/\/armz.pl\/index.php?rest_route=\/wp\/v2\/pages\/2588","targetHints":{"allow":["GET"]}}],"collection":[{"href":"https:\/\/armz.pl\/index.php?rest_route=\/wp\/v2\/pages"}],"about":[{"href":"https:\/\/armz.pl\/index.php?rest_route=\/wp\/v2\/types\/page"}],"author":[{"embeddable":true,"href":"https:\/\/armz.pl\/index.php?rest_route=\/wp\/v2\/users\/1"}],"replies":[{"embeddable":true,"href":"https:\/\/armz.pl\/index.php?rest_route=%2Fwp%2Fv2%2Fcomments&post=2588"}],"version-history":[{"count":8,"href":"https:\/\/armz.pl\/index.php?rest_route=\/wp\/v2\/pages\/2588\/revisions"}],"predecessor-version":[{"id":2655,"href":"https:\/\/armz.pl\/index.php?rest_route=\/wp\/v2\/pages\/2588\/revisions\/2655"}],"wp:attachment":[{"href":"https:\/\/armz.pl\/index.php?rest_route=%2Fwp%2Fv2%2Fmedia&parent=2588"}],"curies":[{"name":"wp","href":"https:\/\/api.w.org\/{rel}","templated":true}]}}