{"id":2330,"date":"2022-04-29T12:26:28","date_gmt":"2022-04-29T12:26:28","guid":{"rendered":"https:\/\/armz.pl\/?page_id=2330"},"modified":"2022-08-24T12:01:33","modified_gmt":"2022-08-24T12:01:33","slug":"rekrutacja-xiii-nabor-wnioskow","status":"publish","type":"page","link":"https:\/\/armz.pl\/?page_id=2330","title":{"rendered":"Rekrutacja &#8211; XIII nab\u00f3r wniosk\u00f3w"},"content":{"rendered":"<p style=\"text-align: center;\"><strong><span style=\"text-decoration: underline;\"><span style=\"color: #ff0000; text-decoration: underline;\"><a style=\"color: #ff0000; text-decoration: underline;\" href=\"https:\/\/armz.pl\/?page_id=2434\">Wyniki XIII naboru do projektu Przedsi\u0119biorca z PO WERem!<\/a><\/span><\/span><\/strong><\/p>\n<p><strong data-uw-styling-context=\"true\">Agencja Rozwoju Ma\u0142opolski Zachodniej S.A. informuje, \u017ce sk\u0142adanie wniosk\u00f3w o przyznanie wsparcia pomostowego dla uczestnik\u00f3w XIII naboru projektu \u201ePrzedsi\u0119biorca z PO WERem!\u201d odb\u0119dzie si\u0119 w terminie <span data-uw-styling-context=\"true\">od 05.09.2022 r. do 09.09.2022 r.<\/span><\/strong><\/p>\n<p><strong data-uw-styling-context=\"true\">Informujemy, i\u017c XIII nab\u00f3r biznesplan\u00f3w u Lidera rozpocznie si\u0119 26.07.2022 r. a zako\u0144czy 01.08.2022 r.<\/strong><\/p>\n<p><span style=\"color: #ff0000;\"><strong data-uw-styling-context=\"true\">Agencja Rozwoju Ma\u0142opolski Zachodniej S.A. informuje o wyd\u0142u\u017ceniu naboru do dnia 07.06.2022 r.<\/strong><\/span><\/p>\n<p><strong>XIII nab\u00f3r do projektu rozpocznie si\u0119 10.05.2022 r i potrwa do 27.05.2022 r.<\/strong><\/p>\n<p>Dokumenty nale\u017cy przes\u0142a\u0107 do biura projektu:<\/p>\n<p><strong>Agencja Rozwoju Ma\u0142opolski Zachodniej S.A.<\/strong><\/p>\n<p>32-500 Chrzan\u00f3w, ul. Grunwaldzka 5<\/p>\n<p>Tel. (32) 645-19-68 wew. 22,21<\/p>\n<p>e-mail:\u00a0<a href=\"mailto:przedsiebiorcazpowerem@armz.pl\" target=\"_blank\" rel=\"noopener\">przedsiebiorcazpowerem<wbr \/>@armz.pl<\/a><\/p>\n<p>Osobi\u015bcie dokumenty mo\u017cna r\u00f3wnie\u017c z\u0142o\u017cy\u0107 w punktach terenowych:<\/p>\n<div><strong>My\u015blenicki O\u015brodek Kultury i Sportu<\/strong><\/div>\n<div>UL. Pi\u0142sudskiego 20, 32-400 My\u015blenice<\/div>\n<div>Parter, Sala lustrzana<\/div>\n<div>Mo\u017cliwo\u015b\u0107 sk\u0142adania dokument\u00f3w: 06.06.2022 r. i 07.06.2022 r. w godzinach od 9:00 do 13:00.<\/div>\n<div><strong>Urz\u0105d Gminy i Miasta w Miechowie<\/strong><br \/>\nul. Henryka Sienkiewicza 25<br \/>\n32-200 Miech\u00f3w<\/div>\n<div>pok\u00f3j 318<\/div>\n<div>Mo\u017cliwo\u015b\u0107 sk\u0142adania dokument\u00f3w: 06.06.2022 r. i 07.06.2022 r. w godzinach od 9:00 do 13:00.<\/div>\n<div><strong>Gminny O\u015brodek Kultury w Koniuszy<\/strong><\/div>\n<div>32-104 Koniusza; 5<\/div>\n<div>Mo\u017cliwo\u015b\u0107 sk\u0142adania dokument\u00f3w: 06.06.2022 r. i 07.06.2022 r. w godzinach od 9:00 do 13:00.<\/div>\n<p>DOKUMENTY REKRUTACYJNE DO POBRANIA\u00a0<strong><a href=\"https:\/\/armz.pl\/?page_id=1225\" target=\"_blank\" rel=\"noopener\" data-saferedirecturl=\"https:\/\/www.google.com\/url?q=https:\/\/armz.pl\/?page_id%3D1225&amp;source=gmail&amp;ust=1634313289319000&amp;usg=AFQjCNHatKPMnlqBGuDJDKRjDcovYx_1JQ\">\u00a0\u2013 KLIKNIJ TUTAJ<\/a><\/strong><\/p>\n<p>Osoby zainteresowane uczestnictwem w projekcie sk\u0142adaj\u0105 dokumenty rekrutacyjne w formie papierowej lub elektronicznej zgodnie z definicj\u0105 skutecznego dor\u0119czenia informacji Beneficjentowi przez kandydata\/tk\u0119 wskazan\u0105 w \u00a7 1 Regulaminu Rekrutacji Uczestnik\u00f3w Projektu.<\/p>\n<p>W XIII naborze do projektu Lider zakwalifikuje max. 10 os\u00f3b.<\/p>\n<p>Prosimy o zapoznanie si\u0119 z Regulaminem rekrutacji, w szczeg\u00f3lno\u015bci z procedur\u0105 sk\u0142adania formularzy w formie elektronicznej i za po\u015brednictwem poczty tradycyjnej.<\/p>\n<p>Przed z\u0142o\u017ceniem dokument\u00f3w rekrutacyjnych\u00a0<strong>zalecamy konsultacje<\/strong>, kt\u00f3re prowadzone b\u0119d\u0105 telefonicznej, za po\u015brednictwem poczty elektronicznej\/ komunikator\u00f3w\/innych. Form\u0119 i terminy konsultacji prosz\u0119 ustala\u0107 telefonicznie z Liderem.<\/p>\n","protected":false},"excerpt":{"rendered":"<p>Wyniki XIII naboru do projektu Przedsi\u0119biorca z PO WERem! Agencja Rozwoju Ma\u0142opolski Zachodniej S.A. informuje, \u017ce<\/p>\n","protected":false},"author":2,"featured_media":0,"parent":0,"menu_order":0,"comment_status":"closed","ping_status":"closed","template":"","meta":{"footnotes":""},"class_list":["post-2330","page","type-page","status-publish","hentry"],"_links":{"self":[{"href":"https:\/\/armz.pl\/index.php?rest_route=\/wp\/v2\/pages\/2330","targetHints":{"allow":["GET"]}}],"collection":[{"href":"https:\/\/armz.pl\/index.php?rest_route=\/wp\/v2\/pages"}],"about":[{"href":"https:\/\/armz.pl\/index.php?rest_route=\/wp\/v2\/types\/page"}],"author":[{"embeddable":true,"href":"https:\/\/armz.pl\/index.php?rest_route=\/wp\/v2\/users\/2"}],"replies":[{"embeddable":true,"href":"https:\/\/armz.pl\/index.php?rest_route=%2Fwp%2Fv2%2Fcomments&post=2330"}],"version-history":[{"count":7,"href":"https:\/\/armz.pl\/index.php?rest_route=\/wp\/v2\/pages\/2330\/revisions"}],"predecessor-version":[{"id":2496,"href":"https:\/\/armz.pl\/index.php?rest_route=\/wp\/v2\/pages\/2330\/revisions\/2496"}],"wp:attachment":[{"href":"https:\/\/armz.pl\/index.php?rest_route=%2Fwp%2Fv2%2Fmedia&parent=2330"}],"curies":[{"name":"wp","href":"https:\/\/api.w.org\/{rel}","templated":true}]}}