{"id":2323,"date":"2022-04-29T06:46:34","date_gmt":"2022-04-29T06:46:34","guid":{"rendered":"https:\/\/armz.pl\/?page_id=2323"},"modified":"2025-04-04T10:15:28","modified_gmt":"2025-04-04T10:15:28","slug":"pozyczka-uniwersalna","status":"publish","type":"page","link":"https:\/\/armz.pl\/?page_id=2323","title":{"rendered":"PO\u017bYCZKA UNIWERSALNA"},"content":{"rendered":"<h1 style=\"text-align: center;\" data-uw-styling-context=\"true\"><strong data-uw-styling-context=\"true\">PO\u017bYCZKA UNIWERSALNA<\/strong><\/h1>\n<p>&nbsp;<\/p>\n<p style=\"text-align: left;\" data-uw-styling-context=\"true\"><strong data-uw-styling-context=\"true\">Szanowni Pa\u0144stwo!<\/strong><\/p>\n<p data-uw-styling-context=\"true\"><span data-uw-styling-context=\"true\">Informujemy, \u017ce 23.05.2022 r. zostanie uruchomiony ci\u0105g\u0142y nab\u00f3r wniosk\u00f3w o po\u017cyczki z Funduszu Po\u017cyczkowego \u201ePO\u017bYCZKA UNIWERSALNA\u201d. Po\u017cyczki Uniwersalne przeznaczone s\u0105 na finansowanie przedsi\u0119wzi\u0119\u0107 gospodarczych, realizowanych przez ma\u0142opolskie M\u015aP, w szczeg\u00f3lno\u015bci na pokrycie z tego tytu\u0142u ich potrzeb bie\u017c\u0105cych oraz inwestycyjnych i pochodz\u0105 z linii po\u017cyczkowej Ma\u0142opolskiego Funduszu Rozwoju sp. z o.o.<\/span><\/p>\n<p data-uw-styling-context=\"true\"><span data-uw-styling-context=\"true\">Oferta po\u017cyczkowa skierowana jest do mikro, ma\u0142ych i \u015brednich przedsi\u0119biorc\u00f3w, prowadz\u0105cych dzia\u0142alno\u015b\u0107 gospodarcz\u0105 na obszarze <\/span><span data-uw-styling-context=\"true\">wojew\u00f3dztwa ma\u0142opolskiego, kt\u00f3rzy zgodnie z w\u0142a\u015bciwymi dokumentami rejestrowymi posiadaj\u0105 na obszarze wojew\u00f3dztwa ma\u0142opolskiego\u00a0siedzib\u0119 lub oddzia\u0142.<\/span><\/p>\n<div class=\"vc_separator wpb_content_element vc_separator_align_left vc_sep_width_100 vc_sep_border_width_2 vc_sep_pos_align_center vc_sep_color_grey naglowek-paska vc_separator-has-text\" data-uw-styling-context=\"true\">\n<h2 data-uw-styling-context=\"true\"><span data-uw-styling-context=\"true\"><strong data-uw-styling-context=\"true\">Warunki po\u017cyczki<\/strong><\/span><\/h2>\n<\/div>\n<div class=\"wpb_text_column wpb_content_element cesis_text_transform_none \" data-uw-styling-context=\"true\">\n<div class=\"wpb_wrapper\" data-uw-styling-context=\"true\">\n<ul data-uw-styling-context=\"true\">\n<li data-uw-styling-context=\"true\"><span data-uw-styling-context=\"true\">kwota po\u017cyczki \u2013 od 30 000 z\u0142 do 1 000 000 z\u0142<\/span><\/li>\n<li data-uw-styling-context=\"true\"><span data-uw-styling-context=\"true\">sp\u0142ata \u2013 maksymalnie do 7 lat<\/span><\/li>\n<li data-uw-styling-context=\"true\"><span data-uw-styling-context=\"true\">karencja \u2013 do 6 miesi\u0119cy<\/span><\/li>\n<li data-uw-styling-context=\"true\"><span data-uw-styling-context=\"true\">oprocentowanie \u2013 od 8,62%<\/span><\/li>\n<li data-uw-styling-context=\"true\"><span data-uw-styling-context=\"true\">prowizja \u2013 od 0,5 %\u00a0<\/span><\/li>\n<li data-uw-styling-context=\"true\"><span data-uw-styling-context=\"true\">przeznaczenie po\u017cyczki \u2013 cele obrotowe i inwestycyjne<\/span><\/li>\n<li data-uw-styling-context=\"true\"><span data-uw-styling-context=\"true\">zabezpieczenie po\u017cyczki mo\u017ce stanowi\u0107 m.in. weksel in blanco, por\u0119czenie os\u00f3b trzecich, hipoteka, zastaw rejestrowy, blokada \u015brodk\u00f3w na rachunku bankowym oraz inne zaakceptowane przez Zarz\u0105d ARMZ<\/span><\/li>\n<li data-uw-styling-context=\"true\"><span data-uw-styling-context=\"true\">bez wk\u0142adu w\u0142asnego<\/span><\/li>\n<\/ul>\n<hr data-uw-styling-context=\"true\" \/>\n<p data-uw-styling-context=\"true\"><span data-uw-styling-context=\"true\">Wnioski wraz z za\u0142\u0105cznikami nale\u017cy wype\u0142ni\u0107 elektronicznie.<br data-uw-styling-context=\"true\" \/><\/span><span data-uw-styling-context=\"true\">Komplet dokument\u00f3w mo\u017cna z\u0142o\u017cy\u0107 tylko w wersji papierowej w siedzibie firmy:<\/span><\/p>\n<p data-uw-styling-context=\"true\"><span data-uw-styling-context=\"true\">Agencja Rozwoju Ma\u0142opolski Zachodniej S.A.<br data-uw-styling-context=\"true\" \/><\/span><span data-uw-styling-context=\"true\">ul. Grunwaldzka 5<br data-uw-styling-context=\"true\" \/><\/span><span data-uw-styling-context=\"true\">32-500 Chrzan\u00f3w<br data-uw-styling-context=\"true\" \/><\/span><span data-uw-styling-context=\"true\">w godz. 7.00 &#8211; 15.00<\/span><\/p>\n<p data-uw-styling-context=\"true\"><span data-uw-styling-context=\"true\">Wnioski mo\u017cna konsultowa\u0107, przesy\u0142aj\u0105c je na adres: t.stefanska@armz.pl; e.solecka@armz.pl<\/span><\/p>\n<h3 data-uw-styling-context=\"true\">ZA\u0141\u0104CZNIKI:<\/h3>\n<\/div>\n<\/div>\n<ul>\n<li data-uw-styling-context=\"true\"><a href=\"https:\/\/armz.pl\/wp-content\/uploads\/2024\/01\/regulamin-pozyczek-od-1-listopada-2023.pdf\" target=\"_blank\" rel=\"noopener\">REGULAMIN (obowi\u0105zuje od 01 listopada 2023 r.)<\/a><\/li>\n<li data-uw-styling-context=\"true\"><a href=\"https:\/\/armz.pl\/wp-content\/uploads\/2022\/05\/WNIOSEK-POZYCZKOWY.doc\">WNIOSEK PO\u017bYCZKOWY<\/a><\/li>\n<li data-uw-styling-context=\"true\"><a href=\"https:\/\/armz.pl\/wp-content\/uploads\/2022\/05\/ZAL.-NR-1A-1B-PLANOWANE-PRZEPLYWY-ORAZ-BILANS.xlsx\">ZA\u0141. NR 1A, 1B PLANOWANE PRZEP\u0141YWY ORAZ BILANS<\/a><\/li>\n<li data-uw-styling-context=\"true\"><a href=\"https:\/\/armz.pl\/wp-content\/uploads\/2022\/05\/ZAL.-NR-2-OSWIADCZENIE-O-SPELNIANIU-KRYTERIOW-MSP.docx\">ZA\u0141. NR 2 O\u015aWIADCZENIE O SPE\u0141NIANIU KRYTERI\u00d3W M\u015aP<\/a><\/li>\n<li data-uw-styling-context=\"true\"><a href=\"https:\/\/armz.pl\/wp-content\/uploads\/2022\/05\/ZAL.-NR-3-KWESTIONARIUSZ-OSOBISTY.docx\">ZA\u0141. NR 3 KWESTIONARIUSZ OSOBISTY<\/a><\/li>\n<li data-uw-styling-context=\"true\"><a href=\"https:\/\/armz.pl\/wp-content\/uploads\/2023\/01\/ZAL.-NR-4-TABELA-OPLAT-I-PROWIZJI.pdf\" target=\"_blank\" rel=\"noopener\">ZA\u0141. NR 4 TABELA OP\u0141AT I PROWIZJI<\/a><\/li>\n<\/ul>\n","protected":false},"excerpt":{"rendered":"<p>PO\u017bYCZKA UNIWERSALNA &nbsp; Szanowni Pa\u0144stwo! Informujemy, \u017ce 23.05.2022 r. zostanie uruchomiony ci\u0105g\u0142y nab\u00f3r wniosk\u00f3w o po\u017cyczki<\/p>\n","protected":false},"author":2,"featured_media":0,"parent":0,"menu_order":0,"comment_status":"closed","ping_status":"closed","template":"","meta":{"footnotes":""},"class_list":["post-2323","page","type-page","status-publish","hentry"],"_links":{"self":[{"href":"https:\/\/armz.pl\/index.php?rest_route=\/wp\/v2\/pages\/2323","targetHints":{"allow":["GET"]}}],"collection":[{"href":"https:\/\/armz.pl\/index.php?rest_route=\/wp\/v2\/pages"}],"about":[{"href":"https:\/\/armz.pl\/index.php?rest_route=\/wp\/v2\/types\/page"}],"author":[{"embeddable":true,"href":"https:\/\/armz.pl\/index.php?rest_route=\/wp\/v2\/users\/2"}],"replies":[{"embeddable":true,"href":"https:\/\/armz.pl\/index.php?rest_route=%2Fwp%2Fv2%2Fcomments&post=2323"}],"version-history":[{"count":16,"href":"https:\/\/armz.pl\/index.php?rest_route=\/wp\/v2\/pages\/2323\/revisions"}],"predecessor-version":[{"id":3613,"href":"https:\/\/armz.pl\/index.php?rest_route=\/wp\/v2\/pages\/2323\/revisions\/3613"}],"wp:attachment":[{"href":"https:\/\/armz.pl\/index.php?rest_route=%2Fwp%2Fv2%2Fmedia&parent=2323"}],"curies":[{"name":"wp","href":"https:\/\/api.w.org\/{rel}","templated":true}]}}