{"id":2255,"date":"2022-03-13T19:07:49","date_gmt":"2022-03-13T19:07:49","guid":{"rendered":"https:\/\/armz.pl\/?page_id=2255"},"modified":"2025-04-04T10:25:36","modified_gmt":"2025-04-04T10:25:36","slug":"wyniki-naboru-poir","status":"publish","type":"page","link":"https:\/\/armz.pl\/?page_id=2255","title":{"rendered":"Wyniki naboru POIR"},"content":{"rendered":"<h1><span style=\"font-size: 18pt;\"><strong>\u201ePo\u017cyczka P\u0142ynno\u015bciowa POIR\u201d<\/strong><\/span><\/h1>\n<p><span style=\"font-size: 14pt;\">Poni\u017cej przedstawiamy listy wniosk\u00f3w z\u0142o\u017conych w ramach przeprowadzonego Naboru w dniach 03.03-07.03.2022r.<\/span><\/p>\n<p><span style=\"font-size: 14pt;\"><a href=\"https:\/\/armz.pl\/wp-content\/uploads\/2022\/03\/lista-podstawowa.docx\">Podstawowa Lista Wniosk\u00f3w<\/a><\/span><\/p>\n<p><span style=\"font-size: 14pt;\"><a href=\"https:\/\/armz.pl\/wp-content\/uploads\/2022\/03\/lista-pozostalych-wnioskow.docx\">Lista pozosta\u0142ych wniosk\u00f3w<\/a><\/span><\/p>\n<p><span style=\"font-size: 14pt;\"><a href=\"https:\/\/armz.pl\/wp-content\/uploads\/2022\/03\/lista-rezerwowa.docx\">Rezerwowa Lista Wniosk\u00f3w<\/a><\/span><\/p>\n<p><span style=\"font-size: 14pt;\">\u0141\u0105czna warto\u015b\u0107 wszystkich z\u0142o\u017conych wniosk\u00f3w wynios\u0142a ponad 151 mln z\u0142 (375% alokacji)<\/span><\/p>\n<p><span style=\"font-size: 14pt;\">Zgodnie z Regulaminem Udzielania Po\u017cyczek z Funduszu Po\u017cyczkowego: \u201ePo\u017cyczka P\u0142ynno\u015bciowa POIR\u201d wnioski z Podstawowej Listy Wniosk\u00f3w zostan\u0105 poddane ocenie formalnejw pierwszej kolejno\u015bci. Na etapie oceny formalnej ka\u017cdy z Konsorcjant\u00f3w procesuj\u0105cy dany wniosek b\u0119dzie kontaktowa\u0142 si\u0119 indywidualnie z Wnioskodawc\u0105.<\/span><\/p>\n<p>&nbsp;<\/p>\n<p>&nbsp;<\/p>\n","protected":false},"excerpt":{"rendered":"<p>\u201ePo\u017cyczka P\u0142ynno\u015bciowa POIR\u201d Poni\u017cej przedstawiamy listy wniosk\u00f3w z\u0142o\u017conych w ramach przeprowadzonego Naboru w dniach 03.03-07.03.2022r. Podstawowa<\/p>\n","protected":false},"author":1,"featured_media":0,"parent":0,"menu_order":0,"comment_status":"closed","ping_status":"closed","template":"","meta":{"footnotes":""},"class_list":["post-2255","page","type-page","status-publish","hentry"],"_links":{"self":[{"href":"https:\/\/armz.pl\/index.php?rest_route=\/wp\/v2\/pages\/2255","targetHints":{"allow":["GET"]}}],"collection":[{"href":"https:\/\/armz.pl\/index.php?rest_route=\/wp\/v2\/pages"}],"about":[{"href":"https:\/\/armz.pl\/index.php?rest_route=\/wp\/v2\/types\/page"}],"author":[{"embeddable":true,"href":"https:\/\/armz.pl\/index.php?rest_route=\/wp\/v2\/users\/1"}],"replies":[{"embeddable":true,"href":"https:\/\/armz.pl\/index.php?rest_route=%2Fwp%2Fv2%2Fcomments&post=2255"}],"version-history":[{"count":2,"href":"https:\/\/armz.pl\/index.php?rest_route=\/wp\/v2\/pages\/2255\/revisions"}],"predecessor-version":[{"id":3621,"href":"https:\/\/armz.pl\/index.php?rest_route=\/wp\/v2\/pages\/2255\/revisions\/3621"}],"wp:attachment":[{"href":"https:\/\/armz.pl\/index.php?rest_route=%2Fwp%2Fv2%2Fmedia&parent=2255"}],"curies":[{"name":"wp","href":"https:\/\/api.w.org\/{rel}","templated":true}]}}