{"id":1796,"date":"2021-09-09T18:26:56","date_gmt":"2021-09-09T18:26:56","guid":{"rendered":"https:\/\/armz.pl\/?page_id=1796"},"modified":"2025-04-04T10:28:37","modified_gmt":"2025-04-04T10:28:37","slug":"wyniki-naboru-poir-edycja-2","status":"publish","type":"page","link":"https:\/\/armz.pl\/?page_id=1796","title":{"rendered":"Wyniki naboru POIR edycja 2"},"content":{"rendered":"<section class=\"wpb-content-wrapper\"><p>[vc_row][vc_column][vc_column_text]<\/p>\n<h1 style=\"text-align: center;\"><span style=\"font-size: 18pt;\"><strong>Z\u0142o\u017cone wnioski o Po\u017cyczk\u0119 P\u0142ynno\u015bciow\u0105 POIR:<\/strong><\/span><\/h1>\n<p>[\/vc_column_text][\/vc_column][\/vc_row][vc_row][vc_column][vc_column_text]<\/p>\n<h2><span style=\"font-size: 12pt;\">Poni\u017cej znajduj\u0105 si\u0119 pliki w formacie PDF z listami os\u00f3b kt\u00f3re s\u0105 na li\u015bcie podstawowej i rezerwowej.<\/span><\/h2>\n<ul>\n<li><a href=\"https:\/\/armz.pl\/wp-content\/uploads\/2021\/09\/Lista-podstawowa.pdf\">Lista podstawowa<\/a><\/li>\n<li><a href=\"https:\/\/armz.pl\/wp-content\/uploads\/2021\/09\/Lista-rezerwowa.pdf\">Lista rezerwowa<\/a><\/li>\n<li><a href=\"https:\/\/armz.pl\/wp-content\/uploads\/2021\/10\/Lista-pozostalych-wnioskow.pdf\">Lista pozosta\u0142ych wniosk\u00f3w<\/a><\/li>\n<\/ul>\n<p>[\/vc_column_text][\/vc_column][\/vc_row]<\/p>\n<\/section>","protected":false},"excerpt":{"rendered":"<p>[vc_row][vc_column][vc_column_text] Z\u0142o\u017cone wnioski o Po\u017cyczk\u0119 P\u0142ynno\u015bciow\u0105 POIR: [\/vc_column_text][\/vc_column][\/vc_row][vc_row][vc_column][vc_column_text] Poni\u017cej znajduj\u0105 si\u0119 pliki w formacie PDF z<\/p>\n","protected":false},"author":1,"featured_media":0,"parent":0,"menu_order":0,"comment_status":"closed","ping_status":"closed","template":"","meta":{"footnotes":""},"class_list":["post-1796","page","type-page","status-publish","hentry"],"_links":{"self":[{"href":"https:\/\/armz.pl\/index.php?rest_route=\/wp\/v2\/pages\/1796","targetHints":{"allow":["GET"]}}],"collection":[{"href":"https:\/\/armz.pl\/index.php?rest_route=\/wp\/v2\/pages"}],"about":[{"href":"https:\/\/armz.pl\/index.php?rest_route=\/wp\/v2\/types\/page"}],"author":[{"embeddable":true,"href":"https:\/\/armz.pl\/index.php?rest_route=\/wp\/v2\/users\/1"}],"replies":[{"embeddable":true,"href":"https:\/\/armz.pl\/index.php?rest_route=%2Fwp%2Fv2%2Fcomments&post=1796"}],"version-history":[{"count":8,"href":"https:\/\/armz.pl\/index.php?rest_route=\/wp\/v2\/pages\/1796\/revisions"}],"predecessor-version":[{"id":3624,"href":"https:\/\/armz.pl\/index.php?rest_route=\/wp\/v2\/pages\/1796\/revisions\/3624"}],"wp:attachment":[{"href":"https:\/\/armz.pl\/index.php?rest_route=%2Fwp%2Fv2%2Fmedia&parent=1796"}],"curies":[{"name":"wp","href":"https:\/\/api.w.org\/{rel}","templated":true}]}}