{"id":1794,"date":"2021-09-09T18:26:14","date_gmt":"2021-09-09T18:26:14","guid":{"rendered":"https:\/\/armz.pl\/?page_id=1794"},"modified":"2025-04-04T10:26:10","modified_gmt":"2025-04-04T10:26:10","slug":"materialy-do-pobrania-poir-edycja-2","status":"publish","type":"page","link":"https:\/\/armz.pl\/?page_id=1794","title":{"rendered":"Materia\u0142y do pobrania POIR edycja 2"},"content":{"rendered":"<h1>Materia\u0142y do pobrania POIR edycja 2<\/h1>\n<p>&nbsp;<\/p>\n<p>1. <a href=\"https:\/\/armz.pl\/wp-content\/uploads\/2021\/09\/00.-Regulamin-Funduszu_09.09.2021-1.pdf\">Regulamin Funduszu<\/a><\/p>\n<p>2. Za\u0142\u0105cznik nr 1 do Regulaminu &#8211; <a href=\"https:\/\/armz.pl\/wp-content\/uploads\/2021\/09\/01.-Zalacznik-nr-1-do-Regulaminu_Metryka-Instrumentu_09.09.2021-1.docx\">Metryka Instrumentu<\/a><\/p>\n<p>3. Za\u0142\u0105cznik nr 2 do Regulaminu &#8211;\u00a0<a href=\"https:\/\/armz.pl\/wp-content\/uploads\/2021\/09\/02.-Zalacznik-nr-2-do-Regulaminu_Karta-Produktu_09.09.2021-1.docx\">Karta Produktu<\/a><\/p>\n<p>4. Za\u0142\u0105cznik nr 3 do Regulaminu &#8211; <a href=\"https:\/\/armz.pl\/wp-content\/uploads\/2021\/09\/03.-Zalacznik-nr-3-do-Regulaminu_Zasady-przeprowadzania-kontroli-u-OO.-1.doc\">Zasady przeprowadzania kontroli u OO<\/a><\/p>\n<p>5.\u00a0Za\u0142\u0105cznik nr 4 do Regulaminu<\/p>\n<p>* <a href=\"https:\/\/armz.pl\/wp-content\/uploads\/2021\/09\/04.-Zalacznik-nr-4-do-Regulaminu_Formularz-Wniosku-Pozyczkowego_09.09.2021-1.docx\">Formularz Wniosku Po\u017cyczkowego WORD<\/a><\/p>\n<p>* <a href=\"https:\/\/armz.pl\/wp-content\/uploads\/2021\/09\/04.-Zalacznik-nr-4-do-Regulaminu_Formularz-Wniosku-Pozyczkowego_09.09.2021-1.pdf\">Formularz Wniosku Po\u017cyczkowego PDF<\/a><\/p>\n<p>6. Za\u0142\u0105cznik nr 5 do Regulaminu &#8211; <a href=\"https:\/\/armz.pl\/wp-content\/uploads\/2021\/09\/Zalacznik-nr-5-do-Regulaminu_Formularz_informacji_o_pomocy_COVID_-1.xlt\">Formularz_informacji_o_pomocy_COVID_<\/a><\/p>\n<p>7.\u00a0\u00a0Za\u0142\u0105cznik nr 6 do Regulaminu &#8211; <a href=\"https:\/\/armz.pl\/wp-content\/uploads\/2021\/09\/06.-Zalacznik-nr-6-do-Regulaminu_Oswiadczenie-o-splenieniu-kryteriow-MSP_09.09.2021-1.docx\">O\u015bwiadczenie o spe\u0142nieniu kryteri\u00f3w M\u015aP<\/a><\/p>\n<p>8. Za\u0142\u0105cznik nr 7 do Regulaminu &#8211; <a href=\"https:\/\/armz.pl\/wp-content\/uploads\/2021\/09\/07.-Zalacznik-nr-7-do-Regulaminu-BIG.docx\">BIG<\/a><\/p>\n<p>9. Za\u0142\u0105cznik nr 8 do Regulaminu &#8211; <a href=\"https:\/\/armz.pl\/wp-content\/uploads\/2021\/09\/08.-Zalacznik-nr-8-do-Regulaminu-Kwestionariusz-osobisty-wnioskodawcy-i-wspolmalzonka.docx\">\u00a0Kwestionariusz osobisty wnioskodawcy i wsp\u00f3\u0142ma\u0142\u017conka<\/a><\/p>\n<p>10. Za\u0142\u0105cznik nr 9 do Regulaminu &#8211; <a href=\"https:\/\/armz.pl\/wp-content\/uploads\/2021\/09\/09.-Zalacznik-nr-9-do-Regulaminu-Oswiadczenie-o-przetwarzaniu-danych-osobowych.docx\">O\u015bwiadczenie o przetwarzaniu danych osobowych<\/a><\/p>\n<p>11. Za\u0142\u0105cznik nr 10 do Regulaminu &#8211; <a href=\"https:\/\/armz.pl\/wp-content\/uploads\/2021\/09\/10.-Zalacznik-nr-10-do-Regulaminu_Oswiadczenie-o-niezaleganiu-na-dzien-31.12.2019.-1.doc\">O\u015bwiadczenie o niezaleganiu na dzie\u0144 31.12.2019<\/a><\/p>\n<p>12. Za\u0142\u0105cznik nr 11 do Regulaminu &#8211; <a href=\"https:\/\/armz.pl\/wp-content\/uploads\/2021\/09\/11.-Zalacznik-nr-11-do-Regulaminu_Oswiadczenie-o-niezaleganiu-na-dzien-skladania.-1.doc\">O\u015bwiadczenie o niezaleganiu na dzie\u0144 sk\u0142adania<\/a><\/p>\n<p>13. Za\u0142\u0105cznik nr 12 do Regulaminu<\/p>\n<ul>\n<li><a href=\"https:\/\/armz.pl\/wp-content\/uploads\/2021\/09\/12.-Zalacznik-nr-12-do-Regulaminu_Arkusz-finansowy_do-edycji-1-1.xls\">Arkusz finansowy_do edycji\u00a0<\/a><\/li>\n<li><a href=\"https:\/\/armz.pl\/wp-content\/uploads\/2021\/09\/12.-Zalacznik-nr-12-do-Regulaminu_Wzor-arkusza-finansowego.-1.doc\">Regulaminu_Wz\u00f3r arkusza finansowego<\/a><\/li>\n<\/ul>\n<p>14. Za\u0142\u0105cznik nr 13 do Regulaminu &#8211;\u00a0<a href=\"https:\/\/armz.pl\/wp-content\/uploads\/2021\/09\/13.-Zalacznik-nr-13-do-Regulaminu_Oswiadczenie-o-prawdziwosci-przedstawionych-danych.-1-1.doc\">O\u015bwiadczenie o prawdziwo\u015bci przedstawionych danych<\/a><\/p>\n<p>15. Za\u0142\u0105cznik nr 14 do Regulaminu &#8211; <a href=\"https:\/\/armz.pl\/wp-content\/uploads\/2021\/09\/14.-Zalacznik-nr-14-do-Regulaminu_Umowa-Inwestycyjna_15.09.2021.docx\">Umowa inwestycyjna<\/a><\/p>\n<p>16. Za\u0142\u0105cznik nr 15 do Regulaminu &#8211; <a href=\"https:\/\/armz.pl\/wp-content\/uploads\/2021\/09\/15.-Zalacznik-nr-15-do-Regulaminu_Dyspozycja-wyplaty.-1.doc\">Dyspozycja wyp\u0142aty<\/a><\/p>\n<p>17. Za\u0142\u0105cznik nr 16 do Regulaminu &#8211;\u00a0<a href=\"https:\/\/armz.pl\/wp-content\/uploads\/2021\/09\/16.-Zalacznik-nr-16-do-Regulaminu_Zestawienie-wydatkow.-1.doc\">Zestawienie wydatk\u00f3w<\/a><\/p>\n<p>18. Za\u0142\u0105cznik nr 17 do Regulaminu &#8211; <a href=\"https:\/\/armz.pl\/wp-content\/uploads\/2021\/09\/17.-Zalacznik-nr-17-do-Regulaminu_Procedura-windykacyjna.-1.doc\">Procedura windykacyjna<\/a><\/p>\n<p>19. Za\u0142\u0105cznik nr 18 do Regulaminu &#8211; <a href=\"https:\/\/armz.pl\/wp-content\/uploads\/2021\/09\/19.-Zalacznik-nr-18-do-Regulaminu-Oswiadczenie-poreczyciela-i-wspolmalzonka.docx\">O\u015bwiadczenie por\u0119czyciela i wsp\u00f3\u0142ma\u0142\u017conka<\/a><\/p>\n<p>20. Za\u0142\u0105cznik nr 19 do Regulaminu<\/p>\n<ul>\n<li><a href=\"https:\/\/armz.pl\/wp-content\/uploads\/2021\/09\/19.-Zalacznik-nr-19-do-Regulaminu_Zapotrzebowanie-na-plynnosc.-1.doc\">Zapotrzebowanie na p\u0142ynno\u015b\u0107\u00a0<\/a><\/li>\n<li><a href=\"https:\/\/armz.pl\/wp-content\/uploads\/2021\/09\/19.-Zalacznik-nr-19-do-Regulaminu_Zapotrzebowanie_na_plynnosc.-1.xls\">Zapotrzebowanie_na_p\u0142ynno\u015b\u0107_arkusz<\/a><\/li>\n<\/ul>\n<p>21. <a href=\"https:\/\/armz.pl\/wp-content\/uploads\/2021\/09\/20.-Zalacznik-nr-20-do-Regulaminu_Oswiadczenie-o-korzystaniu-z-pozyczki-POIR-1.docx\">O\u015bwiadczenie o korzystaniu z po\u017cyczki POIR<\/a><\/p>\n<p>&nbsp;<\/p>\n<p>&nbsp;<\/p>\n","protected":false},"excerpt":{"rendered":"<p>Materia\u0142y do pobrania POIR edycja 2 &nbsp; 1. Regulamin Funduszu 2. Za\u0142\u0105cznik nr 1 do Regulaminu<\/p>\n","protected":false},"author":1,"featured_media":0,"parent":0,"menu_order":0,"comment_status":"closed","ping_status":"closed","template":"","meta":{"footnotes":""},"class_list":["post-1794","page","type-page","status-publish","hentry"],"_links":{"self":[{"href":"https:\/\/armz.pl\/index.php?rest_route=\/wp\/v2\/pages\/1794","targetHints":{"allow":["GET"]}}],"collection":[{"href":"https:\/\/armz.pl\/index.php?rest_route=\/wp\/v2\/pages"}],"about":[{"href":"https:\/\/armz.pl\/index.php?rest_route=\/wp\/v2\/types\/page"}],"author":[{"embeddable":true,"href":"https:\/\/armz.pl\/index.php?rest_route=\/wp\/v2\/users\/1"}],"replies":[{"embeddable":true,"href":"https:\/\/armz.pl\/index.php?rest_route=%2Fwp%2Fv2%2Fcomments&post=1794"}],"version-history":[{"count":7,"href":"https:\/\/armz.pl\/index.php?rest_route=\/wp\/v2\/pages\/1794\/revisions"}],"predecessor-version":[{"id":3622,"href":"https:\/\/armz.pl\/index.php?rest_route=\/wp\/v2\/pages\/1794\/revisions\/3622"}],"wp:attachment":[{"href":"https:\/\/armz.pl\/index.php?rest_route=%2Fwp%2Fv2%2Fmedia&parent=1794"}],"curies":[{"name":"wp","href":"https:\/\/api.w.org\/{rel}","templated":true}]}}