{"id":1501,"date":"2021-06-01T09:09:18","date_gmt":"2021-06-01T09:09:18","guid":{"rendered":"https:\/\/armz.pl\/?page_id=1501"},"modified":"2021-06-28T11:51:10","modified_gmt":"2021-06-28T11:51:10","slug":"nabor-do-projektu","status":"publish","type":"page","link":"https:\/\/armz.pl\/?page_id=1501","title":{"rendered":"Nab\u00f3r dla Jednostek Samorz\u0105du Terytorialnego"},"content":{"rendered":"<p>Zapraszamy Jednostki Samorz\u0105du Terytorialnego z terenu Wojew\u00f3dztwa Ma\u0142opolskiego do udzia\u0142u w projekcie.<\/p>\n<p>Dokumenty mo\u017cna sk\u0142ada\u0107 \u00a0w formie elektronicznej poprzez skan lub podpisanych podpisem kwalifikowanym przes\u0142anego na adres mailowy : biuro@armz.pl \u00a0(w tytule maila : <em>rekrutacja EXPO REAL Monachium 2021<\/em> )lub osobi\u015bcie lub poczt\u0105 tradycyjn\u0105 na adres: Agencja Rozwoju Ma\u0142opolski Zachodniej S.A., ul. Grunwaldzka 5, 32-500 Chrzan\u00f3w. Orygina\u0142y dokument\u00f3w rekrutacyjnych (wersja papierowa) trzeba b\u0119dzie dostarczy\u0107 w terminie do 3 dni od przes\u0142ania wersji elektronicznej.<\/p>\n<p><span style=\"text-decoration: underline;\"><strong>Nab\u00f3r potrwa od 01.06.2021 r. do 15.06.2021 r. do godziny 15:00. Przy zastrze\u017ceniu, \u017ce nab\u00f3r b\u0119dzie trwa\u0142 minimum 7 dni.<\/strong><\/span><\/p>\n<p><span style=\"text-decoration: underline;\"><span style=\"font-size: 14pt; color: #ff0000;\"><strong>Agencja Rozwoju Ma\u0142opolski Zachodniej S.A. informuje o wyd\u0142u\u017ceniu naboru do dnia 30.06.2021 r. do godziny 16:00<\/strong><\/span><\/span><\/p>\n<p>Dokumenty do pobrania:<\/p>\n<p><a href=\"https:\/\/armz.pl\/wp-content\/uploads\/2021\/06\/Regulamin-JST-last.pdf\">Regulamin rekrutacji<\/a><\/p>\n<p><a href=\"https:\/\/armz.pl\/wp-content\/uploads\/2021\/06\/Zalacznik-nr-1-Szczegolowy-opis-form-wsparcia.pdf\">Za\u0142\u0105cznik nr 1 &#8211; Szczeg\u00f3\u0142owy opis form wsparcia\u00a0<\/a><\/p>\n<p><a href=\"https:\/\/armz.pl\/wp-content\/uploads\/2021\/06\/Zalacznik-nr-2-Formularz-rektutacyjny-bez-de-minimis.docx\">Z<\/a><a href=\"https:\/\/armz.pl\/wp-content\/uploads\/2021\/06\/Zalacznik-nr-2-Formularz-rektutacyjny-bez-de-minimis.docx\">a\u0142\u0105cznik nr 2 &#8211; Formularz rekrutacyjny\u00a0<\/a><\/p>\n<p><a href=\"https:\/\/armz.pl\/wp-content\/uploads\/2021\/06\/Zalacznik-nr-2-Formularz-rektutacyjny-bez-de-minimis.pdf\">Za\u0142\u0105cznik nr 2 &#8211; Formularz rekrutacyjny<\/a><\/p>\n<p><a href=\"https:\/\/armz.pl\/wp-content\/uploads\/2021\/06\/zalacznik-nr-3-do-regulaminu-deklaracja-uczestnictwa.pdf\">Za\u0142\u0105cznik nr 3 do regulaminu &#8211; deklaracja uczestnictwa<\/a><\/p>\n","protected":false},"excerpt":{"rendered":"<p>Zapraszamy Jednostki Samorz\u0105du Terytorialnego z terenu Wojew\u00f3dztwa Ma\u0142opolskiego do udzia\u0142u w projekcie. Dokumenty mo\u017cna sk\u0142ada\u0107 \u00a0w<\/p>\n","protected":false},"author":2,"featured_media":0,"parent":0,"menu_order":0,"comment_status":"closed","ping_status":"closed","template":"","meta":{"footnotes":""},"class_list":["post-1501","page","type-page","status-publish","hentry"],"_links":{"self":[{"href":"https:\/\/armz.pl\/index.php?rest_route=\/wp\/v2\/pages\/1501","targetHints":{"allow":["GET"]}}],"collection":[{"href":"https:\/\/armz.pl\/index.php?rest_route=\/wp\/v2\/pages"}],"about":[{"href":"https:\/\/armz.pl\/index.php?rest_route=\/wp\/v2\/types\/page"}],"author":[{"embeddable":true,"href":"https:\/\/armz.pl\/index.php?rest_route=\/wp\/v2\/users\/2"}],"replies":[{"embeddable":true,"href":"https:\/\/armz.pl\/index.php?rest_route=%2Fwp%2Fv2%2Fcomments&post=1501"}],"version-history":[{"count":6,"href":"https:\/\/armz.pl\/index.php?rest_route=\/wp\/v2\/pages\/1501\/revisions"}],"predecessor-version":[{"id":1591,"href":"https:\/\/armz.pl\/index.php?rest_route=\/wp\/v2\/pages\/1501\/revisions\/1591"}],"wp:attachment":[{"href":"https:\/\/armz.pl\/index.php?rest_route=%2Fwp%2Fv2%2Fmedia&parent=1501"}],"curies":[{"name":"wp","href":"https:\/\/api.w.org\/{rel}","templated":true}]}}