{"id":15,"date":"2017-11-28T12:40:42","date_gmt":"2017-11-28T12:40:42","guid":{"rendered":"http:\/\/themes.muffingroup.com\/be\/employment\/?page_id=15"},"modified":"2025-12-05T07:49:29","modified_gmt":"2025-12-05T07:49:29","slug":"contact","status":"publish","type":"page","link":"https:\/\/armz.pl\/?page_id=15","title":{"rendered":"Kontakt"},"content":{"rendered":"<section class=\"wpb-content-wrapper\"><p>[vc_row full_width=&#8221;stretch_row_content_no_spaces&#8221;][vc_column][vc_gmaps link=&#8221;#E-8_JTNDaWZyYW1lJTIwc3JjJTNEJTIyaHR0cHMlM0ElMkYlMkZ3d3cuZ29vZ2xlLmNvbSUyRm1hcHMlMkZlbWJlZCUzRnBiJTNEJTIxMW0xNCUyMTFtOCUyMTFtMyUyMTFkMTQ4Ny44OTgxMzkwMDk2MjEyJTIxMmQxOS40MDA1NzAxOTgzNzM4NTMlMjEzZDUwLjEzOTk5MjMxOTc1NzI3NiUyMTNtMiUyMTFpMTAyNCUyMTJpNzY4JTIxNGYxMy4xJTIxM20zJTIxMW0yJTIxMXMweDAlMjUzQTB4ODA2ZDMyY2RhMDZlNzIzZSUyMTJzQWdlbmNqYSUyNTIwUm96d29qdSUyNTIwTWElMjVDNSUyNTgyb3BvbHNraSUyNTIwWmFjaG9kbmllaiUyNTIwUy5BLiUyMTVlMCUyMTNtMiUyMTFzcGwlMjEyc3BsJTIxNHYxNjE0MjQzNDY0MDY3JTIxNW0yJTIxMXNwbCUyMTJzcGwlMjIlMjB3aWR0aCUzRCUyMjYwMCUyMiUyMGhlaWdodCUzRCUyMjQ1MCUyMiUyMHN0eWxlJTNEJTIyYm9yZGVyJTNBMCUzQiUyMiUyMGFsbG93ZnVsbHNjcmVlbiUzRCUyMiUyMiUyMGxvYWRpbmclM0QlMjJsYXp5JTIyJTNFJTNDJTJGaWZyYW1lJTNF&#8221; size=&#8221;full&#8221;][\/vc_column][\/vc_row][vc_row][vc_column][vc_row_inner][vc_column_inner width=&#8221;1\/4&#8243; css=&#8221;.vc_custom_1614245204312{margin-top: -180px !important;}&#8221;][vc_single_image image=&#8221;118&#8243; img_size=&#8221;full&#8221; alignment=&#8221;center&#8221; css=&#8221;.vc_custom_1614245953501{margin-bottom: -35px !important;}&#8221;]<div data-id=\"mpc_icon_column-8069dfbe8fa5e73\" class=\"mpc-icon-column mpc-init mpc-parent-hover mpc-transition mpc-icon-column--style_1 mpc-align--center \" ><div data-id=\"mpc_icon-9269dfbe8fa5e9a\" class=\"mpc-icon mpc-init mpc-transition mpc-effect-none \"><div class=\"mpc-icon-wrap\"><i class=\"mpc-icon-part mpc-regular mpc-transition \"><\/i><\/div><\/div><div class=\"mpc-icon-column__content-wrap\"><div class=\"mpc-icon-column__content\"><div data-id=\"mpc_divider-9969dfbe8fa5ec2\" class=\"mpc-divider-wrap\"><div class=\"mpc-divider mpc-init mpc-align--center mpc-disable--left \" ><div class=\"mpc-divider__line mpc-side--left\"><span><\/span><\/div><div class=\"mpc-divider__line mpc-side--right\"><span><\/span><\/div><\/div><\/div><div class=\"mpc-icon-column__description mpc-transition\"><p><strong><span style=\"font-size: 12pt;\">Kontakt:<\/span><\/strong><\/p>\n<p><span style=\"font-size: 11pt;\">32-500 Chrzan\u00f3w<\/span><br \/>\n<span style=\"font-size: 11pt;\">ul. Grunwaldzka 5<\/span><br \/>\n<span style=\"font-size: 11pt;\">II i III pi\u0119tro<\/span><\/p>\n<p><span style=\"font-size: 11pt;\">tel.: <a href=\"tel: 32 6451968\">(32) 645-19-68 <\/a><\/span><br \/>\n<span style=\"font-size: 11pt;\">(wewn\u0119trzny zgodnie z tabel\u0105)<\/span><\/p>\n<p><span style=\"font-size: 11pt;\">Fundusz po\u017cyczkowy:<br \/>\n<\/span><span style=\"font-size: 11pt;\">tel.: <a href=\"tel: 32 6230061\">(32) 623-00-61 <\/a><\/span><\/p>\n<p><span style=\"font-size: 11pt;\">tel. kom.: <a href=\"tel: 508448987\">508-448-987<\/a><br \/>\ntel. kom.: <a href=\"tel: 797780184\">797-780-184<\/a><\/span><\/p>\n<p><strong><span style=\"font-size: 12pt;\">Godziny otwarcia:<\/span><\/strong><\/p>\n<p><span style=\"font-size: 10pt;\">Poniedzia\u0142ek \u2013 Czwartek 7:00 &#8211; 15:30<br \/>\nPi\u0105tek \u2013 7:00 &#8211; 13:00<\/span><\/p>\n<\/div><\/div><\/div><\/div>[\/vc_column_inner][vc_column_inner width=&#8221;3\/4&#8243; css=&#8221;.vc_custom_1614859285410{margin-top: 20px !important;}&#8221;][vc_column_text][\/vc_column_text][\/vc_column_inner][\/vc_row_inner][\/vc_column][\/vc_row][vc_row][vc_column][vc_column_text]<\/p>\n<h2><span style=\"font-size: 12pt;\">Sk\u0142ad osobowy:<\/span><\/h2>\n<p>[\/vc_column_text][\/vc_column][\/vc_row][vc_row css=&#8221;.vc_custom_1614858015390{background-color: rgba(46,54,121,0.1) !important;*background-color: rgb(46,54,121) !important;}&#8221;][vc_column width=&#8221;1\/6&#8243;][vc_column_text]<\/p>\n<p style=\"text-align: center;\"><strong>Anna W\u0142oszek<\/strong><\/p>\n<p>[\/vc_column_text][\/vc_column][vc_column width=&#8221;3\/6&#8243;][vc_column_text]Prezes Zarz\u0105du ARMZ S.A.[\/vc_column_text][\/vc_column][vc_column width=&#8221;1\/6&#8243;][vc_column_text]<\/p>\n<p style=\"text-align: center;\"><a title=\"\" href=\"mailto:a.wloszek@armz.pl\">a.wloszek@armz.pl<\/a><\/p>\n<p>[\/vc_column_text][\/vc_column][vc_column width=&#8221;1\/6&#8243;][vc_column_text]<\/p>\n<p style=\"text-align: center;\">w. 24<\/p>\n<p>[\/vc_column_text][\/vc_column][\/vc_row][vc_row][vc_column width=&#8221;1\/6&#8243;][vc_column_text]<\/p>\n<p style=\"text-align: center;\"><strong>Ma\u0142gorzata Bal<\/strong><\/p>\n<p>[\/vc_column_text][\/vc_column][vc_column width=&#8221;3\/6&#8243;][vc_column_text]Pracownik administracyjno-biurowy<br \/>\nOpiekun klienta ds. wsparcia finansowego w projekcie \u201eMa\u0142opolski O\u015brodek Wsparcia Ekonomii Spo\u0142ecznej \u2013 podregion krakowski\u201d<br \/>\nKoordynator ds. finansowych projektu \u201eMa\u0142opolski O\u015brodek Wsparcia Ekonomii Spo\u0142ecznej: podregion krakowski\u201d<br \/>\nPo\u015brednik pracy oraz Trener Zatrudnienia Wspieranego w projekcie \u201eNowa \u015bcie\u017cka sukcesu\u201d[\/vc_column_text][\/vc_column][vc_column width=&#8221;1\/6&#8243;][vc_column_text]<\/p>\n<p style=\"text-align: center;\"><a title=\"\" href=\"mailto:m.bal@armz.pl\">m.bal@armz.pl<\/a><\/p>\n<p>[\/vc_column_text][\/vc_column][vc_column width=&#8221;1\/6&#8243;][vc_column_text]<\/p>\n<p style=\"text-align: center;\">w. 22<\/p>\n<p>[\/vc_column_text][\/vc_column][\/vc_row][vc_row css=&#8221;.vc_custom_1713256134039{background-color: rgba(46,54,121,0.1) !important;*background-color: rgb(46,54,121) !important;}&#8221;][vc_column width=&#8221;1\/6&#8243;][vc_column_text]<\/p>\n<p style=\"text-align: center;\"><strong>Khrystyna Bartkiv<\/strong><\/p>\n<p>[\/vc_column_text][\/vc_column][vc_column width=&#8221;3\/6&#8243;][vc_column_text]Specjalista ds. zarz\u0105dzania obiegiem bon\u00f3w oraz Specjalista ds. kontroli realizacji us\u0142ug w projekcie \u201eNetBon 2\u201d[\/vc_column_text][\/vc_column][vc_column width=&#8221;1\/6&#8243;][vc_column_text]<\/p>\n<p style=\"text-align: center;\"><a title=\"\" href=\"mailto:k.bartkiv@armz.pl\">k.bartkiv@armz.pl<\/a><\/p>\n<p>[\/vc_column_text][\/vc_column][vc_column width=&#8221;1\/6&#8243;][vc_column_text]<\/p>\n<p style=\"text-align: center;\">w. 29<\/p>\n<p>[\/vc_column_text][\/vc_column][\/vc_row][vc_row][vc_column width=&#8221;1\/6&#8243;][vc_column_text]<\/p>\n<p style=\"text-align: center;\"><strong>Marta Bebak<\/strong><\/p>\n<p>[\/vc_column_text][\/vc_column][vc_column width=&#8221;3\/6&#8243;][vc_column_text]Pracownik administracyjno-biurowy<br \/>\nOpiekun klienta ds. wsparcia finansowego w projekcie \u201eMa\u0142opolski O\u015brodek Wsparcia Ekonomii Spo\u0142ecznej \u2013 podregion krakowski\u201d<br \/>\nKoordynator ds. finansowych projektu \u201eMa\u0142opolski O\u015brodek Wsparcia Ekonomii Spo\u0142ecznej: podregion krakowski\u201d<br \/>\nPo\u015brednik pracy oraz Trener Zatrudnienia Wspieranego w projekcie \u201eNowa \u015bcie\u017cka sukcesu\u201d[\/vc_column_text][\/vc_column][vc_column width=&#8221;1\/6&#8243;][vc_column_text]<\/p>\n<p style=\"text-align: center;\"><a title=\"\" href=\"mailto:m.bebak@armz.pl\">m.bebak@armz.pl<\/a><\/p>\n<p>[\/vc_column_text][\/vc_column][vc_column width=&#8221;1\/6&#8243;][vc_column_text]<\/p>\n<p style=\"text-align: center;\">w. 21<\/p>\n<p>[\/vc_column_text][\/vc_column][\/vc_row][vc_row css=&#8221;.vc_custom_1727088929413{background-color: rgba(46,54,121,0.1) !important;*background-color: rgb(46,54,121) !important;}&#8221;][vc_column width=&#8221;1\/6&#8243;][vc_column_text]<\/p>\n<p style=\"text-align: center;\"><strong>Anna Jele\u0144<\/strong><\/p>\n<p>[\/vc_column_text][\/vc_column][vc_column width=&#8221;3\/6&#8243;][vc_column_text]Specjalista ds. obs\u0142ugi klienta w projekcie \u201eNetBon 2\u201d[\/vc_column_text][\/vc_column][vc_column width=&#8221;1\/6&#8243;][vc_column_text]<\/p>\n<p style=\"text-align: center;\"><a href=\"mailto:a.jelen@armz.pl\">a.jelen@armz.pl<\/a><\/p>\n<p>[\/vc_column_text][\/vc_column][vc_column width=&#8221;1\/6&#8243;][vc_column_text]<\/p>\n<p style=\"text-align: center;\">797 780\u00a0184<\/p>\n<p>[\/vc_column_text][\/vc_column][\/vc_row][vc_row][vc_column width=&#8221;1\/6&#8243;][vc_column_text]<\/p>\n<p style=\"text-align: center;\"><strong>Izabela Jura<\/strong><\/p>\n<p>[\/vc_column_text][\/vc_column][vc_column width=&#8221;3\/6&#8243;][vc_column_text]Specjalista ds. rozlicze\u0144 z podmiotami oraz Specjalista ds. zarz\u0105dzania obiegiem bon\u00f3w w projekcie \u201eNetBon 2\u201d[\/vc_column_text][\/vc_column][vc_column width=&#8221;1\/6&#8243;][vc_column_text]<\/p>\n<p style=\"text-align: center;\"><a title=\"\" href=\"mailto:i.jura@armz.pl\">i.jura@armz.pl<\/a><\/p>\n<p>[\/vc_column_text][\/vc_column][vc_column width=&#8221;1\/6&#8243;][vc_column_text]<\/p>\n<p style=\"text-align: center;\">w. 29<\/p>\n<p>[\/vc_column_text][\/vc_column][\/vc_row][vc_row css=&#8221;.vc_custom_1727088952104{background-color: rgba(46,54,121,0.1) !important;*background-color: rgb(46,54,121) !important;}&#8221;][vc_column width=&#8221;1\/6&#8243;][vc_column_text]<\/p>\n<p style=\"text-align: center;\"><strong>Karolina Migacz<\/strong><\/p>\n<p>[\/vc_column_text][\/vc_column][vc_column width=&#8221;3\/6&#8243;][vc_column_text]Specjalista ds. ksi\u0119gowo\u015bci<br \/>\nTrener Zatrudnienia Wspieranego w ramach projektu dzia\u0142anie 8.1 pn. &#8222;Lepsza perspektywa\u201d<br \/>\nOpiekun klienta ds. wsparcia finansowego w projekcie Ma\u0142opolski O\u015brodek Wsparcia Ekonomii Spo\u0142ecznej w Chrzanowie<br \/>\nKoordynator\u00a0projektu dzia\u0142anie 8.1 pn. &#8222;Lepsza perspektywa\u201d[\/vc_column_text][\/vc_column][vc_column width=&#8221;1\/6&#8221;][vc_column_text]<\/p>\n<p style=\"text-align: center;\"><a href=\"mailto:k.migacz@armz.pl\">k.migacz@armz.pl<\/a><\/p>\n<p>[\/vc_column_text][\/vc_column][vc_column width=&#8221;1\/6&#8243;][vc_column_text]<\/p>\n<p style=\"text-align: center;\">797 780\u00a0184<\/p>\n<p>[\/vc_column_text][\/vc_column][\/vc_row][vc_row][vc_column width=&#8221;1\/6&#8243;][vc_column_text]<\/p>\n<p style=\"text-align: center;\"><strong>Edyta Pa\u0142ucha<\/strong><\/p>\n<p>[\/vc_column_text][\/vc_column][vc_column width=&#8221;3\/6&#8243;][vc_column_text]Specjalista ds. szkole\u0144<br \/>\nOpiekun klienta ds. wsparcia finansowego w projekcie \u201eMa\u0142opolski O\u015brodek Wsparcia Ekonomii Spo\u0142ecznej \u2013 Miasto Krak\u00f3w\u201d<br \/>\nKoordynator projekt\u00f3w \u201eMa\u0142opolski O\u015brodek Wsparcia Ekonomii Spo\u0142ecznej\u201d: Chrzan\u00f3w, podregion krakowski oraz Miasto Krak\u00f3w<br \/>\nSpecjalista ds. obs\u0142ugi klienta w projekcie \u201eNetBon 2\u201d<br \/>\nKoordynator projekt \u201eNetBon 2\u201d[\/vc_column_text][\/vc_column][vc_column width=&#8221;1\/6&#8243;][vc_column_text]<\/p>\n<p style=\"text-align: center;\"><a href=\"mailto:e.palucha@armz.pl\">e.palucha@armz.pl<\/a><\/p>\n<p>[\/vc_column_text][\/vc_column][vc_column width=&#8221;1\/6&#8243;][vc_column_text]<\/p>\n<p style=\"text-align: center;\">w. 22<\/p>\n<p>[\/vc_column_text][\/vc_column][\/vc_row][vc_row css=&#8221;.vc_custom_1727088971179{background-color: rgba(46,54,121,0.1) !important;*background-color: rgb(46,54,121) !important;}&#8221;][vc_column width=&#8221;1\/6&#8243;][vc_column_text]<\/p>\n<p style=\"text-align: center;\"><strong>Piotr Ryba<\/strong><\/p>\n<p>[\/vc_column_text][\/vc_column][vc_column width=&#8221;3\/6&#8243;][vc_column_text]\u015awiadczenie us\u0142ug doradczych w zakresie realizowanych przez Agencj\u0119 Rozwoju Ma\u0142opolski Zachodniej S.A. projekt\u00f3w<br \/>\nKoordynator projektu \u201eUtworzenie innowacyjnych przestrzeni typu FABLAB na terenie Ma\u0142opolski Zachodniej wraz z organizacj\u0105 dzia\u0142a\u0144 mobilnych\u201d[\/vc_column_text][\/vc_column][vc_column width=&#8221;1\/6&#8243;][vc_column_text]<\/p>\n<p style=\"text-align: center;\">&#8211;<\/p>\n<p>[\/vc_column_text][\/vc_column][vc_column width=&#8221;1\/6&#8243;][vc_column_text]<\/p>\n<p style=\"text-align: center;\">509 232 327<\/p>\n<p>[\/vc_column_text][\/vc_column][\/vc_row][vc_row][vc_column width=&#8221;1\/6&#8243;][vc_column_text]<\/p>\n<p style=\"text-align: center;\"><strong>Edyta Solecka<\/strong><\/p>\n<p>[\/vc_column_text][\/vc_column][vc_column width=&#8221;3\/6&#8243;][vc_column_text]Pracownik administracyjno \u2013 biurowy<br \/>\nOpiekun klienta ds. wsparcia finansowego w projekcie Ma\u0142opolski O\u015brodek Wsparcia Ekonomii Spo\u0142ecznej \u2013 Miasto Krak\u00f3w<br \/>\nPo\u015brednik pracy w ramach projektu dzia\u0142anie 8.1 pn. &#8222;Lepsza perspektywa\u201d[\/vc_column_text][\/vc_column][vc_column width=&#8221;1\/6&#8221;][vc_column_text]<\/p>\n<p style=\"text-align: center;\"><a title=\"\" href=\"mailto:e.solecka@armz.pl\">e.solecka@armz.pl<\/a><\/p>\n<p>[\/vc_column_text][\/vc_column][vc_column width=&#8221;1\/6&#8243;][vc_column_text]<\/p>\n<p style=\"text-align: center;\">w. 23<\/p>\n<p>[\/vc_column_text][\/vc_column][\/vc_row][vc_row css=&#8221;.vc_custom_1727089000103{background-color: rgba(46,54,121,0.1) !important;*background-color: rgb(46,54,121) !important;}&#8221;][vc_column width=&#8221;1\/6&#8243;][vc_column_text]<\/p>\n<p style=\"text-align: center;\"><strong>Teresa Stefa\u0144ska<\/strong><\/p>\n<p>[\/vc_column_text][\/vc_column][vc_column width=&#8221;3\/6&#8243;][vc_column_text]Pracownik administracyjno-biurowy<br \/>\nPe\u0142nomocnik ds. ochrony danych osobowych<br \/>\nSpecjalista ds. po\u017cyczek<br \/>\nPo\u015brednik pracy w ramach projektu dzia\u0142anie 8.1 pn. \u201eLepsza perspektywa\u201d[\/vc_column_text][\/vc_column][vc_column width=&#8221;1\/6&#8243;][vc_column_text]<\/p>\n<p style=\"text-align: center;\"><a title=\"\" href=\"mailto:t.stefanska@armz.pl\">t.stefanska@armz.pl<\/a><\/p>\n<p>[\/vc_column_text][\/vc_column][vc_column width=&#8221;1\/6&#8243;][vc_column_text]<\/p>\n<p style=\"text-align: center;\">32 645 19 68<br \/>\n508 448\u00a0987<\/p>\n<p>[\/vc_column_text][\/vc_column][\/vc_row][vc_row][vc_column width=&#8221;1\/6&#8243;][vc_column_text]<\/p>\n<p style=\"text-align: center;\"><strong>Aneta Stremska<\/strong><\/p>\n<p>[\/vc_column_text][\/vc_column][vc_column width=&#8221;3\/6&#8243;][vc_column_text]Psycholog w ramach projekt\u00f3w 8.1 pn. \u201eLepsza perspektywa\u201d i &#8222;Nowa praca w lepszym klimacie\u201d<br \/>\nDoradca Zawodowy w ramach projektu dzia\u0142anie 8.1 pn. &#8222;Nowa praca w lepszym klimacie\u201d[\/vc_column_text][\/vc_column][vc_column width=&#8221;1\/6&#8221;][vc_column_text]<\/p>\n<p style=\"text-align: center;\"><a title=\"\" href=\"mailto:aneta_st@op.pl\">aneta_st@op.pl<\/a><\/p>\n<p>[\/vc_column_text][\/vc_column][vc_column width=&#8221;1\/6&#8243;][vc_column_text]<\/p>\n<p style=\"text-align: center;\">&#8211;<\/p>\n<p>[\/vc_column_text][\/vc_column][\/vc_row][vc_row css=&#8221;.vc_custom_1727089111412{background-color: rgba(46,54,121,0.1) !important;*background-color: rgb(46,54,121) !important;}&#8221;][vc_column width=&#8221;1\/6&#8243;][vc_column_text]<\/p>\n<p style=\"text-align: center;\"><strong>Klaudia Szlachcic<\/strong><\/p>\n<p>[\/vc_column_text][\/vc_column][vc_column width=&#8221;3\/6&#8243;][vc_column_text]Kierownik ds. zam\u00f3wie\u0144 publicznych i projekt\u00f3w<br \/>\nSpecjalista ds. ksi\u0119gowo\u015bci<br \/>\nOpiekun klienta ds. wsparcia finansowego w projekcie Ma\u0142opolski O\u015brodek Wsparcia Ekonomii Spo\u0142ecznej w Chrzanowie<br \/>\nKoordynator projektu Ma\u0142opolski O\u015brodek Wsparcia Ekonomii Spo\u0142ecznej w Chrzan\u00f3w[\/vc_column_text][\/vc_column][vc_column width=&#8221;1\/6&#8243;][vc_column_text]<\/p>\n<p style=\"text-align: center;\"><a title=\"\" href=\"mailto:k.szlachcic@armz.pl\">k.szlachcic@armz.pl<\/a><\/p>\n<p>[\/vc_column_text][\/vc_column][vc_column width=&#8221;1\/6&#8243;][vc_column_text]<\/p>\n<p style=\"text-align: center;\">697 089 224<\/p>\n<p>[\/vc_column_text][\/vc_column][\/vc_row][vc_row][vc_column width=&#8221;1\/6&#8243;][vc_column_text]<\/p>\n<p style=\"text-align: center;\"><strong>Karolina Talik<\/strong><\/p>\n<p>[\/vc_column_text][\/vc_column][vc_column width=&#8221;3\/6&#8243;][vc_column_text]Specjalista ds. kontroli realizacji us\u0142ug w projekcie \u201eNetBon 2\u201d[\/vc_column_text][\/vc_column][vc_column width=&#8221;1\/6&#8243;][vc_column_text]<\/p>\n<p style=\"text-align: center;\"><a href=\"mailto:k.talik@armz.pl\">k.talik@armz.pl<\/a><\/p>\n<p>[\/vc_column_text][\/vc_column][vc_column width=&#8221;1\/6&#8243;][vc_column_text]<\/p>\n<p style=\"text-align: center;\">&#8211;<\/p>\n<p>[\/vc_column_text][\/vc_column][\/vc_row][vc_row css=&#8221;.vc_custom_1727089127335{background-color: rgba(46,54,121,0.1) !important;*background-color: rgb(46,54,121) !important;}&#8221;][vc_column width=&#8221;1\/6&#8243;][vc_column_text]<\/p>\n<p style=\"text-align: center;\"><strong>Sylwia Wr\u00f3bel<\/strong><\/p>\n<p>[\/vc_column_text][\/vc_column][vc_column width=&#8221;3\/6&#8243;][vc_column_text]G\u0142\u00f3wna Ksi\u0119gowa<br \/>\nDoradca w Punkcie Wsparcia Ekonomii Spo\u0142ecznej w projekcie Ma\u0142opolski O\u015brodek Wsparcia Ekonomii Spo\u0142ecznej w Chrzanowie<br \/>\nOpiekun klienta ds. wsparcie finansowego w projekcie Ma\u0142opolski O\u015brodek Wsparcia Ekonomii Spo\u0142ecznej w Chrzanowie[\/vc_column_text][\/vc_column][vc_column width=&#8221;1\/6&#8243;][vc_column_text]<\/p>\n<p style=\"text-align: center;\"><a title=\"\" href=\"mailto:s.wrobel@armz.pl\">s.wrobel@armz.pl<\/a><\/p>\n<p>[\/vc_column_text][\/vc_column][vc_column width=&#8221;1\/6&#8243;][vc_column_text]<\/p>\n<p style=\"text-align: center;\">697 089 224<br \/>\n797 780 184<\/p>\n<p>[\/vc_column_text][\/vc_column][\/vc_row][vc_row][vc_column width=&#8221;1\/6&#8243;][vc_column_text]<\/p>\n<p style=\"text-align: center;\"><strong>Kariona Zastawnik<\/strong><\/p>\n<p>[\/vc_column_text][\/vc_column][vc_column width=&#8221;3\/6&#8243;][vc_column_text]Specjalisty ds. Finansowo &#8211; kadrowych<br \/>\nKierownik ds. organizacyjnych<br \/>\nOpiekun klienta ds. wsparcia finansowego w projekcie Ma\u0142opolski O\u015brodek Wsparcia Ekonomii Spo\u0142ecznej w Chrzanowie<br \/>\nKoordynator\u00a0projektu dzia\u0142anie 8.1 pn. &#8222;Nowa praca w lepszym klimacie\u201d[\/vc_column_text][\/vc_column][vc_column width=&#8221;1\/6&#8221;][vc_column_text]<\/p>\n<p style=\"text-align: center;\"><a title=\"\" href=\"mailto:k.zastawnik@armz.pl\">k.zastawnik@armz.pl<\/a><\/p>\n<p>[\/vc_column_text][\/vc_column][vc_column width=&#8221;1\/6&#8243;][vc_column_text]<\/p>\n<p style=\"text-align: center;\">797 780\u00a0184<\/p>\n<p>[\/vc_column_text][\/vc_column][\/vc_row][vc_row][vc_column][vc_column_text]<span style=\"font-size: 12pt;\">Sk\u0142ad Rady Nadzorczej:<\/span>[\/vc_column_text][\/vc_column][\/vc_row][vc_row css=&#8221;.vc_custom_1614858015390{background-color: rgba(46,54,121,0.1) !important;*background-color: rgb(46,54,121) !important;}&#8221;][vc_column width=&#8221;1\/4&#8243;][vc_column_text]<\/p>\n<p style=\"text-align: center;\"><strong>Sabina Bigos &#8211; Jaworowska<\/strong><\/p>\n<p>[\/vc_column_text][\/vc_column][vc_column width=&#8221;1\/4&#8243;][vc_column_text]<\/p>\n<p style=\"text-align: center;\">Przewodnicz\u0105ca RN<\/p>\n<p>[\/vc_column_text][\/vc_column][vc_column width=&#8221;2\/4&#8243;][vc_column_text]<\/p>\n<p style=\"text-align: center;\">Powo\u0142ana przez Walne Zgromadzenie Akcjonariuszy<\/p>\n<p>[\/vc_column_text][\/vc_column][\/vc_row][vc_row][vc_column width=&#8221;1\/4&#8243;][vc_column_text]<\/p>\n<p style=\"text-align: center;\"><strong>Iga Szymkiewicz-Wn\u0119k<\/strong><\/p>\n<p>[\/vc_column_text][\/vc_column][vc_column width=&#8221;1\/4&#8243;][vc_column_text]<\/p>\n<p style=\"text-align: center;\">Zast\u0119pca Przewodnicz\u0105cego RN<\/p>\n<p>[\/vc_column_text][\/vc_column][vc_column width=&#8221;2\/4&#8243;][vc_column_text]<\/p>\n<p style=\"text-align: center;\">Powo\u0142ana przez Walne Zgromadzenie Akcjonariuszy<\/p>\n<p>[\/vc_column_text][\/vc_column][\/vc_row][vc_row css=&#8221;.vc_custom_1614858015390{background-color: rgba(46,54,121,0.1) !important;*background-color: rgb(46,54,121) !important;}&#8221;][vc_column width=&#8221;1\/4&#8243;][vc_column_text]<\/p>\n<p style=\"text-align: center;\"><strong>Sylwester Wo\u017aniczka<\/strong><\/p>\n<p>[\/vc_column_text][\/vc_column][vc_column width=&#8221;1\/4&#8243;][vc_column_text]<\/p>\n<p style=\"text-align: center;\">Sekretarz RN<\/p>\n<p>[\/vc_column_text][\/vc_column][vc_column width=&#8221;2\/4&#8243;][vc_column_text]<\/p>\n<p style=\"text-align: center;\">Powo\u0142any przez Walne Zgromadzenie Akcjonariuszy<\/p>\n<p>[\/vc_column_text][\/vc_column][\/vc_row]<\/p>\n<\/section>","protected":false},"excerpt":{"rendered":"<p>[vc_row full_width=&#8221;stretch_row_content_no_spaces&#8221;][vc_column][vc_gmaps link=&#8221;#E-8_JTNDaWZyYW1lJTIwc3JjJTNEJTIyaHR0cHMlM0ElMkYlMkZ3d3cuZ29vZ2xlLmNvbSUyRm1hcHMlMkZlbWJlZCUzRnBiJTNEJTIxMW0xNCUyMTFtOCUyMTFtMyUyMTFkMTQ4Ny44OTgxMzkwMDk2MjEyJTIxMmQxOS40MDA1NzAxOTgzNzM4NTMlMjEzZDUwLjEzOTk5MjMxOTc1NzI3NiUyMTNtMiUyMTFpMTAyNCUyMTJpNzY4JTIxNGYxMy4xJTIxM20zJTIxMW0yJTIxMXMweDAlMjUzQTB4ODA2ZDMyY2RhMDZlNzIzZSUyMTJzQWdlbmNqYSUyNTIwUm96d29qdSUyNTIwTWElMjVDNSUyNTgyb3BvbHNraSUyNTIwWmFjaG9kbmllaiUyNTIwUy5BLiUyMTVlMCUyMTNtMiUyMTFzcGwlMjEyc3BsJTIxNHYxNjE0MjQzNDY0MDY3JTIxNW0yJTIxMXNwbCUyMTJzcGwlMjIlMjB3aWR0aCUzRCUyMjYwMCUyMiUyMGhlaWdodCUzRCUyMjQ1MCUyMiUyMHN0eWxlJTNEJTIyYm9yZGVyJTNBMCUzQiUyMiUyMGFsbG93ZnVsbHNjcmVlbiUzRCUyMiUyMiUyMGxvYWRpbmclM0QlMjJsYXp5JTIyJTNFJTNDJTJGaWZyYW1lJTNF&#8221; size=&#8221;full&#8221;][\/vc_column][\/vc_row][vc_row][vc_column][vc_row_inner][vc_column_inner width=&#8221;1\/4&#8243; css=&#8221;.vc_custom_1614245204312{margin-top: -180px !important;}&#8221;][vc_single_image image=&#8221;118&#8243; img_size=&#8221;full&#8221; alignment=&#8221;center&#8221; css=&#8221;.vc_custom_1614245953501{margin-bottom: -35px !important;}&#8221;][\/vc_column_inner][vc_column_inner width=&#8221;3\/4&#8243; css=&#8221;.vc_custom_1614859285410{margin-top:<\/p>\n","protected":false},"author":2,"featured_media":0,"parent":0,"menu_order":0,"comment_status":"closed","ping_status":"closed","template":"","meta":{"footnotes":""},"class_list":["post-15","page","type-page","status-publish","hentry"],"_links":{"self":[{"href":"https:\/\/armz.pl\/index.php?rest_route=\/wp\/v2\/pages\/15","targetHints":{"allow":["GET"]}}],"collection":[{"href":"https:\/\/armz.pl\/index.php?rest_route=\/wp\/v2\/pages"}],"about":[{"href":"https:\/\/armz.pl\/index.php?rest_route=\/wp\/v2\/types\/page"}],"author":[{"embeddable":true,"href":"https:\/\/armz.pl\/index.php?rest_route=\/wp\/v2\/users\/2"}],"replies":[{"embeddable":true,"href":"https:\/\/armz.pl\/index.php?rest_route=%2Fwp%2Fv2%2Fcomments&post=15"}],"version-history":[{"count":32,"href":"https:\/\/armz.pl\/index.php?rest_route=\/wp\/v2\/pages\/15\/revisions"}],"predecessor-version":[{"id":3753,"href":"https:\/\/armz.pl\/index.php?rest_route=\/wp\/v2\/pages\/15\/revisions\/3753"}],"wp:attachment":[{"href":"https:\/\/armz.pl\/index.php?rest_route=%2Fwp%2Fv2%2Fmedia&parent=15"}],"curies":[{"name":"wp","href":"https:\/\/api.w.org\/{rel}","templated":true}]}}