{"id":1495,"date":"2021-05-31T12:35:57","date_gmt":"2021-05-31T12:35:57","guid":{"rendered":"https:\/\/armz.pl\/?page_id=1495"},"modified":"2021-10-07T10:03:59","modified_gmt":"2021-10-07T10:03:59","slug":"rekrutacja-ii-nabor-wnioskow","status":"publish","type":"page","link":"https:\/\/armz.pl\/?page_id=1495","title":{"rendered":"Rekrutacja &#8211; II nab\u00f3r wniosk\u00f3w"},"content":{"rendered":"<p><span style=\"font-size: 12pt;\"><strong>\u00a0 \u00a0 \u00a0 \u00a0 \u00a0 \u00a0 \u00a0 \u00a0 \u00a0 \u00a0 \u00a0 \u00a0 \u00a0 \u00a0 \u00a0 \u00a0 \u00a0 \u00a0 \u00a0 \u00a0 \u00a0 \u00a0 \u00a0 \u00a0 \u00a0 \u00a0 \u00a0 \u00a0 \u00a0 \u00a0 \u00a0 \u00a0 \u00a0 \u00a0 \u00a0 \u00a0 \u00a0 \u00a0<a href=\"https:\/\/armz.pl\/?page_id=1629\">Wyniki II naboru do projektu Przedsi\u0119biorca z PO WERem!<\/a><\/strong><\/span><\/p>\n<p><strong data-uw-styling-context=\"true\">Agencja Rozwoju Ma\u0142opolski Zachodniej S.A. informuje, \u017ce sk\u0142adanie wniosk\u00f3w o przyznanie wsparcia pomostowego dla uczestnik\u00f3w II naboru projektu \u201ePrzedsi\u0119biorca z PO WERem!\u201d odb\u0119dzie si\u0119 w terminie <span data-uw-styling-context=\"true\">od <span style=\"text-decoration: underline;\">07.10.2021 do 13.10.2021 r.<\/span><\/span><\/strong><\/p>\n<p><strong data-uw-styling-context=\"true\">Wniosek o przyznanie wsparcia pomostowego wraz z wymaganymi za\u0142\u0105cznikami mo\u017cna sk\u0142ada\u0107 osobi\u015bcie lub za po\u015brednictwem poczty. Wniosek wraz z za\u0142\u0105cznikami powinien by\u0107 wype\u0142niony czytelnie w j\u0119zyku polskim, podpisany w miejscach przeznaczonych do z\u0142o\u017cenia podpisu.<\/strong><\/p>\n<p><strong data-uw-styling-context=\"true\">Szczeg\u00f3\u0142owe informacje dotycz\u0105ce procedury sk\u0142adania wniosk\u00f3w o przyznanie wsparcia pomostowego zosta\u0142y zawarte w \u201eRegulaminie przyznawania \u015brodk\u00f3w finansowych na za\u0142o\u017cenie dzia\u0142alno\u015bci gospodarczej oraz wsparcia pomostowego\u201d .<\/strong><\/p>\n<p>&nbsp;<\/p>\n<p><strong data-uw-styling-context=\"true\">Informujemy, i\u017c II nab\u00f3r biznesplan\u00f3w u Lidera rozpocznie si\u0119 01.09.2021 a zako\u0144czy 07.09.2021.<\/strong><\/p>\n<p><strong data-uw-styling-context=\"true\">Biznesplany mo\u017cna sk\u0142ada\u0107 osobi\u015bcie w biurze projektu przy ul. Grunwaldzkiej 5 w Chrzanowie\u00a0 lub za po\u015brednictwem poczty tradycyjnej\/elektronicznej.<\/strong><\/p>\n<p>&nbsp;<\/p>\n<p><strong>II nab\u00f3r do projektu rozpocznie si\u0119 11.06.2021 r i potrwa do 30.06.2021 r.<\/strong><\/p>\n<p>Dokumenty nale\u017cy przes\u0142a\u0107 do biura projektu:<\/p>\n<p><strong>Agencja Rozwoju Ma\u0142opolski Zachodniej S.A.<\/strong><\/p>\n<p>32-500 Chrzan\u00f3w, ul. Grunwaldzka 5<\/p>\n<p>Tel. (32) 645-19-68 wew. 22,21<\/p>\n<p>e-mail:\u00a0<a href=\"mailto:przedsiebiorcazpowerem@armz.pl\">przedsiebiorcazpowerem@armz.pl<\/a><\/p>\n<p>Osobi\u015bcie dokumenty mo\u017cna r\u00f3wnie\u017c z\u0142o\u017cy\u0107 w punktach terenowych:<\/p>\n<div><strong>My\u015blenicki O\u015brodek Kultury i Sportu<\/strong><\/div>\n<div>UL. Pi\u0142sudskiego 20, 32-400 My\u015blenice<\/div>\n<div>Parter, Sala lustrzana<\/div>\n<div>Mo\u017cliwo\u015b\u0107 sk\u0142adania dokument\u00f3w: 29-30.06.2021 r. w godzinach od 9:00 do 13:00.<\/div>\n<div><\/div>\n<div><strong>Urz\u0105d Gminy i Miasta w Miechowie<\/strong><br \/>\nul. Henryka Sienkiewicza 25<br \/>\n32-200 Miech\u00f3w<\/div>\n<div>pok\u00f3j 318<\/div>\n<div>Mo\u017cliwo\u015b\u0107 sk\u0142adania dokument\u00f3w: 29-30.06.2021 r. w godzinach od 9:00 do 13:00.<\/div>\n<div><\/div>\n<div><strong>Gminny O\u015brodek Kultury w Koniuszy<\/strong><\/div>\n<div>32-104 Koniusza; 5<\/div>\n<div>Mo\u017cliwo\u015b\u0107 sk\u0142adania dokument\u00f3w: 29-30.06.2021 r. w godzinach od 9:00 do 13:00.<\/div>\n<p>DOKUMENTY REKRUTACYJNE DO POBRANIA\u00a0<strong><a href=\"https:\/\/armz.pl\/?page_id=1225\"> \u2013 KLIKNIJ TUTAJ<\/a><\/strong><\/p>\n<p>Osoby zainteresowane uczestnictwem w projekcie sk\u0142adaj\u0105 dokumenty rekrutacyjne w formie papierowej lub elektronicznej zgodnie z definicj\u0105 skutecznego dor\u0119czenia informacji Beneficjentowi przez kandydata\/tk\u0119 wskazan\u0105 w \u00a7 1 Regulaminu Rekrutacji Uczestnik\u00f3w Projektu.<\/p>\n<p>W II naborze do projektu Lider zakwalifikuje max. 10 os\u00f3b.<\/p>\n<p>Prosimy o zapoznanie si\u0119 z Regulaminem rekrutacji, w szczeg\u00f3lno\u015bci z procedur\u0105 sk\u0142adania formularzy w formie elektronicznej i za po\u015brednictwem poczty tradycyjnej.<\/p>\n<p>Przed z\u0142o\u017ceniem dokument\u00f3w rekrutacyjnych <strong><span style=\"text-decoration: underline;\">zalecamy konsultacje<\/span><\/strong>, kt\u00f3re prowadzone b\u0119d\u0105 telefonicznej, za po\u015brednictwem poczty elektronicznej\/ komunikator\u00f3w\/innych. Form\u0119 i terminy konsultacji prosz\u0119 ustala\u0107 telefonicznie z Liderem.<\/p>\n","protected":false},"excerpt":{"rendered":"<p>\u00a0 \u00a0 \u00a0 \u00a0 \u00a0 \u00a0 \u00a0 \u00a0 \u00a0 \u00a0 \u00a0 \u00a0 \u00a0 \u00a0 \u00a0 \u00a0<\/p>\n","protected":false},"author":2,"featured_media":0,"parent":0,"menu_order":0,"comment_status":"closed","ping_status":"closed","template":"","meta":{"footnotes":""},"class_list":["post-1495","page","type-page","status-publish","hentry"],"_links":{"self":[{"href":"https:\/\/armz.pl\/index.php?rest_route=\/wp\/v2\/pages\/1495","targetHints":{"allow":["GET"]}}],"collection":[{"href":"https:\/\/armz.pl\/index.php?rest_route=\/wp\/v2\/pages"}],"about":[{"href":"https:\/\/armz.pl\/index.php?rest_route=\/wp\/v2\/types\/page"}],"author":[{"embeddable":true,"href":"https:\/\/armz.pl\/index.php?rest_route=\/wp\/v2\/users\/2"}],"replies":[{"embeddable":true,"href":"https:\/\/armz.pl\/index.php?rest_route=%2Fwp%2Fv2%2Fcomments&post=1495"}],"version-history":[{"count":11,"href":"https:\/\/armz.pl\/index.php?rest_route=\/wp\/v2\/pages\/1495\/revisions"}],"predecessor-version":[{"id":1970,"href":"https:\/\/armz.pl\/index.php?rest_route=\/wp\/v2\/pages\/1495\/revisions\/1970"}],"wp:attachment":[{"href":"https:\/\/armz.pl\/index.php?rest_route=%2Fwp%2Fv2%2Fmedia&parent=1495"}],"curies":[{"name":"wp","href":"https:\/\/api.w.org\/{rel}","templated":true}]}}