{"id":1488,"date":"2021-05-27T12:03:21","date_gmt":"2021-05-27T12:03:21","guid":{"rendered":"https:\/\/armz.pl\/?page_id=1488"},"modified":"2021-11-24T12:52:05","modified_gmt":"2021-11-24T12:52:05","slug":"wynik-i-naboru-do-projektu-przedsiebiorca-z-po-werem","status":"publish","type":"page","link":"https:\/\/armz.pl\/?page_id=1488","title":{"rendered":"Wynik I naboru do projektu Przedsi\u0119biorca z PO WERem!"},"content":{"rendered":"<p>Wynik I naboru do projektu Przedsi\u0119biorca z PO WERem!<\/p>\n<p>Wyniki oceny formalnej wniosk\u00f3w z\u0142o\u017conych w I naborze &#8211; <a href=\"https:\/\/armz.pl\/wp-content\/uploads\/2021\/05\/Lista-wnioskow-sprawdzonych-pod-wzgledem-formalnym-1.rtf\">Kliknij tutaj<\/a><\/p>\n<p>Ocena merytoryczna <a href=\"https:\/\/armz.pl\/wp-content\/uploads\/2021\/06\/Ocena-merytoryczna.rtf\">\u00a0&#8211; kliknij tutaj<\/a><\/p>\n<p>Ocena merytoryczna za punktami premuj\u0105cymi <a href=\"https:\/\/armz.pl\/wp-content\/uploads\/2021\/06\/Ocena-merytoryczna-z-punktami-premiujacymi.rtf\">&#8211; kliknij tutaj<\/a><\/p>\n<p>Wyniki oceny predyspozycji kandydat\u00f3w do projektu \u201ePrzedsi\u0119biorca z PO WERem\u201d\u00a0<a href=\"https:\/\/armz.pl\/wp-content\/uploads\/2021\/07\/Tabela-ocena-z-predyspozycji.rtf\">&#8211; kliknij tutaj<\/a><\/p>\n<p>28.06.2021 r. &#8211; Ostateczna lista rankingowa w ramach projektu do projektu \u201ePrzedsi\u0119biorca z PO WERem\u201d <a href=\"https:\/\/armz.pl\/wp-content\/uploads\/2021\/11\/28.06.2021-r.-ostateczna-lista-rankingowa-I-nabor.rtf\">&#8211; kliknij tutaj\u00a0<\/a><\/p>\n<p>Wyniki oceny biznesplan\u00f3w &#8211; <a href=\"https:\/\/armz.pl\/wp-content\/uploads\/2021\/09\/Ocena-biznesplanu-Nabor-I.docx\">Kliknij tutaj<\/a><\/p>\n<p>Lista rankingowa wsparcie pomostowe &#8211; <a href=\"https:\/\/armz.pl\/wp-content\/uploads\/2021\/09\/Lista-rankingowa-WP.docx\">kliknij tutaj<\/a><\/p>\n","protected":false},"excerpt":{"rendered":"<p>Wynik I naboru do projektu Przedsi\u0119biorca z PO WERem! Wyniki oceny formalnej wniosk\u00f3w z\u0142o\u017conych w I<\/p>\n","protected":false},"author":3,"featured_media":0,"parent":0,"menu_order":0,"comment_status":"closed","ping_status":"closed","template":"","meta":{"footnotes":""},"class_list":["post-1488","page","type-page","status-publish","hentry"],"_links":{"self":[{"href":"https:\/\/armz.pl\/index.php?rest_route=\/wp\/v2\/pages\/1488","targetHints":{"allow":["GET"]}}],"collection":[{"href":"https:\/\/armz.pl\/index.php?rest_route=\/wp\/v2\/pages"}],"about":[{"href":"https:\/\/armz.pl\/index.php?rest_route=\/wp\/v2\/types\/page"}],"author":[{"embeddable":true,"href":"https:\/\/armz.pl\/index.php?rest_route=\/wp\/v2\/users\/3"}],"replies":[{"embeddable":true,"href":"https:\/\/armz.pl\/index.php?rest_route=%2Fwp%2Fv2%2Fcomments&post=1488"}],"version-history":[{"count":8,"href":"https:\/\/armz.pl\/index.php?rest_route=\/wp\/v2\/pages\/1488\/revisions"}],"predecessor-version":[{"id":2034,"href":"https:\/\/armz.pl\/index.php?rest_route=\/wp\/v2\/pages\/1488\/revisions\/2034"}],"wp:attachment":[{"href":"https:\/\/armz.pl\/index.php?rest_route=%2Fwp%2Fv2%2Fmedia&parent=1488"}],"curies":[{"name":"wp","href":"https:\/\/api.w.org\/{rel}","templated":true}]}}