{"id":1421,"date":"2021-05-17T19:23:30","date_gmt":"2021-05-17T19:23:30","guid":{"rendered":"https:\/\/armz.pl\/?page_id=1421"},"modified":"2022-06-08T08:18:35","modified_gmt":"2022-06-08T08:18:35","slug":"dotacje","status":"publish","type":"page","link":"https:\/\/armz.pl\/?page_id=1421","title":{"rendered":"Dotacje"},"content":{"rendered":"<p>Agencja Rozwoju Ma\u0142opolski Zachodniej S.A. informuje, \u017ce:<\/p>\n<ul>\n<li>nab\u00f3r wniosk\u00f3w o przyznanie wsparcia finansowego na rozpocz\u0119cie dzia\u0142alno\u015bci gospodarczej wraz z biznesplanem dla I grupy\u00a0 rozpoczyna si\u0119 od 28.05.2021 i potrwa do 11.06.2021<\/li>\n<li>nab\u00f3r wniosk\u00f3w o przyznanie wsparcia finansowego na rozpocz\u0119cie dzia\u0142alno\u015bci gospodarczej wraz z biznesplanem dla II grupy\u00a0 rozpoczyna si\u0119 od 21.06.2021 i potrwa do 02.07.2021<\/li>\n<li>nab\u00f3r wniosk\u00f3w o przyznanie wsparcia finansowego na rozpocz\u0119cie dzia\u0142alno\u015bci gospodarczej wraz z biznesplanem dla III grupy\u00a0 rozpoczyna si\u0119 od 06.07.2021 i potrwa do 19.07.2021<\/li>\n<li>nab\u00f3r wniosk\u00f3w o przyznanie wsparcia finansowego na rozpocz\u0119cie dzia\u0142alno\u015bci gospodarczej wraz z biznesplanem dla IV grupy\u00a0 rozpoczyna si\u0119 od 24.08.2021 i potrwa do 06.09.2021<\/li>\n<li>nab\u00f3r wniosk\u00f3w o przyznanie wsparcia finansowego na rozpocz\u0119cie dzia\u0142alno\u015bci gospodarczej wraz z biznesplanem dla V grupy\u00a0 rozpoczyna si\u0119 od 04.10.2021 i potrwa do 15.10.2021<\/li>\n<li>nab\u00f3r wniosk\u00f3w o przyznanie wsparcia finansowego na rozpocz\u0119cie dzia\u0142alno\u015bci gospodarczej wraz z biznesplanem dla VI grupy\u00a0 rozpoczyna si\u0119 od 25.10.2021 i potrwa do 08.11.2021<\/li>\n<li>nab\u00f3r wniosk\u00f3w o przyznanie wsparcia finansowego na rozpocz\u0119cie dzia\u0142alno\u015bci gospodarczej wraz z biznesplanem dla VII grupy\u00a0 rozpoczyna si\u0119 od 01.12.2021 i potrwa do 14.12.2021<\/li>\n<li>nab\u00f3r wniosk\u00f3w o przyznanie wsparcia finansowego na rozpocz\u0119cie dzia\u0142alno\u015bci gospodarczej wraz z biznesplanem dla VIII grupy\u00a0 rozpoczyna si\u0119 od 23.02.2022 i potrwa do 08.03.2022<\/li>\n<li>nab\u00f3r wniosk\u00f3w o przyznanie wsparcia finansowego na rozpocz\u0119cie dzia\u0142alno\u015bci gospodarczej wraz z biznesplanem dla IX grupy\u00a0 rozpoczyna si\u0119 od 23.05.2022 i potrwa do 03.06.2022.<\/li>\n<\/ul>\n<p>&nbsp;<\/p>\n<p><span data-uw-styling-context=\"true\">Wnioski nale\u017cy sk\u0142ada\u0107 w biurze projektu:<\/span><\/p>\n<p><span data-uw-styling-context=\"true\">Agencja Rozwoju Ma\u0142opolski Zachodniej S.A.<\/span><\/p>\n<p><span data-uw-styling-context=\"true\">ul. Grunwaldzka 5<\/span><\/p>\n<p><span data-uw-styling-context=\"true\">32 \u2013500 Chrzan\u00f3w<\/span><\/p>\n<p><span data-uw-styling-context=\"true\">w godzinach od\u00a0 7:00 do 15:00.<\/span><\/p>\n<p><span data-uw-styling-context=\"true\">Wniosek powinien zosta\u0107 z\u0142o\u017cony przez Uczestnika projektu\u00a0<\/span><span data-uw-styling-context=\"true\">przed zarejestrowaniem dzia\u0142alno\u015bci gospodarczej.<\/span><\/p>\n<p>&nbsp;<\/p>\n<p><strong>Za\u0142\u0105czniki<\/strong><\/p>\n<p><a href=\"https:\/\/armz.pl\/wp-content\/uploads\/2021\/07\/Regulamin-udzielania-wsparcia-finansowego-Nowy-Start-III.pdf\">Regulamin udzielania wsparcia finansowego Nowy Start III<\/a><\/p>\n<p><a href=\"https:\/\/armz.pl\/wp-content\/uploads\/2021\/05\/zal.-1-do-regulaminu-przyznawania-wspracia-finansowego_wniosek-o-przyznanie-wspracia-1.doc\">Za\u0142\u0105cznik 1 do regulaminu przyznawania wsparcia finansowego &#8211; Wniosek o przyznanie wsparcia<\/a><\/p>\n<p><a href=\"https:\/\/armz.pl\/wp-content\/uploads\/2021\/06\/zal.-1-do-wniosku-o-przyznanie-wsparcia-finansowego_biznes-plan.docx\">Za\u0142\u0105cznik 1 do wniosku o\u00a0 przyznanie wsparcia finansowego &#8211; Biznes-plan<\/a><\/p>\n<p><a href=\"https:\/\/armz.pl\/wp-content\/uploads\/2021\/05\/zal.-2-do-regulaminu-przyznawania-wsparcia-finansowego_karta-oceny-formalnej-wniosku.docx\">Za\u0142\u0105cznik 2 do regulaminu przyznawania wsparcia finansowego &#8211; Karta oceny formalnej wniosku<\/a><\/p>\n<p><a href=\"https:\/\/armz.pl\/wp-content\/uploads\/2021\/05\/zal.-2-do-wniosku-o-przyznanie-wsparcia-finansowego_oswiadczenie-o-pomocy-de-minimis.docx\">Za\u0142\u0105cznik 2 do wniosku o przyznanie wsparcia finansowego &#8211; O\u015bwiadczenie o pomocy de minimis<\/a><\/p>\n<p><a href=\"https:\/\/armz.pl\/wp-content\/uploads\/2021\/05\/zal.-3-do-regulaminu-przyznawania-wsparcia-finansowego_karta-oceny-merytorycznej-biznes-planu-1.doc\">Za\u0142\u0105cznik 3 do regulaminu przyznawania wsparcia finansowego &#8211; Karta oceny merytorycznej biznes planu <\/a><\/p>\n<p><a href=\"https:\/\/armz.pl\/wp-content\/uploads\/2021\/05\/zal.-3-do-umowy-o-przyznanie-wsparcia-finansowego_formularz-informacji-de-minimis.xlsx\">Za\u0142\u0105cznik 3 do umowy o przyznanie wsparcia finansowego &#8211; Formularz informacji de minimis<\/a><\/p>\n<p><a href=\"https:\/\/armz.pl\/wp-content\/uploads\/2021\/05\/zal.-3-do-wniosku-o-przyznanie-wsparcia-finansowego_oswiadczenie-uczestnika-projektu.doc\">Za\u0142\u0105cznik 3 do wniosku o przyznanie wsparcia finansowego &#8211; O\u015bwiadczenie uczestnika projektu<\/a><\/p>\n<p><a href=\"https:\/\/armz.pl\/wp-content\/uploads\/2022\/06\/Zalacznik-nr-4-do-Regulaminu-Umowa-o-udzielenie-wsaprcia-finansowego.docx\">Za\u0142\u0105cznik 4 do regulaminu &#8211; Umowa o udzielenie wsparcia finansowego<\/a><\/p>\n<p><a href=\"https:\/\/armz.pl\/wp-content\/uploads\/2021\/05\/zal.-5-do-umowy-o-przyznanie-wsparcia-finansowego_oswiadczenie-uczestnika-projektu.doc\">Za\u0142\u0105cznik 5 do umowy o przyznanie wsparcia finansowego &#8211; O\u015bwiadczenie uczestnika projektu<\/a><\/p>\n<p><strong>Listy<\/strong><\/p>\n<p><a href=\"https:\/\/armz.pl\/wp-content\/uploads\/2021\/08\/Lista-rankingowa-oceny-formalnej-wnioskow-o-przyznanie-wsparcia-finansowego-w-ramach-projektu-Nowy-start-III-I-grupa.docx\">Lista rankingowa oceny formalnej wniosk\u00f3w o przyznanie wsparcia finansowego w ramach projektu Nowy start III &#8211; I grupa<\/a><\/p>\n<p><a href=\"https:\/\/armz.pl\/wp-content\/uploads\/2021\/08\/Lista-rankingowa-oceny-merytorycznej-wnioskow-o-przyznanie-wsparcia-finansowego-w-ramach-projektu-Nowy-start-III-I-grupa.docx\">List<\/a><a href=\"https:\/\/armz.pl\/wp-content\/uploads\/2021\/08\/Lista-rankingowa-oceny-merytorycznej-wnioskow-o-przyznanie-wsparcia-finansowego-w-ramach-projektu-Nowy-start-III-I-grupa.docx\">a rankingowa oceny merytorycznej wniosk\u00f3w o przyznanie wsparcia finansowego w ramach projektu Nowy start III &#8211; I grupa<\/a><\/p>\n<p><a href=\"https:\/\/armz.pl\/wp-content\/uploads\/2021\/08\/Lista-rankingowa-oceny-formalnej-wnioskow-o-przyznanie-wsparcia-finansowego-w-ramach-projektu-Nowy-start-III-II-grupa.docx\">Lista rankingowa oceny formalnej wniosk\u00f3w o przyznanie wsparcia finansowego w ramach projektu Nowy start III &#8211; II grupa<\/a><\/p>\n<p><a href=\"https:\/\/armz.pl\/wp-content\/uploads\/2021\/08\/Lista-rankingowa-oceny-merytorycznej-wnioskow-o-przyznanie-wsparcia-finansowego-w-ramach-projektu-Nowy-start-III-II-grupa.docx\">Lista rankingowa oceny merytorycznej wniosk\u00f3w o przyznanie wsparcia finansowego w ramach projektu Nowy start III &#8211; II grupa<\/a><\/p>\n<p><a href=\"https:\/\/armz.pl\/wp-content\/uploads\/2021\/08\/Lista-rankingowa-oceny-formalnej-wnioskow-o-przyznanie-wsparcia-finansowego-w-ramach-projektu-Nowy-start-III-III-grupa.docx\">Lista rankingowa oceny formalnej wniosk\u00f3w o przyznanie wsparcia finansowego w ramach projektu Nowy start III &#8211; III grupa<\/a><\/p>\n<p><a href=\"https:\/\/armz.pl\/wp-content\/uploads\/2021\/08\/Lista-rankingowa-oceny-merytorycznej-wnioskow-o-przyznanie-wsparcia-finansowego-w-ramach-projektu-Nowy-start-III-III-grupa.docx\">Lista rankingowa oceny merytorycznej wniosk\u00f3w o przyznanie wsparcia finansowego w ramach projektu Nowy start III &#8211; III<\/a><a href=\"https:\/\/armz.pl\/wp-content\/uploads\/2021\/08\/Lista-rankingowa-oceny-merytorycznej-wnioskow-o-przyznanie-wsparcia-finansowego-w-ramach-projektu-Nowy-start-III-III-grupa.docx\"> grupa<\/a><\/p>\n<p><a href=\"https:\/\/armz.pl\/wp-content\/uploads\/2021\/09\/Lista-rankingowa-oceny-formalnej-wnioskow-o-przyznanie-wsparcia-finansowego-w-ramach-projektu-Nowy-start-III-IV-grupa.docx\">Lista rankingowa oceny formalnej wniosk\u00f3w o przyznanie wsparcia finansowego w ramach projektu Nowy start III &#8211; IV grupa<\/a><\/p>\n<p><a href=\"https:\/\/armz.pl\/wp-content\/uploads\/2021\/09\/Lista-rankingowa-oceny-merytorycznej-wnioskow-o-przyznanie-wsparcia-finansowego-w-ramach-projektu-Nowy-start-III-IV-grupa.docx\">Lista rankingowa oceny merytorycznej wniosk\u00f3w o przyznanie wsparcia finansowego w ramach projektu Nowy start III &#8211; IV grupa<\/a><\/p>\n<p><a href=\"https:\/\/armz.pl\/wp-content\/uploads\/2021\/11\/Lista-rankingowa-oceny-formalnej-wnioskow-o-przyznanie-wsparcia-finansowego-w-ramach-projektu-Nowy-start-III-V-grupa.docx\">Lista rankingowa oceny formalnej wniosk\u00f3w o przyznanie wsparcia finansowego w ramach projektu Nowy start III &#8211; V grupa<\/a><\/p>\n<p><a href=\"https:\/\/armz.pl\/wp-content\/uploads\/2021\/11\/Lista-rankingowa-oceny-merytorycznej-wnioskow-o-przyznanie-wsparcia-finansowego-w-ramach-projektu-Nowy-start-III-V-grupa.docx\">Lista rankingowa oceny merytorycznej wniosk\u00f3w o przyznanie wsparcia finansowego w ramach projektu Nowy start III &#8211; V grupa<\/a><\/p>\n<p><a href=\"https:\/\/armz.pl\/wp-content\/uploads\/2021\/11\/Lista-rankingowa-oceny-formalnej-wnioskow-o-przyznanie-wsparcia-finansowego-w-ramach-projektu-Nowy-start-III-VI-grupa.docx\">Lista rankingowa oceny formalnej wniosk\u00f3w o przyznanie wsparcia finansowego w ramach projektu Nowy start III &#8211; VI grupa<\/a><\/p>\n<p><a href=\"https:\/\/armz.pl\/wp-content\/uploads\/2021\/11\/Lista-rankingowa-oceny-merytorycznej-wnioskow-o-przyznanie-wsparcia-finansowego-w-ramach-projektu-Nowy-start-III-VI-grupa.docx\">Lista rankingowa oceny merytorycznej wniosk\u00f3w o przyznanie wsparcia finansowego w ramach projektu Nowy start III &#8211; VI grupa<\/a><\/p>\n<p><a href=\"https:\/\/armz.pl\/wp-content\/uploads\/2022\/01\/Lista-rankingowa-oceny-formalnej-wnioskow-o-przyznanie-wsparcia-finansowego-w-ramach-projektu-Nowy-start-III-VII-grupa.docx\">Lista rankingowa oceny formalnej wniosk\u00f3w o przyznanie wsparcia finansowego w ramach projektu Nowy start III &#8211; VII grupa<\/a><\/p>\n<p><a href=\"https:\/\/armz.pl\/wp-content\/uploads\/2022\/01\/Lista-rankingowa-oceny-merytorycznej-wnioskow-o-przyznanie-wsparcia-finansowego-w-ramach-projektu-Nowy-start-III-VII-grupa.docx\">Lista rankingowa oceny merytorycznej wniosk\u00f3w o przyznanie wsparcia finansowego w ramach projektu Nowy start III &#8211; VII grupa<\/a><\/p>\n<p><a href=\"https:\/\/armz.pl\/wp-content\/uploads\/2022\/04\/Lista-rankingowa-oceny-formalnej-wnioskow-o-przyznanie-wsparcia-finansowego-w-ramach-projektu-Nowy-start-III-VIII-grupa.docx\">Lista rankingowa oceny formalnej wniosk\u00f3w o przyznanie wsparcia finansowego w ramach projektu Nowy start III &#8211; VIII grupa<\/a><\/p>\n<p><a href=\"https:\/\/armz.pl\/wp-content\/uploads\/2022\/04\/Lista-rankingowa-oceny-merytorycznej-wnioskow-o-przyznanie-wsparcia-finansowego-w-ramach-projektu-Nowy-start-III-VIII-grupa.docx\">Lista rankingowa oceny merytorycznej wniosk\u00f3w o przyznanie wsparcia finansowego w ramach projektu Nowy start III &#8211; VIII grupa<\/a><\/p>\n<p><a href=\"https:\/\/armz.pl\/wp-content\/uploads\/2022\/06\/Lista-rankingowa-oceny-formalnej-wnioskow-o-przyznanie-wsparcia-finansowego-w-ramach-projektu-Nowy-start-III-IX-grupa.docx\">Lista rankingowa oceny formalnej wniosk\u00f3w o przyznanie wsparcia finansowego w ramach projektu Nowy start III &#8211; IX grupa<\/a><\/p>\n<p><a href=\"https:\/\/armz.pl\/wp-content\/uploads\/2022\/06\/Lista-rankingowa-oceny-merytorycznej-wnioskow-o-przyznanie-wsparcia-finansowego-w-ramach-projektu-Nowy-start-III-IX.docx\">Lista rankingowa oceny merytorycznej wniosk\u00f3w o przyznanie wsparcia finansowego w ramach projektu Nowy start III &#8211; IX<\/a><\/p>\n<p>&nbsp;<\/p>\n","protected":false},"excerpt":{"rendered":"<p>Agencja Rozwoju Ma\u0142opolski Zachodniej S.A. informuje, \u017ce: nab\u00f3r wniosk\u00f3w o przyznanie wsparcia finansowego na rozpocz\u0119cie dzia\u0142alno\u015bci<\/p>\n","protected":false},"author":1,"featured_media":0,"parent":0,"menu_order":0,"comment_status":"closed","ping_status":"closed","template":"","meta":{"footnotes":""},"class_list":["post-1421","page","type-page","status-publish","hentry"],"_links":{"self":[{"href":"https:\/\/armz.pl\/index.php?rest_route=\/wp\/v2\/pages\/1421","targetHints":{"allow":["GET"]}}],"collection":[{"href":"https:\/\/armz.pl\/index.php?rest_route=\/wp\/v2\/pages"}],"about":[{"href":"https:\/\/armz.pl\/index.php?rest_route=\/wp\/v2\/types\/page"}],"author":[{"embeddable":true,"href":"https:\/\/armz.pl\/index.php?rest_route=\/wp\/v2\/users\/1"}],"replies":[{"embeddable":true,"href":"https:\/\/armz.pl\/index.php?rest_route=%2Fwp%2Fv2%2Fcomments&post=1421"}],"version-history":[{"count":25,"href":"https:\/\/armz.pl\/index.php?rest_route=\/wp\/v2\/pages\/1421\/revisions"}],"predecessor-version":[{"id":2428,"href":"https:\/\/armz.pl\/index.php?rest_route=\/wp\/v2\/pages\/1421\/revisions\/2428"}],"wp:attachment":[{"href":"https:\/\/armz.pl\/index.php?rest_route=%2Fwp%2Fv2%2Fmedia&parent=1421"}],"curies":[{"name":"wp","href":"https:\/\/api.w.org\/{rel}","templated":true}]}}