{"id":13,"date":"2017-11-28T12:40:28","date_gmt":"2017-11-28T12:40:28","guid":{"rendered":"http:\/\/themes.muffingroup.com\/be\/employment\/?page_id=13"},"modified":"2025-04-04T10:11:55","modified_gmt":"2025-04-04T10:11:55","slug":"about-us","status":"publish","type":"page","link":"https:\/\/armz.pl\/?page_id=13","title":{"rendered":"O nas"},"content":{"rendered":"<section class=\"wpb-content-wrapper\"><p>[vc_row][vc_column][vc_column_text]<\/p>\n<h2 style=\"text-align: center;\"><strong>MISJA<\/strong><\/h2>\n<p>[\/vc_column_text][\/vc_column][\/vc_row][vc_row][vc_column width=&#8221;1\/3&#8243;][vc_single_image image=&#8221;118&#8243; img_size=&#8221;full&#8221; alignment=&#8221;center&#8221; style=&#8221;vc_box_shadow_3d&#8221;][\/vc_column][vc_column width=&#8221;2\/3&#8243; css=&#8221;.vc_custom_1614675795619{margin-top: 60px !important;}&#8221;][vc_column_text]<\/p>\n<p style=\"text-align: justify;\"><span style=\"font-size: 12pt;\"><strong>Misj\u0105 Agencji Rozwoju Ma\u0142opolski Zachodniej jest umacnianie regionu jako gospodarczego pomostu \u0142\u0105cz\u0105cego Ma\u0142opolsk\u0119 ze \u015al\u0105skiem poprzez nawi\u0105zywanie i rozwijanie wsp\u00f3\u0142pracy z samorz\u0105dami oraz podejmowanie dzia\u0142a\u0144 wspieraj\u0105cych rozw\u00f3j lokalnego biznesu.<\/strong><\/span><\/p>\n<p><span style=\"font-size: 12pt;\">Anna W\u0142oszek<\/span><br \/>\n<span style=\"font-size: 12pt;\">Prezes Zarz\u0105du ARMZ S.A.<\/span>[\/vc_column_text][\/vc_column][\/vc_row][vc_row][vc_column][vc_column_text]<span style=\"font-size: 12pt;\">Agencja Rozwoju Ma\u0142opolski Zachodniej zosta\u0142a utworzona 16 czerwca 2004r. (wpis do KRS z dnia 30.12.2004r.w S\u0105dzie Rejonowym dla Krakowa \u2013 \u015ar\u00f3dmie\u015bcia w Krakowie XII Wydzia\u0142 Gospodarczy Krajowego Rejestru S\u0105dowego pod numerem 0000225451) w formie Sp\u00f3\u0142ki Akcyjnej.<\/span><\/p>\n<p><span style=\"font-size: 12pt;\">Kapita\u0142 za\u0142o\u017cycielski wynosi\u0142 500.000,00 z\u0142, za\u0142o\u017cycielami ARMZ S.A. byli: Po\u0142udniowy Koncern Energetyczny S.A. z siedzib\u0105 w Katowicach, Rafineria Trzebinia S.A. z siedzib\u0105 w Trzebini, Agencja Rozwoju Przemys\u0142u z siedzib\u0105 w Warszawie, Gmina Trzebinia, Gmina Chrzan\u00f3w, Gmina Libi\u0105\u017c, Agencja Rozwoju Lokalnego S.A. z siedzib\u0105 w Jaworznie, ZGE \u201eJanina\u201d Sp. z o.o. z siedzib\u0105 w Libi\u0105\u017cu.<\/span><\/p>\n<p><span style=\"font-size: 12pt;\">Obecnie kapita\u0142 wynosi 3.066.000,00 z\u0142, a akcjonariuszami s\u0105: Ma\u0142opolska Agencja Rozwoju Regionalnego S.A. z siedzib\u0105 w Krakowie, Gmina Chrzan\u00f3w, Gmina Trzebinia, Gmina Libi\u0105\u017c oraz G\u00f3rno\u015bl\u0105ska Agencja Przedsi\u0119biorczo\u015bci i Rozwoju sp. z o.o. z siedzib\u0105 w Gliwicach.<\/span><\/p>\n<p><span style=\"font-size: 12pt;\">Osob\u0105 statutowo upowa\u017cnion\u0105 do reprezentowania Sp\u00f3\u0142ki jest Prezes Zarz\u0105du \u2013 Pani Anna W\u0142oszek. Sp\u00f3\u0142ka jest instytucj\u0105 otoczenia biznesu.<\/span>[\/vc_column_text][\/vc_column][\/vc_row][vc_row][vc_column][vc_column_text]<span style=\"font-size: 12pt;\">W marcu 2008 r. Agencja Rozwoju Ma\u0142opolski Zachodniej S.A. wprowadzi\u0142a\u00a0<span class=\"bold\">System Zarz\u0105dzania Jako\u015bci\u0105 zgodny z norm\u0105 ISO 9001:2008<\/span>, a od lipca 2008 roku ARMZ S.A. posiada\u00a0<span class=\"bold\">akredytacj\u0119\u00a0<a class=\"link\" href=\"http:\/\/ksu.parp.gov.pl\/pl\">Krajowego Systemu Us\u0142ug<\/a>\u00a0dla M\u015aP<\/span>.<\/span>[\/vc_column_text][\/vc_column][\/vc_row][vc_row][vc_column][vc_column_text]<\/p>\n<div class=\"wpb_text_column wpb_content_element \">\n<div class=\"wpb_wrapper\">\n<p><span style=\"font-size: 12pt;\">Obecnie Sp\u00f3\u0142ka posiada certyfikat ISO w zakresie:<\/span><\/p>\n<\/div>\n<\/div>\n<div class=\"q_list circle normal\">\n<ul class=\"onas_ul\">\n<li><span style=\"font-size: 12pt;\">\u015bwiadczenia us\u0142ug doradczych o charakterze og\u00f3lnym, szkoleniowych, informacyjnych, finansowych \u2013 udzielanie po\u017cyczek<\/span><\/li>\n<\/ul>\n<p><span style=\"font-size: 12pt;\">oraz akredytacj\u0119 Krajowego Systemu Us\u0142ug dla M\u015aP w zakresie us\u0142ug:<\/span><\/p>\n<ul class=\"onas_ul\">\n<li><span style=\"font-size: 12pt;\">doradczych o charakterze og\u00f3lnym,<\/span><\/li>\n<li><span style=\"font-size: 12pt;\">szkoleniowych,<\/span><\/li>\n<li><span style=\"font-size: 12pt;\">informacyjnych,<\/span><\/li>\n<li><span style=\"font-size: 12pt;\">finansowych \u2013 udzielanie po\u017cyczek.<\/span><\/li>\n<\/ul>\n<\/div>\n<p>[\/vc_column_text][\/vc_column][\/vc_row][vc_row][vc_column][vc_column_text]<span style=\"font-size: 12pt;\">Agencja Rozwoju Ma\u0142opolski Zachodniej S.A. prowadzi dzia\u0142alno\u015b\u0107 doradczo-informacyjn\u0105 dla mikro, ma\u0142ych i \u015brednich przedsi\u0119biorstw oraz os\u00f3b zamierzaj\u0105cych rozpocz\u0105\u0107 dzia\u0142alno\u015b\u0107 gospodarcz\u0105.<\/span><\/p>\n<p><span style=\"font-size: 12pt;\">Do zada\u0144 ARMZ S.A. nale\u017cy \u015bwiadczenie us\u0142ug informacyjnych, doradczych, finansowych i szkoleniowych dla mikro, ma\u0142ych i \u015brednich przedsi\u0119biorstw, os\u00f3b planuj\u0105cych podj\u0119cie dzia\u0142alno\u015bci gospodarczej oraz bezrobotnych.<\/span>[\/vc_column_text][\/vc_column][\/vc_row][vc_row][vc_column][vc_column_text]<\/p>\n<div class=\"wpb_text_column wpb_content_element \">\n<div class=\"wpb_wrapper\">\n<h3><span style=\"font-size: 12pt;\"><strong><span class=\"bold\">Zakres dzia\u0142ania Agencji Rozwoju Ma\u0142opolski Zachodniej S.A. obejmuje:<\/span><\/strong><\/span><\/h3>\n<\/div>\n<\/div>\n<div class=\"q_list circle normal\">\n<ul class=\"onas_ul\">\n<li><span style=\"font-size: 12pt;\">doradztwo w zakresie zak\u0142adania i prowadzenia dzia\u0142alno\u015bci gospodarczej oraz zarz\u0105dzania,<\/span><\/li>\n<li><span style=\"font-size: 12pt;\">pomoc w uzyskaniu korzystnych po\u017cyczek i por\u0119cze\u0144 kredytowych, w tym\u00a0Fundusz Po\u017cyczkowy dla M\u015aP,<\/span><\/li>\n<li><span style=\"font-size: 12pt;\">pomoc w zakresie pozyskiwania \u015brodk\u00f3w w ramach funduszy Unii Europejskiej oraz innych zewn\u0119trznych \u017ar\u00f3de\u0142 finansowania dzia\u0142alno\u015bci,<\/span><\/li>\n<li><span style=\"font-size: 12pt;\">dzia\u0142alno\u015b\u0107 szkoleniow\u0105,<\/span><\/li>\n<li><span style=\"font-size: 12pt;\">dzia\u0142alno\u015b\u0107 promocyjn\u0105.<\/span><\/li>\n<\/ul>\n<\/div>\n<p>[\/vc_column_text][\/vc_column][\/vc_row]<\/p>\n<\/section>","protected":false},"excerpt":{"rendered":"<p>[vc_row][vc_column][vc_column_text] MISJA [\/vc_column_text][\/vc_column][\/vc_row][vc_row][vc_column width=&#8221;1\/3&#8243;][vc_single_image image=&#8221;118&#8243; img_size=&#8221;full&#8221; alignment=&#8221;center&#8221; style=&#8221;vc_box_shadow_3d&#8221;][\/vc_column][vc_column width=&#8221;2\/3&#8243; css=&#8221;.vc_custom_1614675795619{margin-top: 60px !important;}&#8221;][vc_column_text] Misj\u0105 Agencji Rozwoju Ma\u0142opolski<\/p>\n","protected":false},"author":2,"featured_media":0,"parent":0,"menu_order":0,"comment_status":"closed","ping_status":"closed","template":"","meta":{"footnotes":""},"class_list":["post-13","page","type-page","status-publish","hentry"],"_links":{"self":[{"href":"https:\/\/armz.pl\/index.php?rest_route=\/wp\/v2\/pages\/13","targetHints":{"allow":["GET"]}}],"collection":[{"href":"https:\/\/armz.pl\/index.php?rest_route=\/wp\/v2\/pages"}],"about":[{"href":"https:\/\/armz.pl\/index.php?rest_route=\/wp\/v2\/types\/page"}],"author":[{"embeddable":true,"href":"https:\/\/armz.pl\/index.php?rest_route=\/wp\/v2\/users\/2"}],"replies":[{"embeddable":true,"href":"https:\/\/armz.pl\/index.php?rest_route=%2Fwp%2Fv2%2Fcomments&post=13"}],"version-history":[{"count":3,"href":"https:\/\/armz.pl\/index.php?rest_route=\/wp\/v2\/pages\/13\/revisions"}],"predecessor-version":[{"id":3608,"href":"https:\/\/armz.pl\/index.php?rest_route=\/wp\/v2\/pages\/13\/revisions\/3608"}],"wp:attachment":[{"href":"https:\/\/armz.pl\/index.php?rest_route=%2Fwp%2Fv2%2Fmedia&parent=13"}],"curies":[{"name":"wp","href":"https:\/\/api.w.org\/{rel}","templated":true}]}}