{"id":1229,"date":"2021-04-26T09:25:34","date_gmt":"2021-04-26T09:25:34","guid":{"rendered":"https:\/\/armz.pl\/?page_id=1229"},"modified":"2022-01-25T11:09:43","modified_gmt":"2022-01-25T11:09:43","slug":"przedsiebiorca-z-po-werem-wsparcie-pomostowe","status":"publish","type":"page","link":"https:\/\/armz.pl\/?page_id=1229","title":{"rendered":"Przedsi\u0119biorca z PO WEREM! &#8211; Wsparcie pomostowe"},"content":{"rendered":"<p><span style=\"font-family: tahoma, arial, helvetica, sans-serif; font-size: 12pt;\"><strong>Przedsi\u0119biorca z PO WERem!<\/strong><\/span><\/p>\n<p><span style=\"font-family: tahoma, arial, helvetica, sans-serif; font-size: 12pt;\">Wsparcie pomostowe ma na celu u\u0142atwienie pocz\u0105tkuj\u0105cemu podmiotowi prowadz\u0105cemu dzia\u0142alno\u015b\u0107 gospodarcz\u0105 pokrycie wydatk\u00f3w koniecznych do poniesienia w pierwszym okresie prowadzenia dzia\u0142alno\u015bci.\u00a0<\/span><\/p>\n<p><span style=\"font-family: tahoma, arial, helvetica, sans-serif; font-size: 12pt;\">Wsparcie pomostowe udzielane jest w postaci finansowego wsparcia pomostowego w wysoko\u015bci: \u00a0\u015brednio 1 200 z\u0142\/m-c (z zastrze\u017ceniem, \u017ce wsparcie nie przekroczy 1 300 z\u0142\/m-cznie) na Uczestnika Projektu, udzielane w okresie do 6 miesi\u0119cy od dnia rozpocz\u0119cia dzia\u0142alno\u015bci gospodarczej. Wyp\u0142acane, co do zasady w miesi\u0119cznych ratach.<\/span><\/p>\n<p><span style=\"font-family: tahoma, arial, helvetica, sans-serif; font-size: 12pt;\">Ka\u017cdy Uczestnik\/czka projektu, kt\u00f3ry otrzyma\u0142\/a wsparcie finansowe na za\u0142o\u017cenie w\u0142asnej dzia\u0142alno\u015bci gospodarczej oraz rozpocz\u0105\u0142\/\u0142a dzia\u0142alno\u015b\u0107 gospodarcz\u0105 w ramach projektu ma mo\u017cliwo\u015b\u0107 ubiega\u0107 si\u0119 o przyznanie wsparcia pomostowego (tj. z\u0142o\u017cenia Wniosku o przyznanie wsparcia pomostowego) oraz otrzymywania tego wsparcia w okresie do 6 miesi\u0119cy od dnia rozpocz\u0119cia dzia\u0142alno\u015bci.<\/span><\/p>\n<p><span style=\"font-family: tahoma, arial, helvetica, sans-serif; font-size: 12pt;\">Wsparcie pomostowe jest przyznawane wy\u0142\u0105cznie w kwocie netto (bez podatku VAT).<\/span><\/p>\n<p><span style=\"font-family: tahoma, arial, helvetica, sans-serif; font-size: 12pt;\">Dokumenty:<\/span><\/p>\n<p><span style=\"font-family: tahoma, arial, helvetica, sans-serif; font-size: 12pt; color: #0000ff;\"><a style=\"color: #0000ff;\" href=\"https:\/\/armz.pl\/wp-content\/uploads\/2021\/04\/zal.-1-do-wniosku-o-wspracie-pomostowe-oswiadczenie-o-pomocy-de-minimis.docx\">Za\u0142\u0105cznik nr 1 do wniosku o wsparcie pomostowe &#8211; o\u015bwiadczenie o pomocy de minimis<\/a><\/span><\/p>\n<p><span style=\"font-family: tahoma, arial, helvetica, sans-serif; font-size: 12pt; color: #0000ff;\"><a style=\"color: #0000ff;\" href=\"https:\/\/armz.pl\/wp-content\/uploads\/2021\/04\/zal.-2-do-wniosku-o-wsparcie-pomosotowe-formularz-pomocy.xlsx\">Za\u0142\u0105cznik nr 2 do wniosku o wsparcie pomostowe formularz pomocy<\/a><\/span><\/p>\n<p><span style=\"font-family: tahoma, arial, helvetica, sans-serif; font-size: 12pt; color: #0000ff;\"><span style=\"text-decoration: underline;\">Za\u0142\u0105cznik<\/span><a style=\"color: #0000ff;\" href=\"https:\/\/armz.pl\/wp-content\/uploads\/2021\/09\/zal.-3-do-wniosku-o-wsparcie-pomostwe-zestawienie.docx\"> nr 3 do wniosku o wsparcie pomostowe zestawienie planowanych wydatk\u00f3w<\/a><\/span><\/p>\n<p><span style=\"font-family: tahoma, arial, helvetica, sans-serif; font-size: 12pt; color: #0000ff;\"><a style=\"color: #0000ff;\" href=\"https:\/\/armz.pl\/wp-content\/uploads\/2021\/11\/zal.-3-do-wniosku-o-wsparcie-pomostowe-szegolowe-zestawienie-wydatkow_Przedsiebiorca-z-PO-WERem-2.xlsx\">Wsparcie pomostowe &#8211; szczeg\u00f3\u0142owe zestawienie poniesionych wydatk\u00f3w<\/a><\/span><\/p>\n<p><span style=\"font-family: tahoma, arial, helvetica, sans-serif; font-size: 12pt; color: #0000ff;\"><a style=\"color: #0000ff;\" href=\"https:\/\/armz.pl\/wp-content\/uploads\/2021\/09\/zal.-4-do-Reg.-Wniosek-o-przyznanie-wsparcia-pomostowego-finansowego.docx\">Za\u0142\u0105cznik nr 4 do Regulaminu &#8211; Wniosek o przyznanie wsparcia pomostowego finansowego<\/a><\/span><\/p>\n<p><span style=\"font-family: tahoma, arial, helvetica, sans-serif; font-size: 12pt; color: #0000ff;\"><a style=\"color: #0000ff;\" href=\"https:\/\/armz.pl\/wp-content\/uploads\/2021\/04\/zal.-5a-karta-oceny-formalnej.docx\">Za\u0142\u0105cznik nr 5a &#8211; karta oceny formalnej<\/a><\/span><\/p>\n<p><span style=\"font-family: tahoma, arial, helvetica, sans-serif; font-size: 12pt; color: #0000ff;\"><a style=\"color: #0000ff;\" href=\"https:\/\/armz.pl\/wp-content\/uploads\/2021\/04\/zal.-5b-karta-oceny-merytorycznej.docx\">Za\u0142\u0105cznik nr 5b &#8211; karta oceny merytorycznej<\/a><\/span><\/p>\n<p><span style=\"font-family: tahoma, arial, helvetica, sans-serif; font-size: 12pt; color: #0000ff;\"><a style=\"color: #0000ff;\" href=\"https:\/\/armz.pl\/wp-content\/uploads\/2021\/04\/zal.-4-do-wniosku-o-wsparcie-pomostowe-oswiadczenie.docx\">Za\u0142\u0105cznik nr 4 do wniosku o wsparcie pomostowe &#8211; o\u015bwiadczenie<\/a><\/span><\/p>\n<p><span style=\"font-family: tahoma, arial, helvetica, sans-serif; font-size: 12pt; color: #0000ff;\"><span style=\"text-decoration: underline;\">Za\u0142\u0105cznik nr 5 do Regulaminu<a style=\"color: #0000ff; text-decoration: underline;\" href=\"https:\/\/armz.pl\/wp-content\/uploads\/2022\/01\/NOWY-WZOR-UMOWA-o-wsparcie-pomostowe-zal.-5-24.01.2022-1.docx\"> &#8211; Umowa o wsparcie pomostowe <\/a><\/span><\/span><\/p>\n<p>&nbsp;<\/p>\n<p>&nbsp;<\/p>\n","protected":false},"excerpt":{"rendered":"<p>Przedsi\u0119biorca z PO WERem! Wsparcie pomostowe ma na celu u\u0142atwienie pocz\u0105tkuj\u0105cemu podmiotowi prowadz\u0105cemu dzia\u0142alno\u015b\u0107 gospodarcz\u0105 pokrycie<\/p>\n","protected":false},"author":3,"featured_media":0,"parent":0,"menu_order":0,"comment_status":"closed","ping_status":"closed","template":"","meta":{"footnotes":""},"class_list":["post-1229","page","type-page","status-publish","hentry"],"_links":{"self":[{"href":"https:\/\/armz.pl\/index.php?rest_route=\/wp\/v2\/pages\/1229","targetHints":{"allow":["GET"]}}],"collection":[{"href":"https:\/\/armz.pl\/index.php?rest_route=\/wp\/v2\/pages"}],"about":[{"href":"https:\/\/armz.pl\/index.php?rest_route=\/wp\/v2\/types\/page"}],"author":[{"embeddable":true,"href":"https:\/\/armz.pl\/index.php?rest_route=\/wp\/v2\/users\/3"}],"replies":[{"embeddable":true,"href":"https:\/\/armz.pl\/index.php?rest_route=%2Fwp%2Fv2%2Fcomments&post=1229"}],"version-history":[{"count":9,"href":"https:\/\/armz.pl\/index.php?rest_route=\/wp\/v2\/pages\/1229\/revisions"}],"predecessor-version":[{"id":2122,"href":"https:\/\/armz.pl\/index.php?rest_route=\/wp\/v2\/pages\/1229\/revisions\/2122"}],"wp:attachment":[{"href":"https:\/\/armz.pl\/index.php?rest_route=%2Fwp%2Fv2%2Fmedia&parent=1229"}],"curies":[{"name":"wp","href":"https:\/\/api.w.org\/{rel}","templated":true}]}}